{"id":2791,"date":"2021-12-23T07:05:33","date_gmt":"2021-12-23T07:05:33","guid":{"rendered":"https:\/\/shop.xn--altmhl-bogensport-52b.de\/?post_type=product&#038;p=2791"},"modified":"2025-01-26T11:33:00","modified_gmt":"2025-01-26T11:33:00","slug":"carbonpfeil-frontier-4-zoll-parabolbefiederung","status":"publish","type":"product","link":"https:\/\/shop.xn--altmhl-bogensport-52b.de\/?product=carbonpfeil-frontier-4-zoll-parabolbefiederung","title":{"rendered":"Carbonpfeil Frontier, 4 Zoll Parabolbefiederung"},"content":{"rendered":"<h2>Carbonpfeil Frontier, 4 Zoll Parabolbefiederung<\/h2>\n<p><em>Der\u00a0<strong>Carbonpfeil<\/strong>\u00a0Frontier\u00a0<\/em>wird mit einem schwarzen Frontier\u00a0<em>Carbonpfeil<\/em>\u00a0&#8211; Schaft von Skylon angefertigt und hat einen Innendurchmesser von 6,2mm.<\/p>\n<p>Der Schaft ist 33&#8243; lang. Insert und Spitze liegen lose bei, gern k\u00fcrzen wir den Schaft auf Ihre Wunschl\u00e4nge.<\/p>\n<p>Nocke und 4 Zoll Parabolnaturfedern sind bereits montiert<\/p>\n<p>Ein ausgezeichneter\u00a0<em>Carbonpfeil<\/em>\u00a0f\u00fcr Bogensch\u00fctzen, die auf H\u00f6chstgeschwindigkeit und maximale Treffergenauigkeit z\u00e4hlen.<\/p>\n<p>Die Nocken- als auch Federfarbe kann vom Produktbild abweichen!<\/p>\n<p>Bei diesem Pfeil k\u00f6nnen wir auf die Federfarben keinen Einflu\u00df nehmen.<\/p>\n<p>&nbsp;<\/p>\n<table class=\"table table-sm\">\n<tbody>\n<tr class=\"attr-custom\">\n<td><b>Herstellerangaben<\/b>:<\/td>\n<td class=\"attr-value\"><strong>Herstellername:<\/strong><br \/>\nWeiHai AnPu Composite Co.<br \/>\n<strong>Anschrift:<\/strong><br \/>\nLtd WenDeng, WeiHai, ShanDong 264400<br \/>\n<strong>Herkunftsland:<\/strong><br \/>\nChina<br \/>\n<strong>Webseite:<\/strong><br \/>\nhttps:\/\/www.skylonarchery.com\/<br \/>\n<strong>Kontakt:<\/strong><br \/>\ncontact@skylonarchery.com<br \/>\n<strong>Marke:<\/strong><br \/>\nSkylon Archery<\/td>\n<\/tr>\n<tr class=\"attr-custom\">\n<td><b>Verantwortliche Person<\/b>:<\/td>\n<td class=\"attr-value\"><strong>verantwortliche Person:<\/strong><br \/>\nNV S.S.A. Sporting Goods<br \/>\n<strong>Anschrift:<\/strong><br \/>\nNeringstraat 2, 8370 Blankenberge, Belgien<br \/>\n<strong>Herkunftsland:<\/strong><br \/>\nBelgien<br \/>\n<strong>Kontakt:<\/strong><br \/>\nhttps:\/\/www.ssa-archery.com\/de-de\/contact-us<\/td>\n<\/tr>\n<\/tbody>\n<\/table>\n","protected":false},"excerpt":{"rendered":"<p>Skylon Frontier Carbonpfeil<\/p>\n","protected":false},"featured_media":2792,"comment_status":"open","ping_status":"closed","template":"","meta":[],"product_brand":[],"product_cat":[804,86],"product_tag":[543,803,72,112],"class_list":{"0":"post-2791","1":"product","2":"type-product","3":"status-publish","4":"has-post-thumbnail","6":"product_cat-standard-carbonpfeil","7":"product_cat-carbonpfeil","8":"product_tag-fertigpfeil","9":"product_tag-frontier","10":"product_tag-carbonschaft","11":"product_tag-naturfeder","13":"first","14":"instock","15":"taxable","16":"shipping-taxable","17":"purchasable","18":"product-type-variable"},"_links":{"self":[{"href":"https:\/\/shop.xn--altmhl-bogensport-52b.de\/index.php?rest_route=\/wp\/v2\/product\/2791","targetHints":{"allow":["GET"]}}],"collection":[{"href":"https:\/\/shop.xn--altmhl-bogensport-52b.de\/index.php?rest_route=\/wp\/v2\/product"}],"about":[{"href":"https:\/\/shop.xn--altmhl-bogensport-52b.de\/index.php?rest_route=\/wp\/v2\/types\/product"}],"replies":[{"embeddable":true,"href":"https:\/\/shop.xn--altmhl-bogensport-52b.de\/index.php?rest_route=%2Fwp%2Fv2%2Fcomments&post=2791"}],"wp:featuredmedia":[{"embeddable":true,"href":"https:\/\/shop.xn--altmhl-bogensport-52b.de\/index.php?rest_route=\/wp\/v2\/media\/2792"}],"wp:attachment":[{"href":"https:\/\/shop.xn--altmhl-bogensport-52b.de\/index.php?rest_route=%2Fwp%2Fv2%2Fmedia&parent=2791"}],"wp:term":[{"taxonomy":"product_brand","embeddable":true,"href":"https:\/\/shop.xn--altmhl-bogensport-52b.de\/index.php?rest_route=%2Fwp%2Fv2%2Fproduct_brand&post=2791"},{"taxonomy":"product_cat","embeddable":true,"href":"https:\/\/shop.xn--altmhl-bogensport-52b.de\/index.php?rest_route=%2Fwp%2Fv2%2Fproduct_cat&post=2791"},{"taxonomy":"product_tag","embeddable":true,"href":"https:\/\/shop.xn--altmhl-bogensport-52b.de\/index.php?rest_route=%2Fwp%2Fv2%2Fproduct_tag&post=2791"}],"curies":[{"name":"wp","href":"https:\/\/api.w.org\/{rel}","templated":true}]}}