{"id":2750,"date":"2021-12-22T13:39:46","date_gmt":"2021-12-22T13:39:46","guid":{"rendered":"https:\/\/shop.xn--altmhl-bogensport-52b.de\/?post_type=product&#038;p=2750"},"modified":"2025-01-26T11:34:04","modified_gmt":"2025-01-26T11:34:04","slug":"skylon-edge-6-2-komplettpfeil-mit-naturfedern-sonderform-firefly","status":"publish","type":"product","link":"https:\/\/shop.xn--altmhl-bogensport-52b.de\/?product=skylon-edge-6-2-komplettpfeil-mit-naturfedern-sonderform-firefly","title":{"rendered":"Skylon Edge 6.2 Komplettpfeil mit Naturfedern Sonderform Firefly"},"content":{"rendered":"<p>F\u00fcr diesen Carbonpfeil dient der Skylon Edge Schaft als wichtigste Grundlage.<\/p>\n<p>Wir achten beim Bau unserer Sonderpfeile darauf, da\u00df die Pfeile mit gr\u00f6\u00dft m\u00f6glicher Sorgfalt f\u00fcr Sie angefertigt werden. Schlie\u00dflich ist der Pfeil eine wichtige Grundlage f\u00fcr den erfolgreichen Schu\u00df.<\/p>\n<p>Dieser Carbonpfeil ist mit hochwertigen und sch\u00f6nen Naturfedern <strong>4-fach<\/strong> befiedert.<\/p>\n<p>Innenma\u00df sind 6,2mm bzw 0.244&#8243;, somit passen alle Komponenten von Bearpaw, Easton oder Skylon.<\/p>\n<p>Wir bieten hier 12 Stk dieser Pfeile an, die Besonderheit ist die Federform &#8220;Firefly&#8221; in 3 Zoll, hier in der Farbgebung <strong>T\u00fcrkis<\/strong>.<\/p>\n<ul>\n<li>Spinewerte\u00a0 600<\/li>\n<li>Rundlauf: 005<\/li>\n<li>Qualit\u00e4t: 100% Carbon<\/li>\n<li>Optik: Carbon schwarz<\/li>\n<li>Befiederung: Bearpaw Naturfedern<\/li>\n<li>Lieferumfang: Komplett befiedert,\u00a0 Nocke in schwarz, Silberfarbenes Cresting<\/li>\n<li>Insert (beiliegend), Schraubspitze 100gr (beiliegend), Protectorring ( beiliegend)\u00a0 oder auf Wunsch eingeklebt.<\/li>\n<li>Der Schaft hat eine L\u00e4nge von 33 Zoll, gern k\u00fcrzen wir diesen auf Ihre Wunschl\u00e4nge<\/li>\n<\/ul>\n<p>&nbsp;<\/p>\n<p>Diese Pfeile sind lagernd und somit lieferbar.<\/p>\n<p>Sollten sie eine andere Federfarbe oder Spinewert w\u00fcnschen, fragen sie gern bei uns an.<\/p>\n<p>&nbsp;<\/p>\n<table class=\"table table-sm\">\n<tbody>\n<tr class=\"attr-custom\">\n<td><b>Herstellerangaben<\/b>:<\/td>\n<td class=\"attr-value\"><strong>Herstellername:<\/strong><br \/>\nWeiHai AnPu Composite Co.<br \/>\n<strong>Anschrift:<\/strong><br \/>\nLtd WenDeng, WeiHai, ShanDong 264400<br \/>\n<strong>Herkunftsland:<\/strong><br \/>\nChina<br \/>\n<strong>Webseite:<\/strong><br \/>\nhttps:\/\/www.skylonarchery.com\/<br \/>\n<strong>Kontakt:<\/strong><br \/>\ncontact@skylonarchery.com<br \/>\n<strong>Marke:<\/strong><br \/>\nSkylon Archery<\/td>\n<\/tr>\n<tr class=\"attr-custom\">\n<td><b>Verantwortliche Person<\/b>:<\/td>\n<td class=\"attr-value\"><strong>verantwortliche Person:<\/strong><br \/>\nNV S.S.A. Sporting Goods<br \/>\n<strong>Anschrift:<\/strong><br \/>\nNeringstraat 2, 8370 Blankenberge, Belgien<br \/>\n<strong>Herkunftsland:<\/strong><br \/>\nBelgien<br \/>\n<strong>Kontakt:<\/strong><br \/>\nhttps:\/\/www.ssa-archery.com\/de-de\/contact-us<\/td>\n<\/tr>\n<\/tbody>\n<\/table>\n<p>&nbsp;<\/p>\n","protected":false},"excerpt":{"rendered":"<p>Fertigpfeil Skylon Edge 600 Firefly<\/p>\n","protected":false},"featured_media":2755,"comment_status":"open","ping_status":"closed","template":"","meta":[],"product_brand":[],"product_cat":[86,946],"product_tag":[396,543,791,792,793],"class_list":{"0":"post-2750","1":"product","2":"type-product","3":"status-publish","4":"has-post-thumbnail","6":"product_cat-carbonpfeil","7":"product_cat-custompfeil-sonderanfertigung","8":"product_tag-skylon","9":"product_tag-fertigpfeil","10":"product_tag-firefly","11":"product_tag-edge","12":"product_tag-6-2mm","14":"first","15":"instock","16":"taxable","17":"shipping-taxable","18":"purchasable","19":"product-type-simple"},"_links":{"self":[{"href":"https:\/\/shop.xn--altmhl-bogensport-52b.de\/index.php?rest_route=\/wp\/v2\/product\/2750","targetHints":{"allow":["GET"]}}],"collection":[{"href":"https:\/\/shop.xn--altmhl-bogensport-52b.de\/index.php?rest_route=\/wp\/v2\/product"}],"about":[{"href":"https:\/\/shop.xn--altmhl-bogensport-52b.de\/index.php?rest_route=\/wp\/v2\/types\/product"}],"replies":[{"embeddable":true,"href":"https:\/\/shop.xn--altmhl-bogensport-52b.de\/index.php?rest_route=%2Fwp%2Fv2%2Fcomments&post=2750"}],"wp:featuredmedia":[{"embeddable":true,"href":"https:\/\/shop.xn--altmhl-bogensport-52b.de\/index.php?rest_route=\/wp\/v2\/media\/2755"}],"wp:attachment":[{"href":"https:\/\/shop.xn--altmhl-bogensport-52b.de\/index.php?rest_route=%2Fwp%2Fv2%2Fmedia&parent=2750"}],"wp:term":[{"taxonomy":"product_brand","embeddable":true,"href":"https:\/\/shop.xn--altmhl-bogensport-52b.de\/index.php?rest_route=%2Fwp%2Fv2%2Fproduct_brand&post=2750"},{"taxonomy":"product_cat","embeddable":true,"href":"https:\/\/shop.xn--altmhl-bogensport-52b.de\/index.php?rest_route=%2Fwp%2Fv2%2Fproduct_cat&post=2750"},{"taxonomy":"product_tag","embeddable":true,"href":"https:\/\/shop.xn--altmhl-bogensport-52b.de\/index.php?rest_route=%2Fwp%2Fv2%2Fproduct_tag&post=2750"}],"curies":[{"name":"wp","href":"https:\/\/api.w.org\/{rel}","templated":true}]}}