{"id":2655,"date":"2021-12-18T08:44:05","date_gmt":"2021-12-18T08:44:05","guid":{"rendered":"https:\/\/shop.xn--altmhl-bogensport-52b.de\/?post_type=product&#038;p=2655"},"modified":"2024-12-15T12:19:56","modified_gmt":"2024-12-15T12:19:56","slug":"eburon-phantom-jagd-mittelteil","status":"publish","type":"product","link":"https:\/\/shop.xn--altmhl-bogensport-52b.de\/?product=eburon-phantom-jagd-mittelteil","title":{"rendered":"EBURON &#8220;PHANTOM&#8221; Jagd-Mittelteil Takedown"},"content":{"rendered":"<div class=\"content--title\">Produktinformationen &#8220;Eburon Phantom TD Mittelteil&#8221;<\/div>\n<div class=\"product--description\">\n<p>Mittelteil f\u00fcr Take-Down-Recurvebogen Eburon Phantom aus hochwertigen H\u00f6lzern; Padouk, White Oak &amp; Hard Maple.<\/p>\n<p>L\u00e4nge: 20&#8243;<br \/>\nVerf\u00fcgbar in RH &amp; LH<\/p>\n<p>Mit den Eburon Phantom Wurfarmen ergibt sich ein 62&#8243; gro\u00dfer Jagdbogen.<\/p>\n<p>Das sch\u00f6ne Eburon Mittelteil ist leicht transportierbar und f\u00fcr Bogensport Anf\u00e4nger und Profis gleicherma\u00dfen geeignet.<br \/>\nDas Griffst\u00fcck ist mit Zierlaminaten verarbeitet und\u00a0verf\u00fcgt \u00fcber Schraubbuchsen zur Montage von Visier, Stabilisator, Button und Pfeilauflage.<\/p>\n<\/div>\n<p>Auf dieses Griffst\u00fcck lassen sich z.B. auch Wurfarme vom Ragim Matrix oder Core pulse Bogen verschrauben.<\/p>\n","protected":false},"excerpt":{"rendered":"<p>Mittelteil Eburon Phantom<\/p>\n","protected":false},"featured_media":2656,"comment_status":"open","ping_status":"closed","template":"","meta":[],"product_brand":[],"product_cat":[183],"product_tag":[776,777,1380,52,185],"class_list":{"0":"post-2655","1":"product","2":"type-product","3":"status-publish","4":"has-post-thumbnail","6":"product_cat-mittelteil","7":"product_tag-phantom","8":"product_tag-eburon","9":"product_tag-dreambow","10":"product_tag-takedown","11":"product_tag-griffstueck","13":"first","14":"onbackorder","15":"taxable","16":"shipping-taxable","17":"purchasable","18":"product-type-variable"},"_links":{"self":[{"href":"https:\/\/shop.xn--altmhl-bogensport-52b.de\/index.php?rest_route=\/wp\/v2\/product\/2655","targetHints":{"allow":["GET"]}}],"collection":[{"href":"https:\/\/shop.xn--altmhl-bogensport-52b.de\/index.php?rest_route=\/wp\/v2\/product"}],"about":[{"href":"https:\/\/shop.xn--altmhl-bogensport-52b.de\/index.php?rest_route=\/wp\/v2\/types\/product"}],"replies":[{"embeddable":true,"href":"https:\/\/shop.xn--altmhl-bogensport-52b.de\/index.php?rest_route=%2Fwp%2Fv2%2Fcomments&post=2655"}],"wp:featuredmedia":[{"embeddable":true,"href":"https:\/\/shop.xn--altmhl-bogensport-52b.de\/index.php?rest_route=\/wp\/v2\/media\/2656"}],"wp:attachment":[{"href":"https:\/\/shop.xn--altmhl-bogensport-52b.de\/index.php?rest_route=%2Fwp%2Fv2%2Fmedia&parent=2655"}],"wp:term":[{"taxonomy":"product_brand","embeddable":true,"href":"https:\/\/shop.xn--altmhl-bogensport-52b.de\/index.php?rest_route=%2Fwp%2Fv2%2Fproduct_brand&post=2655"},{"taxonomy":"product_cat","embeddable":true,"href":"https:\/\/shop.xn--altmhl-bogensport-52b.de\/index.php?rest_route=%2Fwp%2Fv2%2Fproduct_cat&post=2655"},{"taxonomy":"product_tag","embeddable":true,"href":"https:\/\/shop.xn--altmhl-bogensport-52b.de\/index.php?rest_route=%2Fwp%2Fv2%2Fproduct_tag&post=2655"}],"curies":[{"name":"wp","href":"https:\/\/api.w.org\/{rel}","templated":true}]}}