{"id":264,"date":"2019-10-13T17:36:38","date_gmt":"2019-10-13T17:36:38","guid":{"rendered":"http:\/\/shop.xn--altmhl-bogensport-52b.de\/?post_type=product&#038;p=264"},"modified":"2026-03-25T13:41:36","modified_gmt":"2026-03-25T13:41:36","slug":"bearpaw-schiesshandschuh-black-glove","status":"publish","type":"product","link":"https:\/\/shop.xn--altmhl-bogensport-52b.de\/?product=bearpaw-schiesshandschuh-black-glove","title":{"rendered":"BEARPAW Schie\u00dfhandschuh Black Glove"},"content":{"rendered":"<div class=\"col-xs-12\">\n<div id=\"tab-description\" class=\"s360-article-detail-panel s360-vertical-nav-anchor\">\n<div class=\"s360-article-detail-panel-content desc\">\n<p><b>Der Black Glove ist ein legend\u00e4rer Schie\u00dfhandschuh<\/b><\/p>\n<p>Mit diesem Schie\u00dfhandschuh sind wir neue Wege gegangen. Als Grundlage haben wir ein atmungsaktives Funktionsmaterial verwendet, das wind- und wasserabweisend ist.Dieses Basismaterial garantiert einen hohen Tragekomfort. Das weiche und geschmeidige Material passt sich der Hand perfekt an. Die Fingertips sind mit dem Bearpaw X 8 Textile belegt und garantieren so ein schnelles L\u00f6sen der Sehne im Schu\u00df. Bei Regenwetter h\u00e4lt der Black Glove ihre Hand warm und trocken. Auf das tolle Schu\u00dfverhalten des X8 Textile Materials k\u00f6nnen sie sich selbst bei starker N\u00e4sse verlassen. Der Ablass der Sehne bleibt perfekt!<\/p>\n<ul>\n<li>Gr\u00f6\u00dfen: S, M, L, XL<\/li>\n<li>Material Handschuh: Wind- und wasserabweisendes Funktionsmaterial, atmungsaktiv<\/li>\n<li>Material Fingertips: Bearpaw X 8 Textile<\/li>\n<\/ul>\n<\/div>\n<\/div>\n<\/div>\n<div class=\"col-xs-12\">\n<div id=\"tab-attributes\" class=\"s360-article-detail-panel s360-vertical-nav-anchor\">\n<div class=\"s360-article-detail-panel-content\">\n<div class=\"product-attributes\">\n<div class=\"row attr-characteristic\">\n<div class=\"col-xs-6 col-sm-3 attr-label word-break\">Hand: Beidh\u00e4ndig zu verwenden<\/div>\n<\/div>\n<div class=\"row attr-characteristic\">\n<div class=\"col-xs-6 col-sm-3 attr-label word-break\"><\/div>\n<\/div>\n<div class=\"row attr-characteristic\">\n<div class=\"col-xs-6 col-sm-3 attr-label word-break\">Verschluss: Klett<\/div>\n<\/div>\n<\/div>\n<\/div>\n<\/div>\n<div><\/div>\n<div id=\"tab-attributes\" class=\"s360-article-detail-panel s360-vertical-nav-anchor\">\n<div class=\"s360-article-detail-panel-content\">\n<div class=\"product-attributes\">\n<div class=\"col-xs-6 col-sm-9 attr-value\">\n<table class=\"table table-sm\">\n<tbody>\n<tr class=\"attr-custom\">\n<td class=\"attr-value\"><strong>Herstellername:<\/strong><br \/>\nBEARPAW GmbH<br \/>\n<strong>Anschrift:<\/strong><br \/>\nHannebach 30, 96269 Rossach<br \/>\n<strong>Herkunftsland:<\/strong><br \/>\nDeutschland<br \/>\n<strong>Webseite:<\/strong><br \/>\nhttps:\/\/www.bearpaw-products.de\/<br \/>\n<strong>Kontakt:<\/strong><br \/>\ninfo@bearpaw-products.com<br \/>\n<strong>Marke:<\/strong><br \/>\nBearpaw Products<\/td>\n<\/tr>\n<\/tbody>\n<\/table>\n<\/div>\n<\/div>\n<\/div>\n<\/div>\n<\/div>\n","protected":false},"excerpt":{"rendered":"<p>Bearpaw Speed Glove<\/p>\n","protected":false},"featured_media":5761,"comment_status":"open","ping_status":"closed","template":"","meta":[],"product_brand":[],"product_cat":[100,163],"product_tag":[101,105,763,30],"class_list":{"0":"post-264","1":"product","2":"type-product","3":"status-publish","4":"has-post-thumbnail","6":"product_cat-handschuhe","7":"product_cat-sale","8":"product_tag-handschuh","9":"product_tag-speed-glove","10":"product_tag-black-glove","11":"product_tag-bearpaw","13":"first","14":"instock","15":"sale","16":"taxable","17":"shipping-taxable","18":"purchasable","19":"product-type-variable"},"_links":{"self":[{"href":"https:\/\/shop.xn--altmhl-bogensport-52b.de\/index.php?rest_route=\/wp\/v2\/product\/264","targetHints":{"allow":["GET"]}}],"collection":[{"href":"https:\/\/shop.xn--altmhl-bogensport-52b.de\/index.php?rest_route=\/wp\/v2\/product"}],"about":[{"href":"https:\/\/shop.xn--altmhl-bogensport-52b.de\/index.php?rest_route=\/wp\/v2\/types\/product"}],"replies":[{"embeddable":true,"href":"https:\/\/shop.xn--altmhl-bogensport-52b.de\/index.php?rest_route=%2Fwp%2Fv2%2Fcomments&post=264"}],"wp:featuredmedia":[{"embeddable":true,"href":"https:\/\/shop.xn--altmhl-bogensport-52b.de\/index.php?rest_route=\/wp\/v2\/media\/5761"}],"wp:attachment":[{"href":"https:\/\/shop.xn--altmhl-bogensport-52b.de\/index.php?rest_route=%2Fwp%2Fv2%2Fmedia&parent=264"}],"wp:term":[{"taxonomy":"product_brand","embeddable":true,"href":"https:\/\/shop.xn--altmhl-bogensport-52b.de\/index.php?rest_route=%2Fwp%2Fv2%2Fproduct_brand&post=264"},{"taxonomy":"product_cat","embeddable":true,"href":"https:\/\/shop.xn--altmhl-bogensport-52b.de\/index.php?rest_route=%2Fwp%2Fv2%2Fproduct_cat&post=264"},{"taxonomy":"product_tag","embeddable":true,"href":"https:\/\/shop.xn--altmhl-bogensport-52b.de\/index.php?rest_route=%2Fwp%2Fv2%2Fproduct_tag&post=264"}],"curies":[{"name":"wp","href":"https:\/\/api.w.org\/{rel}","templated":true}]}}