{"id":2606,"date":"2021-12-17T18:07:04","date_gmt":"2021-12-17T18:07:04","guid":{"rendered":"https:\/\/shop.xn--altmhl-bogensport-52b.de\/?post_type=product&#038;p=2606"},"modified":"2026-03-05T18:47:57","modified_gmt":"2026-03-05T18:47:57","slug":"fingerschlinge-avalon-medium-125-cm-blau","status":"publish","type":"product","link":"https:\/\/shop.xn--altmhl-bogensport-52b.de\/?product=fingerschlinge-avalon-medium-125-cm-blau","title":{"rendered":"Fingerschlinge Avalon Medium 12,5 cm blau"},"content":{"rendered":"<p>Die Fingerschlinge von Avalon ist aus weichem Nylon und flexiblen Vinyl-Komponenten.<\/p>\n<p>Je eine Schlinge\u00a0wird um Zeigefinger und Daumen gelegt und mit den Gummiringen fixiert, sodass das Griffst\u00fcck des Bogen komplett umschlossen ist. Das erm\u00f6glicht es dem Sch\u00fctzen den Bogen locker in der Hand zu halten ohne die Kontrolle zu verlieren. Wird der Schuss abgegeben kann der Bogen ausschwingen, wodurch das Schussbild verbessert wird.<\/p>\n<p>So f\u00e4ngt die Schlinge\u00a0den Bogen nach dem Schuss auf, ohne das er aus der Hand gleitet.<\/p>\n<p>&nbsp;<\/p>\n<p><strong>Herstellername:<\/strong><br \/>\nS.S.A. Sporting Goods NV<br \/>\n<strong>Anschrift:<\/strong><br \/>\nJohn Cordierlaan 15, 8400 Ostende<br \/>\n<strong>Herkunftsland:<\/strong><br \/>\nBelgien<br \/>\n<strong>Webseite:<\/strong><br \/>\nhttps:\/\/www.ssa-archery.com\/de-de\/<br \/>\n<strong>Kontakt:<\/strong><br \/>\nhttps:\/\/www.ssa-archery.com\/de-de\/contact-us<br \/>\n<strong>Marke:<\/strong><br \/>\nAvalon<\/p>\n","protected":false},"excerpt":{"rendered":"<p>Avalon Fingerschlinge<\/p>\n","protected":false},"featured_media":2607,"comment_status":"open","ping_status":"closed","template":"","meta":[],"product_brand":[],"product_cat":[1448,28,163],"product_tag":[767,768,24],"class_list":{"0":"post-2606","1":"product","2":"type-product","3":"status-publish","4":"has-post-thumbnail","6":"product_cat-inventurabverkauf","7":"product_cat-sonstiges","8":"product_cat-sale","9":"product_tag-fingerschlinge","10":"product_tag-finger-sling","11":"product_tag-avalon","13":"first","14":"instock","15":"taxable","16":"shipping-taxable","17":"purchasable","18":"product-type-simple"},"_links":{"self":[{"href":"https:\/\/shop.xn--altmhl-bogensport-52b.de\/index.php?rest_route=\/wp\/v2\/product\/2606","targetHints":{"allow":["GET"]}}],"collection":[{"href":"https:\/\/shop.xn--altmhl-bogensport-52b.de\/index.php?rest_route=\/wp\/v2\/product"}],"about":[{"href":"https:\/\/shop.xn--altmhl-bogensport-52b.de\/index.php?rest_route=\/wp\/v2\/types\/product"}],"replies":[{"embeddable":true,"href":"https:\/\/shop.xn--altmhl-bogensport-52b.de\/index.php?rest_route=%2Fwp%2Fv2%2Fcomments&post=2606"}],"wp:featuredmedia":[{"embeddable":true,"href":"https:\/\/shop.xn--altmhl-bogensport-52b.de\/index.php?rest_route=\/wp\/v2\/media\/2607"}],"wp:attachment":[{"href":"https:\/\/shop.xn--altmhl-bogensport-52b.de\/index.php?rest_route=%2Fwp%2Fv2%2Fmedia&parent=2606"}],"wp:term":[{"taxonomy":"product_brand","embeddable":true,"href":"https:\/\/shop.xn--altmhl-bogensport-52b.de\/index.php?rest_route=%2Fwp%2Fv2%2Fproduct_brand&post=2606"},{"taxonomy":"product_cat","embeddable":true,"href":"https:\/\/shop.xn--altmhl-bogensport-52b.de\/index.php?rest_route=%2Fwp%2Fv2%2Fproduct_cat&post=2606"},{"taxonomy":"product_tag","embeddable":true,"href":"https:\/\/shop.xn--altmhl-bogensport-52b.de\/index.php?rest_route=%2Fwp%2Fv2%2Fproduct_tag&post=2606"}],"curies":[{"name":"wp","href":"https:\/\/api.w.org\/{rel}","templated":true}]}}