{"id":2596,"date":"2021-12-17T17:39:05","date_gmt":"2021-12-17T17:39:05","guid":{"rendered":"https:\/\/shop.xn--altmhl-bogensport-52b.de\/?post_type=product&#038;p=2596"},"modified":"2025-06-10T14:02:50","modified_gmt":"2025-06-10T14:02:50","slug":"armschutz-kinder-deluxe-mini-bearpaw","status":"publish","type":"product","link":"https:\/\/shop.xn--altmhl-bogensport-52b.de\/?product=armschutz-kinder-deluxe-mini-bearpaw","title":{"rendered":"Armschutz Kinder Deluxe Mini Bearpaw"},"content":{"rendered":"<p>Der Armschutz f\u00fcr die j\u00fcngsten Bogensch\u00fctzen.<\/p>\n<p>Der Armschutz Kinder Deluxe Mini ist in Abmessungen und Umfang speziell f\u00fcr den Arm von Kindern ab 4 Jahren entworfen. Er ist aus optisch ansprechendem Wildleder hergestellt und sch\u00fctzt den zarten Kinderarm optimal gegen den Schlag der Sehne.<\/p>\n<p>Die neue Qualit\u00e4t unseres Bearpaw Wildleders \u00fcberzeugt sofort. Von der Produktion des Leders bis hin zum letzten Nadelstich legen wir Wert auf jedes kleine Detail.<\/p>\n<p><b>Qualit\u00e4t, die man f\u00fchlt!<\/b><\/p>\n<ul>\n<li>Leder: Wildleder<\/li>\n<li>Farben: Honigbraun oder schwarz<\/li>\n<li>L\u00e4nge: 19 cm<\/li>\n<\/ul>\n<table class=\"table table-sm\">\n<tbody>\n<tr class=\"attr-custom\">\n<td class=\"attr-value\"><strong>Herstellername:<\/strong><br \/>\nBEARPAW GmbH<br \/>\n<strong>Anschrift:<\/strong><br \/>\nHannebach 30, 96269 Rossach<br \/>\n<strong>Herkunftsland:<\/strong><br \/>\nDeutschland<br \/>\n<strong>Webseite:<\/strong><br \/>\nhttps:\/\/www.bearpaw-products.de\/<br \/>\n<strong>Kontakt:<\/strong><br \/>\ninfo@bearpaw-products.com<br \/>\n<strong>Marke:<\/strong><br \/>\nBearpaw Products<\/td>\n<\/tr>\n<\/tbody>\n<\/table>\n","protected":false},"excerpt":{"rendered":"<p>Armschutz Deluxe Kinder Mini<\/p>\n","protected":false},"featured_media":2597,"comment_status":"open","ping_status":"closed","template":"","meta":[],"product_brand":[],"product_cat":[40,631],"product_tag":[41,194,764,765,30],"class_list":{"0":"post-2596","1":"product","2":"type-product","3":"status-publish","4":"has-post-thumbnail","6":"product_cat-armschutz","7":"product_cat-zubehoer-kids","8":"product_tag-armschutz","9":"product_tag-deluxe","10":"product_tag-kids","11":"product_tag-mini","12":"product_tag-bearpaw","14":"first","15":"instock","16":"taxable","17":"shipping-taxable","18":"purchasable","19":"product-type-variable"},"_links":{"self":[{"href":"https:\/\/shop.xn--altmhl-bogensport-52b.de\/index.php?rest_route=\/wp\/v2\/product\/2596","targetHints":{"allow":["GET"]}}],"collection":[{"href":"https:\/\/shop.xn--altmhl-bogensport-52b.de\/index.php?rest_route=\/wp\/v2\/product"}],"about":[{"href":"https:\/\/shop.xn--altmhl-bogensport-52b.de\/index.php?rest_route=\/wp\/v2\/types\/product"}],"replies":[{"embeddable":true,"href":"https:\/\/shop.xn--altmhl-bogensport-52b.de\/index.php?rest_route=%2Fwp%2Fv2%2Fcomments&post=2596"}],"wp:featuredmedia":[{"embeddable":true,"href":"https:\/\/shop.xn--altmhl-bogensport-52b.de\/index.php?rest_route=\/wp\/v2\/media\/2597"}],"wp:attachment":[{"href":"https:\/\/shop.xn--altmhl-bogensport-52b.de\/index.php?rest_route=%2Fwp%2Fv2%2Fmedia&parent=2596"}],"wp:term":[{"taxonomy":"product_brand","embeddable":true,"href":"https:\/\/shop.xn--altmhl-bogensport-52b.de\/index.php?rest_route=%2Fwp%2Fv2%2Fproduct_brand&post=2596"},{"taxonomy":"product_cat","embeddable":true,"href":"https:\/\/shop.xn--altmhl-bogensport-52b.de\/index.php?rest_route=%2Fwp%2Fv2%2Fproduct_cat&post=2596"},{"taxonomy":"product_tag","embeddable":true,"href":"https:\/\/shop.xn--altmhl-bogensport-52b.de\/index.php?rest_route=%2Fwp%2Fv2%2Fproduct_tag&post=2596"}],"curies":[{"name":"wp","href":"https:\/\/api.w.org\/{rel}","templated":true}]}}