{"id":259,"date":"2019-10-13T17:24:33","date_gmt":"2019-10-13T17:24:33","guid":{"rendered":"http:\/\/shop.xn--altmhl-bogensport-52b.de\/?post_type=product&#038;p=259"},"modified":"2021-12-17T17:14:19","modified_gmt":"2021-12-17T17:14:19","slug":"259","status":"publish","type":"product","link":"https:\/\/shop.xn--altmhl-bogensport-52b.de\/?product=259","title":{"rendered":"White Feather gloove moon Schie\u00dfhandschuh"},"content":{"rendered":"<h4>Schie\u00dfhandschuh\u00a0Moon von White Feather Archery<\/h4>\n<p>Gut sitzender Schie\u00dfhandschuh aus Echtleder, der durch seine Verarbeitung \u00fcberzeugt. Die verst\u00e4rkten Fingerkuppen sch\u00fctzen die Finger nachhaltig vor Hornhautbildung und garantieren nebenbei ein sauberes L\u00f6sen der Sehne.<\/p>\n<p>&#8211; Echtleder<br \/>\n&#8211; hoher Tragekomfort<br \/>\n&#8211; verst\u00e4rkte Fingerkuppen<br \/>\n&#8211; mit Klettverschluss<\/p>\n<p>Erh\u00e4tlich in den Gr\u00f6\u00dfen S bis XL.<\/p>\n","protected":false},"excerpt":{"rendered":"<p>White Feather Archery Handschuh<\/p>\n","protected":false},"featured_media":261,"comment_status":"open","ping_status":"closed","template":"","meta":[],"product_brand":[],"product_cat":[100],"product_tag":[101,102,104,411],"class_list":{"0":"post-259","1":"product","2":"type-product","3":"status-publish","4":"has-post-thumbnail","6":"product_cat-handschuhe","7":"product_tag-handschuh","8":"product_tag-schiesshandschuh","9":"product_tag-white-feather","10":"product_tag-glove-moon","12":"first","13":"instock","14":"taxable","15":"shipping-taxable","16":"purchasable","17":"product-type-variable"},"_links":{"self":[{"href":"https:\/\/shop.xn--altmhl-bogensport-52b.de\/index.php?rest_route=\/wp\/v2\/product\/259","targetHints":{"allow":["GET"]}}],"collection":[{"href":"https:\/\/shop.xn--altmhl-bogensport-52b.de\/index.php?rest_route=\/wp\/v2\/product"}],"about":[{"href":"https:\/\/shop.xn--altmhl-bogensport-52b.de\/index.php?rest_route=\/wp\/v2\/types\/product"}],"replies":[{"embeddable":true,"href":"https:\/\/shop.xn--altmhl-bogensport-52b.de\/index.php?rest_route=%2Fwp%2Fv2%2Fcomments&post=259"}],"wp:featuredmedia":[{"embeddable":true,"href":"https:\/\/shop.xn--altmhl-bogensport-52b.de\/index.php?rest_route=\/wp\/v2\/media\/261"}],"wp:attachment":[{"href":"https:\/\/shop.xn--altmhl-bogensport-52b.de\/index.php?rest_route=%2Fwp%2Fv2%2Fmedia&parent=259"}],"wp:term":[{"taxonomy":"product_brand","embeddable":true,"href":"https:\/\/shop.xn--altmhl-bogensport-52b.de\/index.php?rest_route=%2Fwp%2Fv2%2Fproduct_brand&post=259"},{"taxonomy":"product_cat","embeddable":true,"href":"https:\/\/shop.xn--altmhl-bogensport-52b.de\/index.php?rest_route=%2Fwp%2Fv2%2Fproduct_cat&post=259"},{"taxonomy":"product_tag","embeddable":true,"href":"https:\/\/shop.xn--altmhl-bogensport-52b.de\/index.php?rest_route=%2Fwp%2Fv2%2Fproduct_tag&post=259"}],"curies":[{"name":"wp","href":"https:\/\/api.w.org\/{rel}","templated":true}]}}