{"id":2554,"date":"2021-12-16T17:50:16","date_gmt":"2021-12-16T17:50:16","guid":{"rendered":"https:\/\/shop.xn--altmhl-bogensport-52b.de\/?post_type=product&#038;p=2554"},"modified":"2024-12-10T18:07:03","modified_gmt":"2024-12-10T18:07:03","slug":"3er-pack-nightfire-nock","status":"publish","type":"product","link":"https:\/\/shop.xn--altmhl-bogensport-52b.de\/?product=3er-pack-nightfire-nock","title":{"rendered":"3er Pack Nightfire Nock Leuchtnocken Tracer 6,2"},"content":{"rendered":"<p>Die Nightfire Nock macht ihrem Namen alle Ehre! Nach Abschuss des Pfeils zeigt die Nightfire Nock was in ihr steckt!<\/p>\n<p>Geballte Leuchtkraft l\u00e4\u00dft den Pfeilflug hell erleuchten und verwandelt ihn in eine Lichtbahn!<\/p>\n<p>Die Nightfire Nock ist f\u00fcr den Einsatz bei der Bogenjagd ein wichtiger Begleiter.<\/p>\n<p>Bei Sch\u00fcssen in der D\u00e4merung oder Nacht sollte unsere Nightfire Nock nicht fehlen!<\/p>\n<ul>\n<li>Farben: Gelb, blau, rot und gr\u00fcn<\/li>\n<li>Lieferumfang: Packung mit 3 Nightfire Nocks<\/li>\n<li>Einsatzgebiet: Penthalon Sch\u00e4fte, Skylon Bentwood, Easton Sch\u00e4fte, Carbon Express Sch\u00e4fte sowie andere Carbonsch\u00e4fte mit dem ID .0245 bzw 6,2.<\/li>\n<\/ul>\n<p>Im Innenbereich der Nightfire Nocke befindet sich ein kleiner Schalter welcher beim Abschuss des Pfeils aktiviert wird. Die Nocke wird mittels einer Pfeilspitze oder des im Lieferumfang enthaltenen Metalstiftes wieder deaktiviert. Dazu befindet sich an der Nockseite eine kleine \u00d6ffnung.<\/p>\n","protected":false},"excerpt":{"rendered":"<p>Nightfire Nock set<\/p>\n","protected":false},"featured_media":2559,"comment_status":"open","ping_status":"closed","template":"","meta":[],"product_brand":[],"product_cat":[434],"product_tag":[759,993,67,994,89,396,403],"class_list":{"0":"post-2554","1":"product","2":"type-product","3":"status-publish","4":"has-post-thumbnail","6":"product_cat-nocken-carbonpfeile","7":"product_tag-nightfire","8":"product_tag-leuchtnocken","9":"product_tag-nocke","10":"product_tag-tracer","11":"product_tag-penthalon","12":"product_tag-skylon","13":"product_tag-easton","15":"first","16":"instock","17":"taxable","18":"shipping-taxable","19":"purchasable","20":"product-type-variable"},"_links":{"self":[{"href":"https:\/\/shop.xn--altmhl-bogensport-52b.de\/index.php?rest_route=\/wp\/v2\/product\/2554","targetHints":{"allow":["GET"]}}],"collection":[{"href":"https:\/\/shop.xn--altmhl-bogensport-52b.de\/index.php?rest_route=\/wp\/v2\/product"}],"about":[{"href":"https:\/\/shop.xn--altmhl-bogensport-52b.de\/index.php?rest_route=\/wp\/v2\/types\/product"}],"replies":[{"embeddable":true,"href":"https:\/\/shop.xn--altmhl-bogensport-52b.de\/index.php?rest_route=%2Fwp%2Fv2%2Fcomments&post=2554"}],"wp:featuredmedia":[{"embeddable":true,"href":"https:\/\/shop.xn--altmhl-bogensport-52b.de\/index.php?rest_route=\/wp\/v2\/media\/2559"}],"wp:attachment":[{"href":"https:\/\/shop.xn--altmhl-bogensport-52b.de\/index.php?rest_route=%2Fwp%2Fv2%2Fmedia&parent=2554"}],"wp:term":[{"taxonomy":"product_brand","embeddable":true,"href":"https:\/\/shop.xn--altmhl-bogensport-52b.de\/index.php?rest_route=%2Fwp%2Fv2%2Fproduct_brand&post=2554"},{"taxonomy":"product_cat","embeddable":true,"href":"https:\/\/shop.xn--altmhl-bogensport-52b.de\/index.php?rest_route=%2Fwp%2Fv2%2Fproduct_cat&post=2554"},{"taxonomy":"product_tag","embeddable":true,"href":"https:\/\/shop.xn--altmhl-bogensport-52b.de\/index.php?rest_route=%2Fwp%2Fv2%2Fproduct_tag&post=2554"}],"curies":[{"name":"wp","href":"https:\/\/api.w.org\/{rel}","templated":true}]}}