{"id":2483,"date":"2021-12-13T18:48:26","date_gmt":"2021-12-13T18:48:26","guid":{"rendered":"https:\/\/shop.xn--altmhl-bogensport-52b.de\/?post_type=product&#038;p=2483"},"modified":"2023-08-22T12:52:25","modified_gmt":"2023-08-22T12:52:25","slug":"sehnengarn-bcy-traditional-flight-dacron-b55-1-lbs","status":"publish","type":"product","link":"https:\/\/shop.xn--altmhl-bogensport-52b.de\/?product=sehnengarn-bcy-traditional-flight-dacron-b55-1-lbs","title":{"rendered":"Sehnengarn BCY Traditional Flight (Dacron B55) 1 lbs"},"content":{"rendered":"<p>Traditional Flight ist ein Sehnenmaterial, das f\u00fcr alle B\u00f6gen einsetzbar ist. Durch seine hohe Dehnf\u00e4higkeit belastet es die B\u00f6gen weniger und wird vorzugsweise bei Einsteigerb\u00f6gen und reinen Holzb\u00f6gen eingesetzt.<\/p>\n<p>Geeignet f\u00fcr Fl- Spleiss oder auch Endlos Sehnen.<\/p>\n<ul>\n<li>Material: Traditional Flight (Dacron, B55)<\/li>\n<li>Farben: weiss, schwarz, rot, blau, gelb, gr\u00fcn, orange, braun<\/li>\n<li>Menge: ca. 1 lbs<\/li>\n<\/ul>\n<p>Es handelt sich hier um ca. Mengen, da durch den Fertigungsprozess Abweichungen in der Spulengr\u00f6\u00dfe vorhanden sind.<\/p>\n","protected":false},"excerpt":{"rendered":"<p>Sehnengarn Dacron B55 1lbs<\/p>\n","protected":false},"featured_media":2484,"comment_status":"open","ping_status":"closed","template":"","meta":[],"product_brand":[],"product_cat":[29],"product_tag":[415,746,747,748,749],"class_list":{"0":"post-2483","1":"product","2":"type-product","3":"status-publish","4":"has-post-thumbnail","6":"product_cat-sehnenbau","7":"product_tag-dacron","8":"product_tag-b55","9":"product_tag-bcy","10":"product_tag-1lbs","11":"product_tag-sehnengarn","13":"first","14":"instock","15":"taxable","16":"shipping-taxable","17":"purchasable","18":"product-type-variable"},"_links":{"self":[{"href":"https:\/\/shop.xn--altmhl-bogensport-52b.de\/index.php?rest_route=\/wp\/v2\/product\/2483","targetHints":{"allow":["GET"]}}],"collection":[{"href":"https:\/\/shop.xn--altmhl-bogensport-52b.de\/index.php?rest_route=\/wp\/v2\/product"}],"about":[{"href":"https:\/\/shop.xn--altmhl-bogensport-52b.de\/index.php?rest_route=\/wp\/v2\/types\/product"}],"replies":[{"embeddable":true,"href":"https:\/\/shop.xn--altmhl-bogensport-52b.de\/index.php?rest_route=%2Fwp%2Fv2%2Fcomments&post=2483"}],"wp:featuredmedia":[{"embeddable":true,"href":"https:\/\/shop.xn--altmhl-bogensport-52b.de\/index.php?rest_route=\/wp\/v2\/media\/2484"}],"wp:attachment":[{"href":"https:\/\/shop.xn--altmhl-bogensport-52b.de\/index.php?rest_route=%2Fwp%2Fv2%2Fmedia&parent=2483"}],"wp:term":[{"taxonomy":"product_brand","embeddable":true,"href":"https:\/\/shop.xn--altmhl-bogensport-52b.de\/index.php?rest_route=%2Fwp%2Fv2%2Fproduct_brand&post=2483"},{"taxonomy":"product_cat","embeddable":true,"href":"https:\/\/shop.xn--altmhl-bogensport-52b.de\/index.php?rest_route=%2Fwp%2Fv2%2Fproduct_cat&post=2483"},{"taxonomy":"product_tag","embeddable":true,"href":"https:\/\/shop.xn--altmhl-bogensport-52b.de\/index.php?rest_route=%2Fwp%2Fv2%2Fproduct_tag&post=2483"}],"curies":[{"name":"wp","href":"https:\/\/api.w.org\/{rel}","templated":true}]}}