{"id":2473,"date":"2021-12-13T11:52:37","date_gmt":"2021-12-13T11:52:37","guid":{"rendered":"https:\/\/shop.xn--altmhl-bogensport-52b.de\/?post_type=product&#038;p=2473"},"modified":"2022-07-09T18:01:22","modified_gmt":"2022-07-09T18:01:22","slug":"ek-archery-jag-1-deluxe-armbrust-schwarz-incl-red-dot","status":"publish","type":"product","link":"https:\/\/shop.xn--altmhl-bogensport-52b.de\/?product=ek-archery-jag-1-deluxe-armbrust-schwarz-incl-red-dot","title":{"rendered":"EK Archery Jag 1 Deluxe Armbrust schwarz incl. Red Dot"},"content":{"rendered":"<div class=\"h3 product-detail-description-title\">Produktinformationen &#8220;EK Archery Jag 1 Deluxe Armbrust\u00a0 Set<\/div>\n<div><\/div>\n<div class=\"product-detail-description-text\">\n<p>Die EK ARCHERY JAG-One Recurvearmbrust gef\u00e4llt nicht nur durch ihr ansprechendes Design, sondern punktet auch mit ihren \u00fcberzeugenden Leistungsdaten. Denn mit einem Zuggewicht von\u00a0 \u00a0175 lbs erreicht sie Pfeilgeschwindigkeiten von bis zu 220 fps\u00a0 und Reichweiten von bis zu 60 Metern.<\/p>\n<p>Nat\u00fcrlich verf\u00fcgt auch die JAG-One\u00a0\u00fcber eine automatische\u00a0Sicherung, die beim Spannen einrastet. Die Metall-Weaver-Schiene, auf die das Zielfernrohr oder ein Red Dot montiert werden kann, l\u00e4sst sich zudem in der Neigung verstellen. So kann die ballistische Flugkurve des Pfeils bei hohen Entfernungen ausgeglichen werden und das Schussbild verbessert werden.<\/p>\n<p>Mit enthalten:<\/p>\n<div class=\"phenom-desc\">\n<div class=\"comment-container\">\n<div class=\"action-comment markeddown js-comment\" dir=\"auto\">\n<div class=\"current-comment js-friendly-links js-open-card\">\n<p># Visier\/Red Dot<br \/>\n# K\u00f6cher<br \/>\n# 3 Bolzen<br \/>\n# Spannhilfe<\/p>\n<\/div>\n<\/div>\n<\/div>\n<\/div>\n<p>&nbsp;<\/p>\n<table border=\"0\" cellspacing=\"0\" cellpadding=\"0\">\n<colgroup>\n<col width=\"138\" \/>\n<col width=\"343\" \/><\/colgroup>\n<tbody>\n<tr>\n<td height=\"20\"><strong>Gesamtl\u00e4nge:<\/strong><\/td>\n<td class=\"xl65\">35&#8243;<\/td>\n<\/tr>\n<tr>\n<td height=\"20\"><strong>Zuggewicht:<\/strong><\/td>\n<td class=\"xl65\">175 lbs<\/td>\n<\/tr>\n<tr>\n<td height=\"20\"><strong>Pfeill\u00e4nge:\u00a0<\/strong><\/td>\n<td class=\"xl65\">&#8211;<\/td>\n<\/tr>\n<tr>\n<td height=\"20\"><strong>Pfeilgeschwindigkeit:\u00a0<\/strong><\/td>\n<td class=\"xl65\">220 fps<\/td>\n<\/tr>\n<tr>\n<td height=\"20\"><strong>Gewicht:<\/strong><\/td>\n<td class=\"xl65\">2590g \/ 5.7lbs<\/td>\n<\/tr>\n<\/tbody>\n<\/table>\n<\/div>\n<div>Bitte beachte:<br \/>\nDer Verkauf dieses Artikels erfolgt nur an Personen \u00fcber 18 Jahre. Bitte gib deshalb Dein Geburtsdatum in unserem Bestellformular an. Zus\u00e4tzlich ben\u00f6tigen wir eine Kopie Deines Personalausweises, F\u00fchrerscheins o.\u00e4. per E-Mail, Scan, Fax oder Post.<\/div>\n","protected":false},"excerpt":{"rendered":"<p>Armbrust Jag 1<\/p>\n","protected":false},"featured_media":2474,"comment_status":"open","ping_status":"closed","template":"","meta":[],"product_brand":[],"product_cat":[743],"product_tag":[194,571,744,745],"class_list":{"0":"post-2473","1":"product","2":"type-product","3":"status-publish","4":"has-post-thumbnail","6":"product_cat-armbrust","7":"product_tag-deluxe","8":"product_tag-armbrust","9":"product_tag-ek-poelang","10":"product_tag-175lbs","12":"first","13":"instock","14":"taxable","15":"shipping-taxable","16":"purchasable","17":"product-type-simple"},"_links":{"self":[{"href":"https:\/\/shop.xn--altmhl-bogensport-52b.de\/index.php?rest_route=\/wp\/v2\/product\/2473","targetHints":{"allow":["GET"]}}],"collection":[{"href":"https:\/\/shop.xn--altmhl-bogensport-52b.de\/index.php?rest_route=\/wp\/v2\/product"}],"about":[{"href":"https:\/\/shop.xn--altmhl-bogensport-52b.de\/index.php?rest_route=\/wp\/v2\/types\/product"}],"replies":[{"embeddable":true,"href":"https:\/\/shop.xn--altmhl-bogensport-52b.de\/index.php?rest_route=%2Fwp%2Fv2%2Fcomments&post=2473"}],"wp:featuredmedia":[{"embeddable":true,"href":"https:\/\/shop.xn--altmhl-bogensport-52b.de\/index.php?rest_route=\/wp\/v2\/media\/2474"}],"wp:attachment":[{"href":"https:\/\/shop.xn--altmhl-bogensport-52b.de\/index.php?rest_route=%2Fwp%2Fv2%2Fmedia&parent=2473"}],"wp:term":[{"taxonomy":"product_brand","embeddable":true,"href":"https:\/\/shop.xn--altmhl-bogensport-52b.de\/index.php?rest_route=%2Fwp%2Fv2%2Fproduct_brand&post=2473"},{"taxonomy":"product_cat","embeddable":true,"href":"https:\/\/shop.xn--altmhl-bogensport-52b.de\/index.php?rest_route=%2Fwp%2Fv2%2Fproduct_cat&post=2473"},{"taxonomy":"product_tag","embeddable":true,"href":"https:\/\/shop.xn--altmhl-bogensport-52b.de\/index.php?rest_route=%2Fwp%2Fv2%2Fproduct_tag&post=2473"}],"curies":[{"name":"wp","href":"https:\/\/api.w.org\/{rel}","templated":true}]}}