{"id":245,"date":"2019-10-13T16:23:31","date_gmt":"2019-10-13T16:23:31","guid":{"rendered":"http:\/\/shop.xn--altmhl-bogensport-52b.de\/?post_type=product&#038;p=245"},"modified":"2024-12-29T16:05:50","modified_gmt":"2024-12-29T16:05:50","slug":"fita-ampel-3er-spot-scheibenauflage-jvd-nylon-verstaerkt","status":"publish","type":"product","link":"https:\/\/shop.xn--altmhl-bogensport-52b.de\/?product=fita-ampel-3er-spot-scheibenauflage-jvd-nylon-verstaerkt","title":{"rendered":"FITA Ampel 3er Spot Scheibenauflage JVD Nylon verst\u00e4rkt"},"content":{"rendered":"<p>Zielscheiben-Auflage nach FITA-Abma\u00dfen &#8211; 3er Spot, vertikal &#8211; NYLON verst\u00e4rkt<\/p>\n<p>Die durch die FITA (World Archery Federation) zertifizierte Zielscheibenauflage besteht aus Papier mit Nylonf\u00e4den verst\u00e4rkt.<\/p>\n<p>Mehrfachauflage, Ring 1 bis 10<\/p>\n<p>Ma\u00dfe gesamt:\u00a022 x 66 cm<\/p>\n<p>Material:\u00a0nylonverst\u00e4rktes Spezialpapier<\/p>\n<p>Lieferumfang: 1 St\u00fcck<\/p>\n<p>&nbsp;<\/p>\n<p><strong>Herstellername:<\/strong><br \/>\nJVD Group B.V.<br \/>\n<strong>Anschrift:<\/strong><br \/>\nLooier 9, 5253 RA Nieuwkuijk<br \/>\n<strong>Herkunftsland:<\/strong><br \/>\nNiederlande<br \/>\n<strong>Webseite:<\/strong><br \/>\nhttps:\/\/www.jvd-archery.com\/<br \/>\n<strong>Kontakt:<\/strong><br \/>\ncontact@jvd-group.com<br \/>\n<strong>Marke:<\/strong><br \/>\nJVD<\/p>\n","protected":false},"excerpt":{"rendered":"<p>3er Spot FITA<\/p>\n","protected":false},"featured_media":247,"comment_status":"open","ping_status":"closed","template":"","meta":[],"product_brand":[],"product_cat":[61],"product_tag":[64,92,95,96],"class_list":{"0":"post-245","1":"product","2":"type-product","3":"status-publish","4":"has-post-thumbnail","6":"product_cat-auflagen-u-zubehoer","7":"product_tag-zielscheibe","8":"product_tag-fita","9":"product_tag-3er-spot","10":"product_tag-ampelauflage","12":"first","13":"instock","14":"taxable","15":"shipping-taxable","16":"purchasable","17":"product-type-simple"},"_links":{"self":[{"href":"https:\/\/shop.xn--altmhl-bogensport-52b.de\/index.php?rest_route=\/wp\/v2\/product\/245","targetHints":{"allow":["GET"]}}],"collection":[{"href":"https:\/\/shop.xn--altmhl-bogensport-52b.de\/index.php?rest_route=\/wp\/v2\/product"}],"about":[{"href":"https:\/\/shop.xn--altmhl-bogensport-52b.de\/index.php?rest_route=\/wp\/v2\/types\/product"}],"replies":[{"embeddable":true,"href":"https:\/\/shop.xn--altmhl-bogensport-52b.de\/index.php?rest_route=%2Fwp%2Fv2%2Fcomments&post=245"}],"wp:featuredmedia":[{"embeddable":true,"href":"https:\/\/shop.xn--altmhl-bogensport-52b.de\/index.php?rest_route=\/wp\/v2\/media\/247"}],"wp:attachment":[{"href":"https:\/\/shop.xn--altmhl-bogensport-52b.de\/index.php?rest_route=%2Fwp%2Fv2%2Fmedia&parent=245"}],"wp:term":[{"taxonomy":"product_brand","embeddable":true,"href":"https:\/\/shop.xn--altmhl-bogensport-52b.de\/index.php?rest_route=%2Fwp%2Fv2%2Fproduct_brand&post=245"},{"taxonomy":"product_cat","embeddable":true,"href":"https:\/\/shop.xn--altmhl-bogensport-52b.de\/index.php?rest_route=%2Fwp%2Fv2%2Fproduct_cat&post=245"},{"taxonomy":"product_tag","embeddable":true,"href":"https:\/\/shop.xn--altmhl-bogensport-52b.de\/index.php?rest_route=%2Fwp%2Fv2%2Fproduct_tag&post=245"}],"curies":[{"name":"wp","href":"https:\/\/api.w.org\/{rel}","templated":true}]}}