{"id":2448,"date":"2021-12-12T16:13:30","date_gmt":"2021-12-12T16:13:30","guid":{"rendered":"https:\/\/shop.xn--altmhl-bogensport-52b.de\/?post_type=product&#038;p=2448"},"modified":"2025-12-18T15:31:38","modified_gmt":"2025-12-18T15:31:38","slug":"rainbow-messer-wood-jewel","status":"publish","type":"product","link":"https:\/\/shop.xn--altmhl-bogensport-52b.de\/?product=rainbow-messer-wood-jewel","title":{"rendered":"Rainbow Messer, Wood-Jewel"},"content":{"rendered":"<div class=\"content--title\">Produktinformationen &#8220;Rainbow Messer, Wood-Jewel&#8221;<\/div>\n<div class=\"product--description\">\n<p><strong>Rainbow\u00a0Messer, Wood-Jewel<\/strong><\/p>\n<p>Wood Jewel ist eine kleine Messer-Manufaktur aus dem finnischen Teil Lapplands. S\u00e4mtliche Messer werden handgefertigt und traditionell verarbeitet. Naturprodukte wie Maserbirke und Rentierhorn kommen bei diesen Messern wundersch\u00f6n verarbeitet zum Einsatz. Sie besitzen eine Klingengeometrie, die f\u00fcr den Einsatz in den verschiedensten Gebieten wie Jagd, Outdoor oder Survival wie geschaffen sind. Robust und zuverl\u00e4ssig erf\u00fcllen sie s\u00e4mtliche Arbeiten.<\/p>\n<p>Das Rainbow-Messer ist ein kompaktes Jagdmesser mit einem Griff aus Maserbirke und Rentierhorn. Seinen Namen erhielt dieses Messer durch die in den formsch\u00f6nen Griff eingearbeiteten Streifen in Regenbogenfarben. Die Klinge aus Kohlenstoffstahl ist rasiermesserscharf und robust und somit ideal f\u00fcr den Jagd- und Outdooreinsatz. Die Lieferung erfolgt inklusive einer Lederscheide.<\/p>\n<p>Die Abbildung kann nur als beispielhaft angesehen werden, da Maserbirke und Rentierhorn Naturprodukte sind und somit in Zeichnung und Farbe variieren k\u00f6nnen.<\/p>\n<p>Details:<br \/>\n&#8211; Klingenmaterial: Kohlenstoffstahl<br \/>\n&#8211; Griffmaterial: Maserbirke + Rentierhorn<br \/>\n&#8211; Gesamtl\u00e4nge: ca. 19 cm<br \/>\n&#8211; Klingenl\u00e4nge: ca. 7,7 cm<br \/>\n&#8211; Gewicht: ca. 130 g<br \/>\n&#8211; Hersteller-Artikelnummer: 23VK<\/p>\n<p><strong>Hersteller:<\/strong>\u00a0Wood Jewel Raatiniemi Oy, Jokijalantie 6, FI-95900 Kolari, Finland, info@woodjewel.fi<br \/>\n<strong>Verantwortliche Person: Battle-Merchant Wacken GmbH &amp; Co. KG, Gehrn 4, 25596 Wacken<\/strong><br \/>\n<strong>Kontakt: info@battlemerchant.com<\/strong><\/p>\n<p><strong>Sicherheitshinweis:<\/strong><br \/>\n&#8211; Das Produkt kann scharfe Schnittkanten aufweisen. Unsachgem\u00e4\u00dfer oder unvorsichtiger Gebrauch kann zu Verletzungen f\u00fchren.<\/p>\n<\/div>\n","protected":false},"excerpt":{"rendered":"<p>Woodjewel Rainbow Messer<\/p>\n","protected":false},"featured_media":2449,"comment_status":"open","ping_status":"closed","template":"","meta":[],"product_brand":[],"product_cat":[600,726],"product_tag":[601,604,606,735],"class_list":{"0":"post-2448","1":"product","2":"type-product","3":"status-publish","4":"has-post-thumbnail","6":"product_cat-messer","7":"product_cat-lagerleben","8":"product_tag-messer","9":"product_tag-wood-jewel","10":"product_tag-jagdmesser","11":"product_tag-rainbow","13":"first","14":"instock","15":"taxable","16":"shipping-taxable","17":"purchasable","18":"product-type-simple"},"_links":{"self":[{"href":"https:\/\/shop.xn--altmhl-bogensport-52b.de\/index.php?rest_route=\/wp\/v2\/product\/2448","targetHints":{"allow":["GET"]}}],"collection":[{"href":"https:\/\/shop.xn--altmhl-bogensport-52b.de\/index.php?rest_route=\/wp\/v2\/product"}],"about":[{"href":"https:\/\/shop.xn--altmhl-bogensport-52b.de\/index.php?rest_route=\/wp\/v2\/types\/product"}],"replies":[{"embeddable":true,"href":"https:\/\/shop.xn--altmhl-bogensport-52b.de\/index.php?rest_route=%2Fwp%2Fv2%2Fcomments&post=2448"}],"wp:featuredmedia":[{"embeddable":true,"href":"https:\/\/shop.xn--altmhl-bogensport-52b.de\/index.php?rest_route=\/wp\/v2\/media\/2449"}],"wp:attachment":[{"href":"https:\/\/shop.xn--altmhl-bogensport-52b.de\/index.php?rest_route=%2Fwp%2Fv2%2Fmedia&parent=2448"}],"wp:term":[{"taxonomy":"product_brand","embeddable":true,"href":"https:\/\/shop.xn--altmhl-bogensport-52b.de\/index.php?rest_route=%2Fwp%2Fv2%2Fproduct_brand&post=2448"},{"taxonomy":"product_cat","embeddable":true,"href":"https:\/\/shop.xn--altmhl-bogensport-52b.de\/index.php?rest_route=%2Fwp%2Fv2%2Fproduct_cat&post=2448"},{"taxonomy":"product_tag","embeddable":true,"href":"https:\/\/shop.xn--altmhl-bogensport-52b.de\/index.php?rest_route=%2Fwp%2Fv2%2Fproduct_tag&post=2448"}],"curies":[{"name":"wp","href":"https:\/\/api.w.org\/{rel}","templated":true}]}}