{"id":2437,"date":"2021-12-12T16:05:53","date_gmt":"2021-12-12T16:05:53","guid":{"rendered":"https:\/\/shop.xn--altmhl-bogensport-52b.de\/?post_type=product&#038;p=2437"},"modified":"2021-12-13T13:18:47","modified_gmt":"2021-12-13T13:18:47","slug":"trench-hawk-olivgruen-schwarz-dark-earth","status":"publish","type":"product","link":"https:\/\/shop.xn--altmhl-bogensport-52b.de\/?product=trench-hawk-olivgruen-schwarz-dark-earth","title":{"rendered":"Trench Hawk, Olivgr\u00fcn, schwarz, dark earth"},"content":{"rendered":"<div class=\"content--title\">Produktinformationen &#8220;Trench Hawk, Olivgr\u00fcn&#8221;<\/div>\n<div class=\"product--description\">\n<p><strong>Trench Hawk\u00ae mit Griff in der Farbe\u00a0<i>O.D. Green<\/i> , black, dark earth<\/strong><\/p>\n<p>Die scharfe Schlagkante und keilf\u00f6rmige Spitze von Cold Steels\u00ae Trench Hawk\u00ae bieten eine Vielzahl von Kampfm\u00f6glichkeiten f\u00fcr den modernen Krieger. Sein Kopf ist aus 1055er Karbonstahl gesenkgeschmiedet und differenziell geh\u00e4rtet. Er wird sowohl gewaltigen Schl\u00e4gen als auch hoher Beanspruchung durch intensiven Gebrauch standhalten.<\/p>\n<p>Der Stiel aus Polypropylen ist auch besonders schlagfest. Auch eine \u00fcbertriebene Nutzung, die sogar robustes Hickoryholz brechen w\u00fcrde, macht ihm zun\u00e4chst nichts aus. Und als zus\u00e4tzlicher Vorteil kann er leicht und kosteng\u00fcnstig ersetzt werden: Sollte er nach regem Gebrauch doch irgendwann mal verschlei\u00dfen oder brechen, sind Ersatzgriffe separat erh\u00e4ltlich (Bitte beachte: Jeder Griff kann und wird vorraussichtlich irgendwann brechen).<\/p>\n<p>Um den Tr\u00e4ger selbst vor der Schnittkante und der gef\u00e4hrlich scharfen Spitze zu sch\u00fctzen, wird das Trench Hawk\u00ae mit einer patentierten Secure-Ex\u00ae-Scheide mit ausgekl\u00fcgeltem Gelenkdesign geliefert.<\/p>\n<p><b>Details:<\/b><br \/>\n&#8211; Trench Hawk\u00ae<br \/>\n&#8211; Klingenmaterial: Karbonstahl 1055, gesenkgeschmiedet<br \/>\n&#8211; Griffmaterial: Polypropylen<br \/>\n&#8211; Gesamtl\u00e4nge: ca. 48,3 cm<br \/>\n&#8211; Axtblattl\u00e4nge: ca. 22,2 cm<br \/>\n&#8211; Schlagkante: ca. 8,9 cm<br \/>\n&#8211; Gewicht: ca. 822 g<br \/>\n&#8211; Inkl. Secure-Ex\u00ae-Scheide<br \/>\n&#8211; Cold Steel\u00ae Artikelnummer: 90PTHG \/ 90PTHGZ<\/p>\n<p>Ebenfalls erh\u00e4ltlich:<br \/>\n&#8211; Ersatzgriff f\u00fcr Trench Hawk\u00ae, O.D. Green: Artikelnr. CST-H90PTHG<\/p>\n<p><b>Bitte beachte:<\/b><br \/>\nDer Verkauf dieses Artikels erfolgt nur an Personen \u00fcber 18 Jahre. Bitte gib deshalb Dein Geburtsdatum in unserem Bestellformular an. Zus\u00e4tzlich ben\u00f6tigen wir eine Kopie Deines Personalausweises, F\u00fchrerscheins o.\u00e4. per E-Mail, Scan, Fax oder Post.<\/p>\n<\/div>\n","protected":false},"excerpt":{"rendered":"<p>Trench Hawk<\/p>\n","protected":false},"featured_media":2438,"comment_status":"open","ping_status":"closed","template":"","meta":[],"product_brand":[],"product_cat":[536,548],"product_tag":[734,537,538,551],"class_list":{"0":"post-2437","1":"product","2":"type-product","3":"status-publish","4":"has-post-thumbnail","6":"product_cat-beil-axt","7":"product_cat-outdoor-artikel","8":"product_tag-trench-hawk","9":"product_tag-beil","10":"product_tag-axt","11":"product_tag-outdoor","13":"first","14":"instock","15":"taxable","16":"shipping-taxable","17":"purchasable","18":"product-type-variable"},"_links":{"self":[{"href":"https:\/\/shop.xn--altmhl-bogensport-52b.de\/index.php?rest_route=\/wp\/v2\/product\/2437","targetHints":{"allow":["GET"]}}],"collection":[{"href":"https:\/\/shop.xn--altmhl-bogensport-52b.de\/index.php?rest_route=\/wp\/v2\/product"}],"about":[{"href":"https:\/\/shop.xn--altmhl-bogensport-52b.de\/index.php?rest_route=\/wp\/v2\/types\/product"}],"replies":[{"embeddable":true,"href":"https:\/\/shop.xn--altmhl-bogensport-52b.de\/index.php?rest_route=%2Fwp%2Fv2%2Fcomments&post=2437"}],"wp:featuredmedia":[{"embeddable":true,"href":"https:\/\/shop.xn--altmhl-bogensport-52b.de\/index.php?rest_route=\/wp\/v2\/media\/2438"}],"wp:attachment":[{"href":"https:\/\/shop.xn--altmhl-bogensport-52b.de\/index.php?rest_route=%2Fwp%2Fv2%2Fmedia&parent=2437"}],"wp:term":[{"taxonomy":"product_brand","embeddable":true,"href":"https:\/\/shop.xn--altmhl-bogensport-52b.de\/index.php?rest_route=%2Fwp%2Fv2%2Fproduct_brand&post=2437"},{"taxonomy":"product_cat","embeddable":true,"href":"https:\/\/shop.xn--altmhl-bogensport-52b.de\/index.php?rest_route=%2Fwp%2Fv2%2Fproduct_cat&post=2437"},{"taxonomy":"product_tag","embeddable":true,"href":"https:\/\/shop.xn--altmhl-bogensport-52b.de\/index.php?rest_route=%2Fwp%2Fv2%2Fproduct_tag&post=2437"}],"curies":[{"name":"wp","href":"https:\/\/api.w.org\/{rel}","templated":true}]}}