{"id":2413,"date":"2021-12-12T14:59:05","date_gmt":"2021-12-12T14:59:05","guid":{"rendered":"https:\/\/shop.xn--altmhl-bogensport-52b.de\/?post_type=product&#038;p=2413"},"modified":"2025-11-02T14:38:05","modified_gmt":"2025-11-02T14:38:05","slug":"kleine-wurfaxt-mittelalter-wikinger","status":"publish","type":"product","link":"https:\/\/shop.xn--altmhl-bogensport-52b.de\/?product=kleine-wurfaxt-mittelalter-wikinger","title":{"rendered":"Kleine Wurfaxt Mittelalter \/ Wikinger"},"content":{"rendered":"<div class=\"content--title\">Produktinformationen &#8220;Kleine Wurfaxt&#8221;<\/div>\n<div class=\"product--description\">\n<p><strong>Kleine Wurfaxt<\/strong><\/p>\n<p>Das\u00a0Axtblatt\u00a0ist solide geschmiedet. Jedoch k\u00f6nnen wir f\u00fcr den Schaft keine Gew\u00e4hr \u00fcbernehmen. Wir empfehlen das Aufstielen auf einen Eschenholzschaft, zu finden in jedem Baumarkt.<\/p>\n<p>Details:<br \/>\n&#8211; Gesamtl\u00e4nge: ca. 33,5 cm<br \/>\n&#8211; Blattl\u00e4nge: ca. 11,5 cm<br \/>\n&#8211; Max. breite des Axtblattes: ca.\u00a06 cm<br \/>\n&#8211; Gewicht: ca. 0,3 kg<\/p>\n<p>Dieser Artikel kann leider nicht in die Schweiz geliefert werden.<\/p>\n<p>Bitte beachte:<br \/>\nDer Verkauf dieses Artikels erfolgt nur an Personen \u00fcber 18 Jahre. Bitte gib deshalb Dein Geburtsdatum in unserem Bestellformular an. Zus\u00e4tzlich ben\u00f6tigen wir eine Kopie Deines Personalausweises, F\u00fchrerschein o.\u00e4. per E-Mail, Scan, Fax oder Post.<\/p>\n<\/div>\n","protected":false},"excerpt":{"rendered":"<p>kleine Wurfaxt<\/p>\n","protected":false},"featured_media":2416,"comment_status":"open","ping_status":"closed","template":"","meta":[],"product_brand":[],"product_cat":[726,536],"product_tag":[538,727,728,729],"class_list":{"0":"post-2413","1":"product","2":"type-product","3":"status-publish","4":"has-post-thumbnail","6":"product_cat-lagerleben","7":"product_cat-beil-axt","8":"product_tag-axt","9":"product_tag-wurfaxt","10":"product_tag-wikingeraxt","11":"product_tag-lagerleben","13":"first","14":"instock","15":"taxable","16":"shipping-taxable","17":"purchasable","18":"product-type-simple"},"_links":{"self":[{"href":"https:\/\/shop.xn--altmhl-bogensport-52b.de\/index.php?rest_route=\/wp\/v2\/product\/2413","targetHints":{"allow":["GET"]}}],"collection":[{"href":"https:\/\/shop.xn--altmhl-bogensport-52b.de\/index.php?rest_route=\/wp\/v2\/product"}],"about":[{"href":"https:\/\/shop.xn--altmhl-bogensport-52b.de\/index.php?rest_route=\/wp\/v2\/types\/product"}],"replies":[{"embeddable":true,"href":"https:\/\/shop.xn--altmhl-bogensport-52b.de\/index.php?rest_route=%2Fwp%2Fv2%2Fcomments&post=2413"}],"wp:featuredmedia":[{"embeddable":true,"href":"https:\/\/shop.xn--altmhl-bogensport-52b.de\/index.php?rest_route=\/wp\/v2\/media\/2416"}],"wp:attachment":[{"href":"https:\/\/shop.xn--altmhl-bogensport-52b.de\/index.php?rest_route=%2Fwp%2Fv2%2Fmedia&parent=2413"}],"wp:term":[{"taxonomy":"product_brand","embeddable":true,"href":"https:\/\/shop.xn--altmhl-bogensport-52b.de\/index.php?rest_route=%2Fwp%2Fv2%2Fproduct_brand&post=2413"},{"taxonomy":"product_cat","embeddable":true,"href":"https:\/\/shop.xn--altmhl-bogensport-52b.de\/index.php?rest_route=%2Fwp%2Fv2%2Fproduct_cat&post=2413"},{"taxonomy":"product_tag","embeddable":true,"href":"https:\/\/shop.xn--altmhl-bogensport-52b.de\/index.php?rest_route=%2Fwp%2Fv2%2Fproduct_tag&post=2413"}],"curies":[{"name":"wp","href":"https:\/\/api.w.org\/{rel}","templated":true}]}}