{"id":2397,"date":"2021-12-12T14:23:35","date_gmt":"2021-12-12T14:23:35","guid":{"rendered":"https:\/\/shop.xn--altmhl-bogensport-52b.de\/?post_type=product&#038;p=2397"},"modified":"2023-11-07T15:18:53","modified_gmt":"2023-11-07T15:18:53","slug":"kinder-schnitzmesser-lastenpuukko-wood-jewel","status":"publish","type":"product","link":"https:\/\/shop.xn--altmhl-bogensport-52b.de\/?product=kinder-schnitzmesser-lastenpuukko-wood-jewel","title":{"rendered":"Kinder-Schnitzmesser Lastenpuukko, Wood-Jewel"},"content":{"rendered":"<div class=\"content--title\">Produktinformationen &#8220;Kinder-Schnitzmesser Lastenpuukko, Wood-Jewel&#8221;<\/div>\n<div class=\"product--description\">\n<p><strong>Kindermesser\u00a0Lastenpuukko, Wood-Jewel<\/strong><\/p>\n<p>Wood Jewel ist eine kleine\u00a0Messer-Manufaktur aus dem finnischen Teil Lapplands. S\u00e4mtliche Messer werden handgefertigt und traditionell verarbeitet. Naturprodukte wie Maserbirke und Rentierhorn kommen bei diesen Messern wundersch\u00f6n verarbeitet zum Einsatz. Sie besitzen eine Klingengeometrie, die f\u00fcr den Einsatz in den verschiedensten Gebieten wie Jagd, Outdoor oder Survival wie geschaffen sind. Robust und zuverl\u00e4ssig erf\u00fcllen sie s\u00e4mtliche Arbeiten.<\/p>\n<p>Das richtige Messer f\u00fcr kleine H\u00e4nde: das\u00a0<strong>Kinderschnitzmesser<\/strong>\u00a0von Wood Jewel ist ein ideales und vor allem sicheres Einsteigermesser. Das Messer entspricht der klassischen Variante f\u00fcr die Gro\u00dfen, ist aber in vielen Belangen auf die Bed\u00fcrfnisse der kleinen Oudoorfreunde angepasst. Die Klinge ist vorne abgerundet. Das Lastenpuukko hat einen Griff aus Maserbirke + Rentierhorn und wird mit einer Lederscheide geliefert.<\/p>\n<p>Die Abbildung kann nur als beispielhaft angesehen werden, da Maserbirke und Rentierhorn Naturprodukte sind und somit in Zeichnung und Farbe variieren k\u00f6nnen.<\/p>\n<p><strong>Details:<\/strong><br \/>\n&#8211; Klingenmaterial: Kohlenstoffstahl<br \/>\n&#8211; Griffmaterial: Maserbirke + Rentierhorn<br \/>\n&#8211; Gesamtl\u00e4nge: ca. 16,0 cm<br \/>\n&#8211; Klingenl\u00e4nge: ca. 5,7 cm<br \/>\n&#8211; Gewicht: ca. 95 g<br \/>\n&#8211; Hersteller-Artikelnummer: 23L<\/p>\n<\/div>\n","protected":false},"excerpt":{"rendered":"<p>Kinder Schnitzmesser<\/p>\n","protected":false},"featured_media":2398,"comment_status":"open","ping_status":"closed","template":"","meta":[],"product_brand":[],"product_cat":[631,600],"product_tag":[601,604,720,722],"class_list":{"0":"post-2397","1":"product","2":"type-product","3":"status-publish","4":"has-post-thumbnail","6":"product_cat-zubehoer-kids","7":"product_cat-messer","8":"product_tag-messer","9":"product_tag-wood-jewel","10":"product_tag-schnitzmesser","11":"product_tag-lastenpuukko","13":"first","14":"onbackorder","15":"taxable","16":"shipping-taxable","17":"purchasable","18":"product-type-simple"},"_links":{"self":[{"href":"https:\/\/shop.xn--altmhl-bogensport-52b.de\/index.php?rest_route=\/wp\/v2\/product\/2397","targetHints":{"allow":["GET"]}}],"collection":[{"href":"https:\/\/shop.xn--altmhl-bogensport-52b.de\/index.php?rest_route=\/wp\/v2\/product"}],"about":[{"href":"https:\/\/shop.xn--altmhl-bogensport-52b.de\/index.php?rest_route=\/wp\/v2\/types\/product"}],"replies":[{"embeddable":true,"href":"https:\/\/shop.xn--altmhl-bogensport-52b.de\/index.php?rest_route=%2Fwp%2Fv2%2Fcomments&post=2397"}],"wp:featuredmedia":[{"embeddable":true,"href":"https:\/\/shop.xn--altmhl-bogensport-52b.de\/index.php?rest_route=\/wp\/v2\/media\/2398"}],"wp:attachment":[{"href":"https:\/\/shop.xn--altmhl-bogensport-52b.de\/index.php?rest_route=%2Fwp%2Fv2%2Fmedia&parent=2397"}],"wp:term":[{"taxonomy":"product_brand","embeddable":true,"href":"https:\/\/shop.xn--altmhl-bogensport-52b.de\/index.php?rest_route=%2Fwp%2Fv2%2Fproduct_brand&post=2397"},{"taxonomy":"product_cat","embeddable":true,"href":"https:\/\/shop.xn--altmhl-bogensport-52b.de\/index.php?rest_route=%2Fwp%2Fv2%2Fproduct_cat&post=2397"},{"taxonomy":"product_tag","embeddable":true,"href":"https:\/\/shop.xn--altmhl-bogensport-52b.de\/index.php?rest_route=%2Fwp%2Fv2%2Fproduct_tag&post=2397"}],"curies":[{"name":"wp","href":"https:\/\/api.w.org\/{rel}","templated":true}]}}