{"id":2371,"date":"2021-12-11T15:29:25","date_gmt":"2021-12-11T15:29:25","guid":{"rendered":"https:\/\/shop.xn--altmhl-bogensport-52b.de\/?post_type=product&#038;p=2371"},"modified":"2025-09-15T00:37:19","modified_gmt":"2025-09-15T00:37:19","slug":"2371","status":"publish","type":"product","link":"https:\/\/shop.xn--altmhl-bogensport-52b.de\/?product=2371","title":{"rendered":"Bohning Pocket Quiver"},"content":{"rendered":"<h2>BOHNING Pocket Quiver Taschenk\u00f6cher<\/h2>\n<p>&nbsp;<\/p>\n<p>Der Taschenk\u00f6cher &#8220;Pocket Quiver&#8221; von Bohning besteht aus festem Kunststoff. Er bietet eine sichere und praktische Mitf\u00fchrung von Pfeilen mit Feldspitzen.<\/p>\n<p>Der Taschenk\u00f6cher kann 6 Pfeile eines\u00a0jeden g\u00e4ngigen Pfeildurchmessers fassen.<\/p>\n<p>Getragen wird er in der Hosentasche,\u00a0kann aber auch, wenn gew\u00fcnscht, an einem G\u00fcrtel befestigt werden. Der zus\u00e4tzliche Befestigungsclip sorgt f\u00fcr eine hohe Verl\u00e4sslichkeit und eine gute Erreichbarkeit der Pfeile.<\/p>\n<p>&nbsp;<\/p>\n<h3>Alle wichtigen Informationen auf einen Blick:<\/h3>\n<ul>\n<li>Ma\u00dfe: ca. 14cm x 8,5cm x 1,5cm (HxBxT &#8211; ohne Befestigungsclip)<\/li>\n<li>Material: fester Kunststoff<\/li>\n<li>Mitf\u00fchrung von 6 Pfeilen (Durchmesserunabh\u00e4ngig)<\/li>\n<li>kann sowohl in der Hosentasche als auch am G\u00fcrtel getragen werden<\/li>\n<\/ul>\n","protected":false},"excerpt":{"rendered":"<p>Taschenk\u00f6cher Bohning<\/p>\n","protected":false},"featured_media":2372,"comment_status":"open","ping_status":"closed","template":"","meta":[],"product_brand":[],"product_cat":[454,1504],"product_tag":[228,241,717,165],"class_list":{"0":"post-2371","1":"product","2":"type-product","3":"status-publish","4":"has-post-thumbnail","6":"product_cat-seitenkoecher","7":"product_cat-sommerschlussverkauf","8":"product_tag-taschenkoecher","9":"product_tag-bohning","10":"product_tag-hosentasche","11":"product_tag-koecher","13":"first","14":"instock","15":"taxable","16":"shipping-taxable","17":"purchasable","18":"product-type-simple"},"_links":{"self":[{"href":"https:\/\/shop.xn--altmhl-bogensport-52b.de\/index.php?rest_route=\/wp\/v2\/product\/2371","targetHints":{"allow":["GET"]}}],"collection":[{"href":"https:\/\/shop.xn--altmhl-bogensport-52b.de\/index.php?rest_route=\/wp\/v2\/product"}],"about":[{"href":"https:\/\/shop.xn--altmhl-bogensport-52b.de\/index.php?rest_route=\/wp\/v2\/types\/product"}],"replies":[{"embeddable":true,"href":"https:\/\/shop.xn--altmhl-bogensport-52b.de\/index.php?rest_route=%2Fwp%2Fv2%2Fcomments&post=2371"}],"wp:featuredmedia":[{"embeddable":true,"href":"https:\/\/shop.xn--altmhl-bogensport-52b.de\/index.php?rest_route=\/wp\/v2\/media\/2372"}],"wp:attachment":[{"href":"https:\/\/shop.xn--altmhl-bogensport-52b.de\/index.php?rest_route=%2Fwp%2Fv2%2Fmedia&parent=2371"}],"wp:term":[{"taxonomy":"product_brand","embeddable":true,"href":"https:\/\/shop.xn--altmhl-bogensport-52b.de\/index.php?rest_route=%2Fwp%2Fv2%2Fproduct_brand&post=2371"},{"taxonomy":"product_cat","embeddable":true,"href":"https:\/\/shop.xn--altmhl-bogensport-52b.de\/index.php?rest_route=%2Fwp%2Fv2%2Fproduct_cat&post=2371"},{"taxonomy":"product_tag","embeddable":true,"href":"https:\/\/shop.xn--altmhl-bogensport-52b.de\/index.php?rest_route=%2Fwp%2Fv2%2Fproduct_tag&post=2371"}],"curies":[{"name":"wp","href":"https:\/\/api.w.org\/{rel}","templated":true}]}}