{"id":237,"date":"2019-10-13T15:57:12","date_gmt":"2019-10-13T15:57:12","guid":{"rendered":"http:\/\/shop.xn--altmhl-bogensport-52b.de\/?post_type=product&#038;p=237"},"modified":"2024-12-29T16:08:42","modified_gmt":"2024-12-29T16:08:42","slug":"zielscheibenauflagen-fita-wa-jvd-papier-mit-nylonfaeden-122cm","status":"publish","type":"product","link":"https:\/\/shop.xn--altmhl-bogensport-52b.de\/?product=zielscheibenauflagen-fita-wa-jvd-papier-mit-nylonfaeden-122cm","title":{"rendered":"Zielscheibenauflagen FITA WA JVD Papier mit Nylonf\u00e4den 122cm"},"content":{"rendered":"<p>Zielscheiben-Auflage nach FITA-Abma\u00dfen<\/p>\n<p>Die JVD Zielscheibenauflage aus Papier verst\u00e4rkt mit Nylonf\u00e4den entspricht in ihrer Farbgebung und ihren Abma\u00dfen den aktuellen Normen der FITA WA (World Archery Federation).<\/p>\n<p>Diese Auflage ist f\u00fcr die gro\u00dfen Stramit Scheiben ideal bei einem FITA Wettkampf.<\/p>\n<p><strong>ACHTUNG: Aufgrund der Gr\u00f6\u00dfe wird diese Auflage gefaltet geliefert um Versandkosten zu sparen, m\u00f6chten sie dies nicht, fallen Sperrgut Kosten f\u00fcr den Versand an!!<\/strong><\/p>\n<p>Ma\u00dfe gesamt: 126 x 126 cm<\/p>\n<p>Durchmesser Scheibenaufdruck: 122 cm<\/p>\n<p>Material: nylonverst\u00e4rktes Spezialpapier<\/p>\n<p>Lieferumfang: 1 St\u00fcck<\/p>\n<p>&nbsp;<\/p>\n<p><strong>Herstellername:<\/strong><br \/>\nJVD Group B.V.<br \/>\n<strong>Anschrift:<\/strong><br \/>\nLooier 9, 5253 RA Nieuwkuijk<br \/>\n<strong>Herkunftsland:<\/strong><br \/>\nNiederlande<br \/>\n<strong>Webseite:<\/strong><br \/>\nhttps:\/\/www.jvd-archery.com\/<br \/>\n<strong>Kontakt:<\/strong><br \/>\ncontact@jvd-group.com<br \/>\n<strong>Marke:<\/strong><br \/>\nJVD<\/p>\n","protected":false},"excerpt":{"rendered":"<p>Scheibenauflage aus Papier, verst\u00e4rkt<\/p>\n","protected":false},"featured_media":230,"comment_status":"open","ping_status":"closed","template":"","meta":[],"product_brand":[],"product_cat":[61],"product_tag":[91,92,93],"class_list":{"0":"post-237","1":"product","2":"type-product","3":"status-publish","4":"has-post-thumbnail","6":"product_cat-auflagen-u-zubehoer","7":"product_tag-auflage","8":"product_tag-fita","9":"product_tag-scheibenauflage","11":"first","12":"instock","13":"taxable","14":"shipping-taxable","15":"purchasable","16":"product-type-simple"},"_links":{"self":[{"href":"https:\/\/shop.xn--altmhl-bogensport-52b.de\/index.php?rest_route=\/wp\/v2\/product\/237","targetHints":{"allow":["GET"]}}],"collection":[{"href":"https:\/\/shop.xn--altmhl-bogensport-52b.de\/index.php?rest_route=\/wp\/v2\/product"}],"about":[{"href":"https:\/\/shop.xn--altmhl-bogensport-52b.de\/index.php?rest_route=\/wp\/v2\/types\/product"}],"replies":[{"embeddable":true,"href":"https:\/\/shop.xn--altmhl-bogensport-52b.de\/index.php?rest_route=%2Fwp%2Fv2%2Fcomments&post=237"}],"wp:featuredmedia":[{"embeddable":true,"href":"https:\/\/shop.xn--altmhl-bogensport-52b.de\/index.php?rest_route=\/wp\/v2\/media\/230"}],"wp:attachment":[{"href":"https:\/\/shop.xn--altmhl-bogensport-52b.de\/index.php?rest_route=%2Fwp%2Fv2%2Fmedia&parent=237"}],"wp:term":[{"taxonomy":"product_brand","embeddable":true,"href":"https:\/\/shop.xn--altmhl-bogensport-52b.de\/index.php?rest_route=%2Fwp%2Fv2%2Fproduct_brand&post=237"},{"taxonomy":"product_cat","embeddable":true,"href":"https:\/\/shop.xn--altmhl-bogensport-52b.de\/index.php?rest_route=%2Fwp%2Fv2%2Fproduct_cat&post=237"},{"taxonomy":"product_tag","embeddable":true,"href":"https:\/\/shop.xn--altmhl-bogensport-52b.de\/index.php?rest_route=%2Fwp%2Fv2%2Fproduct_tag&post=237"}],"curies":[{"name":"wp","href":"https:\/\/api.w.org\/{rel}","templated":true}]}}