{"id":2346,"date":"2021-12-10T19:55:50","date_gmt":"2021-12-10T19:55:50","guid":{"rendered":"https:\/\/shop.xn--altmhl-bogensport-52b.de\/?post_type=product&#038;p=2346"},"modified":"2026-03-13T15:33:41","modified_gmt":"2026-03-13T15:33:41","slug":"black-stallion-handschuh-rot-schwarz","status":"publish","type":"product","link":"https:\/\/shop.xn--altmhl-bogensport-52b.de\/?product=black-stallion-handschuh-rot-schwarz","title":{"rendered":"Black Stallion Handschuh rot-schwarz"},"content":{"rendered":"<p><strong><em>&#8220;Black Stallion\u201d<\/em><\/strong>\u00a0Handschuh<\/p>\n<p>Ein etwas besonderer Handschuh, f\u00fcr alle, welche nicht den allt\u00e4glichen Handschuh m\u00f6chten.\u00a0 Dieser sehr sch\u00f6ne Schie\u00dfhandschuh in schwarz f\u00e4llt auf mit seiner\u00a0 roten Naht.<\/p>\n<p>F\u00fcr die Produktion unserer \u201cBlack Stallion\u201d Handschuhe<br \/>\nwird nur hochwertiges Rinderleder gen\u00fctzt.<br \/>\nF\u00fcr die Verst\u00e4rkung der Fingerspitze haben wir Pferdeleder verwendet.<br \/>\nVerf\u00fcgbare Gr\u00f6\u00dfen: XS, S, M, L, XL, XXL<\/p>\n<p>&nbsp;<\/p>\n<p>Herstellerangaben:<\/p>\n<p><strong>Dream Bow Factory Distribution GmbH,<\/strong><\/p>\n<p><strong>Saarstr. 100, 55765 Birkenfeld,<\/strong><\/p>\n<p><strong>Germany<\/strong><\/p>\n<p>info@dreambowfactory.eu<\/p>\n","protected":false},"excerpt":{"rendered":"<p>Handschuh black stallion<\/p>\n","protected":false},"featured_media":3223,"comment_status":"open","ping_status":"closed","template":"","meta":[],"product_brand":[],"product_cat":[100],"product_tag":[416,1380,1404,101,102],"class_list":{"0":"post-2346","1":"product","2":"type-product","3":"status-publish","4":"has-post-thumbnail","6":"product_cat-handschuhe","7":"product_tag-black-stallion","8":"product_tag-dreambow","9":"product_tag-rot-schwarz","10":"product_tag-handschuh","11":"product_tag-schiesshandschuh","13":"first","14":"instock","15":"taxable","16":"shipping-taxable","17":"purchasable","18":"product-type-variable"},"_links":{"self":[{"href":"https:\/\/shop.xn--altmhl-bogensport-52b.de\/index.php?rest_route=\/wp\/v2\/product\/2346","targetHints":{"allow":["GET"]}}],"collection":[{"href":"https:\/\/shop.xn--altmhl-bogensport-52b.de\/index.php?rest_route=\/wp\/v2\/product"}],"about":[{"href":"https:\/\/shop.xn--altmhl-bogensport-52b.de\/index.php?rest_route=\/wp\/v2\/types\/product"}],"replies":[{"embeddable":true,"href":"https:\/\/shop.xn--altmhl-bogensport-52b.de\/index.php?rest_route=%2Fwp%2Fv2%2Fcomments&post=2346"}],"wp:featuredmedia":[{"embeddable":true,"href":"https:\/\/shop.xn--altmhl-bogensport-52b.de\/index.php?rest_route=\/wp\/v2\/media\/3223"}],"wp:attachment":[{"href":"https:\/\/shop.xn--altmhl-bogensport-52b.de\/index.php?rest_route=%2Fwp%2Fv2%2Fmedia&parent=2346"}],"wp:term":[{"taxonomy":"product_brand","embeddable":true,"href":"https:\/\/shop.xn--altmhl-bogensport-52b.de\/index.php?rest_route=%2Fwp%2Fv2%2Fproduct_brand&post=2346"},{"taxonomy":"product_cat","embeddable":true,"href":"https:\/\/shop.xn--altmhl-bogensport-52b.de\/index.php?rest_route=%2Fwp%2Fv2%2Fproduct_cat&post=2346"},{"taxonomy":"product_tag","embeddable":true,"href":"https:\/\/shop.xn--altmhl-bogensport-52b.de\/index.php?rest_route=%2Fwp%2Fv2%2Fproduct_tag&post=2346"}],"curies":[{"name":"wp","href":"https:\/\/api.w.org\/{rel}","templated":true}]}}