{"id":2343,"date":"2021-12-10T19:40:38","date_gmt":"2021-12-10T19:40:38","guid":{"rendered":"https:\/\/shop.xn--altmhl-bogensport-52b.de\/?post_type=product&#038;p=2343"},"modified":"2025-03-12T18:45:27","modified_gmt":"2025-03-12T18:45:27","slug":"x-line-armbrustbolzen-radon-2219-alu-22zoll","status":"publish","type":"product","link":"https:\/\/shop.xn--altmhl-bogensport-52b.de\/?product=x-line-armbrustbolzen-radon-2219-alu-22zoll","title":{"rendered":"X-Line Armbrustbolzen &#8220;RADON&#8221; 2219 Alu 22Zoll"},"content":{"rendered":"<p>X-line Armbrustbolzen in 22 Zoll L\u00e4nge<\/p>\n<p>Aluminiumbolzen 2219.<\/p>\n<p>Lieferung als kompletter Bolzen mit einer Halfmoon Nocke, sowie Schraubspitze.<\/p>\n<p>Bolzen ist mit befiedert mit 4&#8243; Vanes, Farbw\u00fcnsche k\u00f6nnen bei dem ab Werk befiederten Bolzen leider nicht ber\u00fccksichtigt werden<\/p>\n<p>Herstellerangaben:<\/p>\n<p><strong>Dream Bow Factory Distribution GmbH,<\/strong><\/p>\n<p><strong>Saarstr. 100, 55765 Birkenfeld,<\/strong><\/p>\n<p><strong>Germany<\/strong><\/p>\n<p>info@dreambowfactory.eu<\/p>\n<p>&nbsp;<\/p>\n","protected":false},"excerpt":{"rendered":"<p>Armbrustbolzen Alu Radon<\/p>\n","protected":false},"featured_media":2344,"comment_status":"open","ping_status":"closed","template":"","meta":[],"product_brand":[],"product_cat":[700],"product_tag":[695,701,702,703,571],"class_list":{"0":"post-2343","1":"product","2":"type-product","3":"status-publish","4":"has-post-thumbnail","6":"product_cat-bolzen","7":"product_tag-x-line","8":"product_tag-bolzen","9":"product_tag-alu","10":"product_tag-703","11":"product_tag-armbrust","13":"first","14":"instock","15":"taxable","16":"shipping-taxable","17":"purchasable","18":"product-type-simple"},"_links":{"self":[{"href":"https:\/\/shop.xn--altmhl-bogensport-52b.de\/index.php?rest_route=\/wp\/v2\/product\/2343","targetHints":{"allow":["GET"]}}],"collection":[{"href":"https:\/\/shop.xn--altmhl-bogensport-52b.de\/index.php?rest_route=\/wp\/v2\/product"}],"about":[{"href":"https:\/\/shop.xn--altmhl-bogensport-52b.de\/index.php?rest_route=\/wp\/v2\/types\/product"}],"replies":[{"embeddable":true,"href":"https:\/\/shop.xn--altmhl-bogensport-52b.de\/index.php?rest_route=%2Fwp%2Fv2%2Fcomments&post=2343"}],"wp:featuredmedia":[{"embeddable":true,"href":"https:\/\/shop.xn--altmhl-bogensport-52b.de\/index.php?rest_route=\/wp\/v2\/media\/2344"}],"wp:attachment":[{"href":"https:\/\/shop.xn--altmhl-bogensport-52b.de\/index.php?rest_route=%2Fwp%2Fv2%2Fmedia&parent=2343"}],"wp:term":[{"taxonomy":"product_brand","embeddable":true,"href":"https:\/\/shop.xn--altmhl-bogensport-52b.de\/index.php?rest_route=%2Fwp%2Fv2%2Fproduct_brand&post=2343"},{"taxonomy":"product_cat","embeddable":true,"href":"https:\/\/shop.xn--altmhl-bogensport-52b.de\/index.php?rest_route=%2Fwp%2Fv2%2Fproduct_cat&post=2343"},{"taxonomy":"product_tag","embeddable":true,"href":"https:\/\/shop.xn--altmhl-bogensport-52b.de\/index.php?rest_route=%2Fwp%2Fv2%2Fproduct_tag&post=2343"}],"curies":[{"name":"wp","href":"https:\/\/api.w.org\/{rel}","templated":true}]}}