{"id":2305,"date":"2021-12-09T19:00:00","date_gmt":"2021-12-09T19:00:00","guid":{"rendered":"https:\/\/shop.xn--altmhl-bogensport-52b.de\/?post_type=product&#038;p=2305"},"modified":"2025-01-08T18:34:45","modified_gmt":"2025-01-08T18:34:45","slug":"rueckenkoecher-adventure-bearpaw","status":"publish","type":"product","link":"https:\/\/shop.xn--altmhl-bogensport-52b.de\/?product=rueckenkoecher-adventure-bearpaw","title":{"rendered":"R\u00fcckenk\u00f6cher Adventure Bearpaw"},"content":{"rendered":"<p>Der R\u00fcckenk\u00f6cher Adventure ist ein universeller R\u00fcckenk\u00f6cher mit fantastischen Einstellm\u00f6glichkeiten. Durch sein besonderes Beriemungssystem kann dieser K\u00f6cher f\u00fcr Rechts- und Linkshandsch\u00fctzen eingestellt werden. Der R\u00fcckenk\u00f6cher Adventure l\u00e4\u00dft sich ebenso als Rucksackk\u00f6cher verwenden. Das f\u00fcr diesen R\u00fcckenk\u00f6cher verwendete Nylonmaterial ist besonders robust um ihn f\u00fcr den Einsatz bei Jagd und Turnier die ausreichende Widerstandsf\u00e4higkeit zu geben.<\/p>\n<ul>\n<li>L\u00e4nge: ca. 56 cm (22 Zoll)<\/li>\n<li>Ausf\u00fchrungen: Schwarz und Schwarz\/Camo<\/li>\n<li>Material: Robustes und wasserabweisendes Nylon<\/li>\n<li>Extras: Universelle Beriemung f\u00fcr die Verwendung als RH K\u00f6cher, LH K\u00f6cher sowie Rucksackk\u00f6cher<\/li>\n<\/ul>\n<p>&nbsp;<\/p>\n<table class=\"table table-sm\">\n<tbody>\n<tr class=\"attr-custom\">\n<td class=\"attr-value\"><strong>Herstellername:<\/strong><br \/>\nBEARPAW GmbH<br \/>\n<strong>Anschrift:<\/strong><br \/>\nHannebach 30, 96269 Rossach<br \/>\n<strong>Herkunftsland:<\/strong><br \/>\nDeutschland<br \/>\n<strong>Webseite:<\/strong><br \/>\nhttps:\/\/www.bearpaw-products.de\/<br \/>\n<strong>Kontakt:<\/strong><br \/>\ninfo@bearpaw-products.com<br \/>\n<strong>Marke:<\/strong><br \/>\nBearpaw Products<\/td>\n<\/tr>\n<\/tbody>\n<\/table>\n","protected":false},"excerpt":{"rendered":"<p>R\u00fcckenk\u00f6cher Adventure Bearpaw<\/p>\n","protected":false},"featured_media":2306,"comment_status":"open","ping_status":"closed","template":"","meta":[],"product_brand":[],"product_cat":[453,457],"product_tag":[30,414,451,452],"class_list":{"0":"post-2305","1":"product","2":"type-product","3":"status-publish","4":"has-post-thumbnail","6":"product_cat-rueckenkoecher","7":"product_cat-junior-koecher","8":"product_tag-bearpaw","9":"product_tag-schwarz","10":"product_tag-adventure","11":"product_tag-rueckenkoecher","13":"first","14":"instock","15":"taxable","16":"shipping-taxable","17":"purchasable","18":"product-type-variable"},"_links":{"self":[{"href":"https:\/\/shop.xn--altmhl-bogensport-52b.de\/index.php?rest_route=\/wp\/v2\/product\/2305","targetHints":{"allow":["GET"]}}],"collection":[{"href":"https:\/\/shop.xn--altmhl-bogensport-52b.de\/index.php?rest_route=\/wp\/v2\/product"}],"about":[{"href":"https:\/\/shop.xn--altmhl-bogensport-52b.de\/index.php?rest_route=\/wp\/v2\/types\/product"}],"replies":[{"embeddable":true,"href":"https:\/\/shop.xn--altmhl-bogensport-52b.de\/index.php?rest_route=%2Fwp%2Fv2%2Fcomments&post=2305"}],"wp:featuredmedia":[{"embeddable":true,"href":"https:\/\/shop.xn--altmhl-bogensport-52b.de\/index.php?rest_route=\/wp\/v2\/media\/2306"}],"wp:attachment":[{"href":"https:\/\/shop.xn--altmhl-bogensport-52b.de\/index.php?rest_route=%2Fwp%2Fv2%2Fmedia&parent=2305"}],"wp:term":[{"taxonomy":"product_brand","embeddable":true,"href":"https:\/\/shop.xn--altmhl-bogensport-52b.de\/index.php?rest_route=%2Fwp%2Fv2%2Fproduct_brand&post=2305"},{"taxonomy":"product_cat","embeddable":true,"href":"https:\/\/shop.xn--altmhl-bogensport-52b.de\/index.php?rest_route=%2Fwp%2Fv2%2Fproduct_cat&post=2305"},{"taxonomy":"product_tag","embeddable":true,"href":"https:\/\/shop.xn--altmhl-bogensport-52b.de\/index.php?rest_route=%2Fwp%2Fv2%2Fproduct_tag&post=2305"}],"curies":[{"name":"wp","href":"https:\/\/api.w.org\/{rel}","templated":true}]}}