{"id":2295,"date":"2021-12-09T18:40:06","date_gmt":"2021-12-09T18:40:06","guid":{"rendered":"https:\/\/shop.xn--altmhl-bogensport-52b.de\/?post_type=product&#038;p=2295"},"modified":"2024-12-15T15:15:05","modified_gmt":"2024-12-15T15:15:05","slug":"bogenhuelle-bearpaw-fleece-schwarz","status":"publish","type":"product","link":"https:\/\/shop.xn--altmhl-bogensport-52b.de\/?product=bogenhuelle-bearpaw-fleece-schwarz","title":{"rendered":"Bogenh\u00fclle Bearpaw Fleece schwarz"},"content":{"rendered":"<p>In den Bearpaw Bogenh\u00fcllen Fleece sind die B\u00f6gen stilvoll verstaut und gesch\u00fctzt. Die verschiedenen Ma\u00dfe passen f\u00fcr jeden Bogentyp und sind von Ihren Abmessungen so ausgew\u00e4hlt, dass jeder Bogen perfekt untergebracht ist. Das dicke Fleece Material sch\u00fctzt Ihren Bogen sicher gegen Besch\u00e4digungen durch St\u00f6\u00dfe und Kontakt mit harten Gegenst\u00e4nden.<\/p>\n<ul>\n<li>Ma\u00dfe Bogenh\u00fclle Recurve: Ca.180 cm x 18 cm<\/li>\n<li>Ma\u00dfe Bogenh\u00fclle Short: Ca.152 cm x 12 cm<\/li>\n<li>Ma\u00dfe Bogenh\u00fclle Long: Ca.193 cm x 12 cm<\/li>\n<li>Material: Schwarzer Fleece<\/li>\n<\/ul>\n","protected":false},"excerpt":{"rendered":"<p>Bearpaw Bogenh\u00fclle fleece<\/p>\n","protected":false},"featured_media":2297,"comment_status":"open","ping_status":"closed","template":"","meta":[],"product_brand":[],"product_cat":[33],"product_tag":[128,156,414,36,37],"class_list":{"0":"post-2295","1":"product","2":"type-product","3":"status-publish","4":"has-post-thumbnail","6":"product_cat-bogenhuellen-taschen","7":"product_tag-fred-bear","8":"product_tag-bogentasche","9":"product_tag-schwarz","10":"product_tag-fleece","11":"product_tag-bogenhuelle","13":"first","14":"instock","15":"taxable","16":"shipping-taxable","17":"purchasable","18":"product-type-variable"},"_links":{"self":[{"href":"https:\/\/shop.xn--altmhl-bogensport-52b.de\/index.php?rest_route=\/wp\/v2\/product\/2295","targetHints":{"allow":["GET"]}}],"collection":[{"href":"https:\/\/shop.xn--altmhl-bogensport-52b.de\/index.php?rest_route=\/wp\/v2\/product"}],"about":[{"href":"https:\/\/shop.xn--altmhl-bogensport-52b.de\/index.php?rest_route=\/wp\/v2\/types\/product"}],"replies":[{"embeddable":true,"href":"https:\/\/shop.xn--altmhl-bogensport-52b.de\/index.php?rest_route=%2Fwp%2Fv2%2Fcomments&post=2295"}],"wp:featuredmedia":[{"embeddable":true,"href":"https:\/\/shop.xn--altmhl-bogensport-52b.de\/index.php?rest_route=\/wp\/v2\/media\/2297"}],"wp:attachment":[{"href":"https:\/\/shop.xn--altmhl-bogensport-52b.de\/index.php?rest_route=%2Fwp%2Fv2%2Fmedia&parent=2295"}],"wp:term":[{"taxonomy":"product_brand","embeddable":true,"href":"https:\/\/shop.xn--altmhl-bogensport-52b.de\/index.php?rest_route=%2Fwp%2Fv2%2Fproduct_brand&post=2295"},{"taxonomy":"product_cat","embeddable":true,"href":"https:\/\/shop.xn--altmhl-bogensport-52b.de\/index.php?rest_route=%2Fwp%2Fv2%2Fproduct_cat&post=2295"},{"taxonomy":"product_tag","embeddable":true,"href":"https:\/\/shop.xn--altmhl-bogensport-52b.de\/index.php?rest_route=%2Fwp%2Fv2%2Fproduct_tag&post=2295"}],"curies":[{"name":"wp","href":"https:\/\/api.w.org\/{rel}","templated":true}]}}