{"id":2262,"date":"2021-12-08T19:52:26","date_gmt":"2021-12-08T19:52:26","guid":{"rendered":"https:\/\/shop.xn--altmhl-bogensport-52b.de\/?post_type=product&#038;p=2262"},"modified":"2025-01-04T12:24:55","modified_gmt":"2025-01-04T12:24:55","slug":"leitold-3d-tier-kaenguru","status":"publish","type":"product","link":"https:\/\/shop.xn--altmhl-bogensport-52b.de\/?product=leitold-3d-tier-kaenguru","title":{"rendered":"Leitold 3D Tier K\u00e4nguru"},"content":{"rendered":"<p>IFAA Gruppe: 3<br \/>\nAu\u00dfenkill: 16 cm<\/p>\n<p>WA Gruppe: 3<br \/>\nAnzahl Wertungszonen: 2<\/p>\n<p>&#8211; UV-resistent<br \/>\n&#8211; einteilig und somit extrem witterungsbest\u00e4ndig und langlebig (optimal auch f\u00fcr Ganzjahres-\/Winterparcours!)<br \/>\n&#8211; perfekte Materialabstimmung sorgt f\u00fcr leichtes Pfeile ziehen und selbstverschlie\u00dfende Einschussl\u00f6cher<br \/>\n&#8211; optimale Pfeil-Stoppwirkung \/ f\u00fcr alle Bogenarten geeignet<br \/>\n&#8211; IFAA approved<\/p>\n<div><\/div>\n<div>HINWEIS: Bei unseren Produktbildern handelt es sich um Symbol-Fotos. Da alles in Handarbeit bemalt wird, kann es zu Farbabweichungen kommen.<\/div>\n<div><\/div>\n<div>\n<div>Gewicht: 5 kg<\/div>\n<div>H\u00f6he: 72 cm<\/div>\n<div>Breite: 28 cm<\/div>\n<div>Tiefe: 75 cm<\/div>\n<\/div>\n<div><\/div>\n<div><strong>Herstellername:<\/strong><br \/>\nLeitold GmbH<br \/>\n<strong>Anschrift:<\/strong><br \/>\nGewerbepark S\u00fcd, Salzburger Str. 3, 5141 Moosdorf<br \/>\n<strong>Herkunftsland:<\/strong><br \/>\n\u00d6sterreich<br \/>\n<strong>Webseite:<\/strong><br \/>\nhttps:\/\/www.leitold.at\/<br \/>\n<strong>Kontakt:<\/strong><br \/>\ninfo@leitold.at<br \/>\n<strong>Marke:<\/strong><br \/>\nL.G. Animals &#8211; 3D Targets<\/div>\n","protected":false},"excerpt":{"rendered":"<p>Leitold K\u00e4nguru<\/p>\n","protected":false},"featured_media":2263,"comment_status":"open","ping_status":"closed","template":"","meta":[],"product_brand":[],"product_cat":[386],"product_tag":[177,388,678,679,680],"class_list":{"0":"post-2262","1":"product","2":"type-product","3":"status-publish","4":"has-post-thumbnail","6":"product_cat-lg-leitold","7":"product_tag-3d-ziel","8":"product_tag-leitold","9":"product_tag-kaenguru","10":"product_tag-kaengaru","11":"product_tag-kat3","13":"first","14":"onbackorder","15":"taxable","16":"shipping-taxable","17":"purchasable","18":"product-type-simple"},"_links":{"self":[{"href":"https:\/\/shop.xn--altmhl-bogensport-52b.de\/index.php?rest_route=\/wp\/v2\/product\/2262","targetHints":{"allow":["GET"]}}],"collection":[{"href":"https:\/\/shop.xn--altmhl-bogensport-52b.de\/index.php?rest_route=\/wp\/v2\/product"}],"about":[{"href":"https:\/\/shop.xn--altmhl-bogensport-52b.de\/index.php?rest_route=\/wp\/v2\/types\/product"}],"replies":[{"embeddable":true,"href":"https:\/\/shop.xn--altmhl-bogensport-52b.de\/index.php?rest_route=%2Fwp%2Fv2%2Fcomments&post=2262"}],"wp:featuredmedia":[{"embeddable":true,"href":"https:\/\/shop.xn--altmhl-bogensport-52b.de\/index.php?rest_route=\/wp\/v2\/media\/2263"}],"wp:attachment":[{"href":"https:\/\/shop.xn--altmhl-bogensport-52b.de\/index.php?rest_route=%2Fwp%2Fv2%2Fmedia&parent=2262"}],"wp:term":[{"taxonomy":"product_brand","embeddable":true,"href":"https:\/\/shop.xn--altmhl-bogensport-52b.de\/index.php?rest_route=%2Fwp%2Fv2%2Fproduct_brand&post=2262"},{"taxonomy":"product_cat","embeddable":true,"href":"https:\/\/shop.xn--altmhl-bogensport-52b.de\/index.php?rest_route=%2Fwp%2Fv2%2Fproduct_cat&post=2262"},{"taxonomy":"product_tag","embeddable":true,"href":"https:\/\/shop.xn--altmhl-bogensport-52b.de\/index.php?rest_route=%2Fwp%2Fv2%2Fproduct_tag&post=2262"}],"curies":[{"name":"wp","href":"https:\/\/api.w.org\/{rel}","templated":true}]}}