{"id":2256,"date":"2021-12-08T19:43:14","date_gmt":"2021-12-08T19:43:14","guid":{"rendered":"https:\/\/shop.xn--altmhl-bogensport-52b.de\/?post_type=product&#038;p=2256"},"modified":"2025-01-04T12:26:00","modified_gmt":"2025-01-04T12:26:00","slug":"leitold-3d-tier-snakeater","status":"publish","type":"product","link":"https:\/\/shop.xn--altmhl-bogensport-52b.de\/?product=leitold-3d-tier-snakeater","title":{"rendered":"Leitold 3D Tier SnakEater"},"content":{"rendered":"<p>Leitold 3D Tier SnakEater<br \/>\nDas 3D Tier SnakEater von Leitold ist alles andere als harmlos und bietet einen garantierten Blickfang.<\/p>\n<p>Der bew\u00e4hrte Schaum von Leitold, als auch die hohen handbemalten Details am 3D Tier sorgen f\u00fcr noch mehr Spa\u00df beim Bogenschie\u00dfen.<\/p>\n<p>Wertungszone:<\/p>\n<p>3 Kills<\/p>\n<p>IFAA Gr. 3 + 4<\/p>\n<p>WA Gr. 3<\/p>\n<p>Au\u00dfenkill 13,5 cm + 17,5 cm<\/p>\n<p>10 Ring \u00d8 8,5 cm + 7,5 cm<\/p>\n<p>11 Ring \u00d8 3,5 cm<\/p>\n<p>Gewicht:<\/p>\n<p>9 kg<\/p>\n<p>Abmessung:<\/p>\n<p>T: 63 cm, B: 45 cm, H: 37 cm<\/p>\n<p>HINWEIS: Bei unseren Produktbildern handelt es sich um Symbol-Fotos. Da alles in Handarbeit bemalt wird, kann es zu Farbabweichungen kommen.<\/p>\n<p>&nbsp;<\/p>\n<p><strong>Herstellername:<\/strong><br \/>\nLeitold GmbH<br \/>\n<strong>Anschrift:<\/strong><br \/>\nGewerbepark S\u00fcd, Salzburger Str. 3, 5141 Moosdorf<br \/>\n<strong>Herkunftsland:<\/strong><br \/>\n\u00d6sterreich<br \/>\n<strong>Webseite:<\/strong><br \/>\nhttps:\/\/www.leitold.at\/<br \/>\n<strong>Kontakt:<\/strong><br \/>\ninfo@leitold.at<br \/>\n<strong>Marke:<\/strong><br \/>\nL.G. Animals &#8211; 3D Targets<\/p>\n","protected":false},"excerpt":{"rendered":"<p>Leitold Snakeater<\/p>\n","protected":false},"featured_media":2257,"comment_status":"open","ping_status":"closed","template":"","meta":[],"product_brand":[],"product_cat":[386],"product_tag":[],"class_list":{"0":"post-2256","1":"product","2":"type-product","3":"status-publish","4":"has-post-thumbnail","6":"product_cat-lg-leitold","8":"first","9":"onbackorder","10":"taxable","11":"shipping-taxable","12":"purchasable","13":"product-type-simple"},"_links":{"self":[{"href":"https:\/\/shop.xn--altmhl-bogensport-52b.de\/index.php?rest_route=\/wp\/v2\/product\/2256","targetHints":{"allow":["GET"]}}],"collection":[{"href":"https:\/\/shop.xn--altmhl-bogensport-52b.de\/index.php?rest_route=\/wp\/v2\/product"}],"about":[{"href":"https:\/\/shop.xn--altmhl-bogensport-52b.de\/index.php?rest_route=\/wp\/v2\/types\/product"}],"replies":[{"embeddable":true,"href":"https:\/\/shop.xn--altmhl-bogensport-52b.de\/index.php?rest_route=%2Fwp%2Fv2%2Fcomments&post=2256"}],"wp:featuredmedia":[{"embeddable":true,"href":"https:\/\/shop.xn--altmhl-bogensport-52b.de\/index.php?rest_route=\/wp\/v2\/media\/2257"}],"wp:attachment":[{"href":"https:\/\/shop.xn--altmhl-bogensport-52b.de\/index.php?rest_route=%2Fwp%2Fv2%2Fmedia&parent=2256"}],"wp:term":[{"taxonomy":"product_brand","embeddable":true,"href":"https:\/\/shop.xn--altmhl-bogensport-52b.de\/index.php?rest_route=%2Fwp%2Fv2%2Fproduct_brand&post=2256"},{"taxonomy":"product_cat","embeddable":true,"href":"https:\/\/shop.xn--altmhl-bogensport-52b.de\/index.php?rest_route=%2Fwp%2Fv2%2Fproduct_cat&post=2256"},{"taxonomy":"product_tag","embeddable":true,"href":"https:\/\/shop.xn--altmhl-bogensport-52b.de\/index.php?rest_route=%2Fwp%2Fv2%2Fproduct_tag&post=2256"}],"curies":[{"name":"wp","href":"https:\/\/api.w.org\/{rel}","templated":true}]}}