{"id":2166,"date":"2021-12-06T19:41:40","date_gmt":"2021-12-06T19:41:40","guid":{"rendered":"https:\/\/shop.xn--altmhl-bogensport-52b.de\/?post_type=product&#038;p=2166"},"modified":"2025-08-31T21:25:13","modified_gmt":"2025-08-31T21:25:13","slug":"white-feather-firefinch-mittelteil-ilf-19","status":"publish","type":"product","link":"https:\/\/shop.xn--altmhl-bogensport-52b.de\/?product=white-feather-firefinch-mittelteil-ilf-19","title":{"rendered":"WHITE FEATHER Firefinch Mittelteil ILF"},"content":{"rendered":"<h3>WHITE FEATHER Firefinch Mittelteil ILF 19 oder 23 &#8220;<\/h3>\n<p>&nbsp;<\/p>\n<p>Das WHITE FEATHER Firefinsch Griffst\u00fcck wird durch das verschieden farbige Actionwood (Holzverbundwerkstoff) ein besonderes Griffst\u00fcck.\u00a0Die Farbgebung Schwarz-Rot-Schwarz ist durch 2 helle Kontraststreifen unterbrochen und f\u00e4ngt den Blick des Betrachters immer wieder ein! Das Griffst\u00fcck bleibt \u00fcber l\u00e4ngeren Zeitraum ein echter Eyecatcher an dem sich nicht schnell sattgesehen wird.<\/p>\n<p>Das Actionwood besteht aus mehreren Lagen Holz und Epoxidharz und ist somit sehr stabil und zugleich schwingungsd\u00e4mpfend.<\/p>\n<p>Durch die ILF ( international limb fitting ) Wurfarmaufnahmen kann das Mittelteil vielseitig kombiniert werden. Verschiedene Wurfarmeinstellungen bieten die M\u00f6glichkeit die Wurfarme nach der Pr\u00e4ferenz des Sch\u00fctzen auszurichten und einzustellen.<\/p>\n<p>&nbsp;<\/p>\n<p>Empfehlung:\u00a0Das Griffst\u00fcck nur mit Wurfarmen bis zu einem Auszugsgewicht von 55lbs. kombinieren, um Sch\u00e4den zu vermeiden.<\/p>\n<p>&nbsp;<\/p>\n<h3>Alle wichtigen Informationen auf einen Blick:<\/h3>\n<ul>\n<li>L\u00e4nge: 19&#8243;<\/li>\n<li>Gewicht: ca. 800g<\/li>\n<li>Material: Actionwood (Holzverbundwerkstoff)<\/li>\n<li>Farbe: Schwarz-Rot-Schwarz mit 2 Kontraststreifen<\/li>\n<li>Kompabilit\u00e4t: Standard ILF<\/li>\n<li>Griffst\u00fcck in RH und LH* erh\u00e4ltlich<\/li>\n<\/ul>\n<table class=\"table table-sm\">\n<tbody>\n<tr class=\"attr-custom\">\n<td><b>Herstellerangaben<\/b>:<\/td>\n<td class=\"attr-value\"><strong>Herstellername:<\/strong><br \/>\nHoneysuckle Woodworks and Farms, LLC<br \/>\n<strong>Anschrift:<\/strong><br \/>\n2641 Morgans Fork Rd, Waverly, OH 45690, USA<br \/>\n<strong>Webseite:<\/strong><br \/>\nhttps:\/\/www.whitefeatherarchery.com\/home<br \/>\n<strong>Kontakt:<\/strong><br \/>\nWhiteFeatherArchery@gmail.com<br \/>\n<strong>Marke:<\/strong><br \/>\nWhite Feather<\/td>\n<\/tr>\n<tr class=\"attr-custom\">\n<td><b>Verantwortliche Person<\/b>:<\/td>\n<td class=\"attr-value\"><strong>verantwortliche Person:<\/strong><br \/>\nJVD Group B.V.<br \/>\n<strong>Anschrift:<\/strong><br \/>\nLooier 9, 5253 RA Nieuwkuijk<br \/>\n<strong>Herkunftsland:<\/strong><br \/>\nNiederlande<br \/>\n<strong>Kontakt:<\/strong><br \/>\ncontact@jvd-group.com<\/td>\n<\/tr>\n<\/tbody>\n<\/table>\n","protected":false},"excerpt":{"rendered":"<p>Firefinch ILF<\/p>\n","protected":false},"featured_media":2167,"comment_status":"open","ping_status":"closed","template":"","meta":[],"product_brand":[],"product_cat":[658,163],"product_tag":[185,187,659,104,1071,184],"class_list":{"0":"post-2166","1":"product","2":"type-product","3":"status-publish","4":"has-post-thumbnail","6":"product_cat-griffstueck-ilf","7":"product_cat-sale","8":"product_tag-griffstueck","9":"product_tag-ilf","10":"product_tag-firefinch","11":"product_tag-white-feather","12":"product_tag-rot","13":"product_tag-mittelteil","15":"first","16":"instock","17":"sale","18":"taxable","19":"shipping-taxable","20":"purchasable","21":"product-type-variable"},"_links":{"self":[{"href":"https:\/\/shop.xn--altmhl-bogensport-52b.de\/index.php?rest_route=\/wp\/v2\/product\/2166","targetHints":{"allow":["GET"]}}],"collection":[{"href":"https:\/\/shop.xn--altmhl-bogensport-52b.de\/index.php?rest_route=\/wp\/v2\/product"}],"about":[{"href":"https:\/\/shop.xn--altmhl-bogensport-52b.de\/index.php?rest_route=\/wp\/v2\/types\/product"}],"replies":[{"embeddable":true,"href":"https:\/\/shop.xn--altmhl-bogensport-52b.de\/index.php?rest_route=%2Fwp%2Fv2%2Fcomments&post=2166"}],"wp:featuredmedia":[{"embeddable":true,"href":"https:\/\/shop.xn--altmhl-bogensport-52b.de\/index.php?rest_route=\/wp\/v2\/media\/2167"}],"wp:attachment":[{"href":"https:\/\/shop.xn--altmhl-bogensport-52b.de\/index.php?rest_route=%2Fwp%2Fv2%2Fmedia&parent=2166"}],"wp:term":[{"taxonomy":"product_brand","embeddable":true,"href":"https:\/\/shop.xn--altmhl-bogensport-52b.de\/index.php?rest_route=%2Fwp%2Fv2%2Fproduct_brand&post=2166"},{"taxonomy":"product_cat","embeddable":true,"href":"https:\/\/shop.xn--altmhl-bogensport-52b.de\/index.php?rest_route=%2Fwp%2Fv2%2Fproduct_cat&post=2166"},{"taxonomy":"product_tag","embeddable":true,"href":"https:\/\/shop.xn--altmhl-bogensport-52b.de\/index.php?rest_route=%2Fwp%2Fv2%2Fproduct_tag&post=2166"}],"curies":[{"name":"wp","href":"https:\/\/api.w.org\/{rel}","templated":true}]}}