{"id":2146,"date":"2021-12-06T17:16:49","date_gmt":"2021-12-06T17:16:49","guid":{"rendered":"https:\/\/shop.xn--altmhl-bogensport-52b.de\/?post_type=product&#038;p=2146"},"modified":"2026-02-20T19:05:07","modified_gmt":"2026-02-20T19:05:07","slug":"steelbrush-45-mm","status":"publish","type":"product","link":"https:\/\/shop.xn--altmhl-bogensport-52b.de\/?product=steelbrush-45-mm","title":{"rendered":"Steelbrush 4,5 mm"},"content":{"rendered":"<p>Die Steelbrush ist hervorragend geeignet, um Carbonsch\u00e4fte vor dem Kleben innen zu reinigen bzw aufzurauhen, um einen besseren Halt des Inserts bzw. der Spitzen zu gew\u00e4hrleisten.<\/p>\n<p>Speziell, wenn Carbonsch\u00e4fte gek\u00fcrzt werden, legt sich innen ein Teil des Staubes ab, der beim Schneiden entsteht und das perfekte Verkleben verhindert.<\/p>\n<ul>\n<li>Material: Stahl<\/li>\n<li>Durchmesser: 4,5 mm<\/li>\n<li>f\u00fcr alle d\u00fcnnen Sch\u00e4fte (Inspire, <a href=\"https:\/\/shop.xn--altmhl-bogensport-52b.de\/?product=penthalon-slim-line-black-carbonschaft\">penthalon slim line<\/a>, Aurel Oryx, S<a href=\"https:\/\/shop.xn--altmhl-bogensport-52b.de\/?product=skylon-brixxon-carbonschaft-id-42mm\">kylon Brixxon<\/a>\u00a0 \u2026)<\/li>\n<\/ul>\n<h3>EIN MUST HAVE F\u00dcR JEDEN DER SELBER PFEILE BAUT!<\/h3>\n","protected":false},"excerpt":{"rendered":"<p>steelbrush 4,5mm<\/p>\n","protected":false},"featured_media":2147,"comment_status":"open","ping_status":"closed","template":"","meta":[],"product_brand":[],"product_cat":[192],"product_tag":[650,651,652,50,195],"class_list":{"0":"post-2146","1":"product","2":"type-product","3":"status-publish","4":"has-post-thumbnail","6":"product_cat-werkzeug","7":"product_tag-buerste","8":"product_tag-steelbrush","9":"product_tag-drahtbuerste","10":"product_tag-antur","11":"product_tag-pfeilbau","13":"first","14":"instock","15":"taxable","16":"shipping-taxable","17":"purchasable","18":"product-type-simple"},"_links":{"self":[{"href":"https:\/\/shop.xn--altmhl-bogensport-52b.de\/index.php?rest_route=\/wp\/v2\/product\/2146","targetHints":{"allow":["GET"]}}],"collection":[{"href":"https:\/\/shop.xn--altmhl-bogensport-52b.de\/index.php?rest_route=\/wp\/v2\/product"}],"about":[{"href":"https:\/\/shop.xn--altmhl-bogensport-52b.de\/index.php?rest_route=\/wp\/v2\/types\/product"}],"replies":[{"embeddable":true,"href":"https:\/\/shop.xn--altmhl-bogensport-52b.de\/index.php?rest_route=%2Fwp%2Fv2%2Fcomments&post=2146"}],"wp:featuredmedia":[{"embeddable":true,"href":"https:\/\/shop.xn--altmhl-bogensport-52b.de\/index.php?rest_route=\/wp\/v2\/media\/2147"}],"wp:attachment":[{"href":"https:\/\/shop.xn--altmhl-bogensport-52b.de\/index.php?rest_route=%2Fwp%2Fv2%2Fmedia&parent=2146"}],"wp:term":[{"taxonomy":"product_brand","embeddable":true,"href":"https:\/\/shop.xn--altmhl-bogensport-52b.de\/index.php?rest_route=%2Fwp%2Fv2%2Fproduct_brand&post=2146"},{"taxonomy":"product_cat","embeddable":true,"href":"https:\/\/shop.xn--altmhl-bogensport-52b.de\/index.php?rest_route=%2Fwp%2Fv2%2Fproduct_cat&post=2146"},{"taxonomy":"product_tag","embeddable":true,"href":"https:\/\/shop.xn--altmhl-bogensport-52b.de\/index.php?rest_route=%2Fwp%2Fv2%2Fproduct_tag&post=2146"}],"curies":[{"name":"wp","href":"https:\/\/api.w.org\/{rel}","templated":true}]}}