{"id":2102,"date":"2021-12-05T22:11:59","date_gmt":"2021-12-05T22:11:59","guid":{"rendered":"https:\/\/shop.xn--altmhl-bogensport-52b.de\/?post_type=product&#038;p=2102"},"modified":"2021-12-05T22:12:00","modified_gmt":"2021-12-05T22:12:00","slug":"seitenkoecher-kiddy","status":"publish","type":"product","link":"https:\/\/shop.xn--altmhl-bogensport-52b.de\/?product=seitenkoecher-kiddy","title":{"rendered":"Seitenk\u00f6cher Kiddy"},"content":{"rendered":"<p>Der Kiddy ist ein kleiner und funktioneller Seitenk\u00f6cher im g\u00fcnstigen Preisbereich. Er ist speziell f\u00fcr Kinder und Jugendliche konzipiert und kann universell f\u00fcr Rechts- und Linkshandsch\u00fctzen verwendet werden.<\/p>\n<p>Befestigung erfolgt mittels Haken an G\u00fcrtel oder Hosenbund.<\/p>\n<ul>\n<li>L\u00e4nge: ca. 41 cm<\/li>\n<li>Leder:Schwarzes Kunstleder matt<\/li>\n<\/ul>\n","protected":false},"excerpt":{"rendered":"<p>Seitenk\u00f6cher Kiddy<\/p>\n","protected":false},"featured_media":2103,"comment_status":"open","ping_status":"closed","template":"","meta":[],"product_brand":[],"product_cat":[454,457],"product_tag":[30,165,216,638],"class_list":{"0":"post-2102","1":"product","2":"type-product","3":"status-publish","4":"has-post-thumbnail","6":"product_cat-seitenkoecher","7":"product_cat-junior-koecher","8":"product_tag-bearpaw","9":"product_tag-koecher","10":"product_tag-seitenkoecher","11":"product_tag-kiddy","13":"first","14":"onbackorder","15":"taxable","16":"shipping-taxable","17":"purchasable","18":"product-type-simple"},"_links":{"self":[{"href":"https:\/\/shop.xn--altmhl-bogensport-52b.de\/index.php?rest_route=\/wp\/v2\/product\/2102","targetHints":{"allow":["GET"]}}],"collection":[{"href":"https:\/\/shop.xn--altmhl-bogensport-52b.de\/index.php?rest_route=\/wp\/v2\/product"}],"about":[{"href":"https:\/\/shop.xn--altmhl-bogensport-52b.de\/index.php?rest_route=\/wp\/v2\/types\/product"}],"replies":[{"embeddable":true,"href":"https:\/\/shop.xn--altmhl-bogensport-52b.de\/index.php?rest_route=%2Fwp%2Fv2%2Fcomments&post=2102"}],"wp:featuredmedia":[{"embeddable":true,"href":"https:\/\/shop.xn--altmhl-bogensport-52b.de\/index.php?rest_route=\/wp\/v2\/media\/2103"}],"wp:attachment":[{"href":"https:\/\/shop.xn--altmhl-bogensport-52b.de\/index.php?rest_route=%2Fwp%2Fv2%2Fmedia&parent=2102"}],"wp:term":[{"taxonomy":"product_brand","embeddable":true,"href":"https:\/\/shop.xn--altmhl-bogensport-52b.de\/index.php?rest_route=%2Fwp%2Fv2%2Fproduct_brand&post=2102"},{"taxonomy":"product_cat","embeddable":true,"href":"https:\/\/shop.xn--altmhl-bogensport-52b.de\/index.php?rest_route=%2Fwp%2Fv2%2Fproduct_cat&post=2102"},{"taxonomy":"product_tag","embeddable":true,"href":"https:\/\/shop.xn--altmhl-bogensport-52b.de\/index.php?rest_route=%2Fwp%2Fv2%2Fproduct_tag&post=2102"}],"curies":[{"name":"wp","href":"https:\/\/api.w.org\/{rel}","templated":true}]}}