{"id":2086,"date":"2021-12-05T20:07:45","date_gmt":"2021-12-05T20:07:45","guid":{"rendered":"https:\/\/shop.xn--altmhl-bogensport-52b.de\/?post_type=product&#038;p=2086"},"modified":"2024-12-09T13:12:53","modified_gmt":"2024-12-09T13:12:53","slug":"cartel-tri-hole-string-server-sehnenumwickelgeraet-mittenwicklungsgeraet","status":"publish","type":"product","link":"https:\/\/shop.xn--altmhl-bogensport-52b.de\/?product=cartel-tri-hole-string-server-sehnenumwickelgeraet-mittenwicklungsgeraet","title":{"rendered":"CARTEL Tri-Hole String Server &#8211; Sehnenumwickelger\u00e4t-Mittenwicklungsger\u00e4t"},"content":{"rendered":"<p>Einfaches\u00a0Wickelger\u00e4t aus\u00a0Kunststoff zum sicheren Aufbringen von Mittel- und Endwicklungen auf der Sehne. Die Festigkeit der Wicklung kann\u00a0variiert werden. Das Ger\u00e4t ist f\u00fcr alle Wickelgarnarten geeignet und aufgrund der einfachen Handhabung ideal f\u00fcr Sch\u00fctzen, die mit dem\u00a0Umwickeln\u00a0einer Sehne erst wenig Erfahrung haben.<\/p>\n<p>Technische Daten:<br \/>\nMaterial: Kunststoff<br \/>\nGewicht: ca. 40g<\/p>\n","protected":false},"excerpt":{"rendered":"<p>Cartel Tri-Hole<\/p>\n","protected":false},"featured_media":2087,"comment_status":"open","ping_status":"closed","template":"","meta":[],"product_brand":[],"product_cat":[29,192],"product_tag":[205,207,213,633],"class_list":{"0":"post-2086","1":"product","2":"type-product","3":"status-publish","4":"has-post-thumbnail","6":"product_cat-sehnenbau","7":"product_cat-werkzeug","8":"product_tag-mittenwicklungsgeraet","9":"product_tag-mittenwicklung","10":"product_tag-cartel","11":"product_tag-tri-hole","13":"first","14":"instock","15":"taxable","16":"shipping-taxable","17":"purchasable","18":"product-type-simple"},"_links":{"self":[{"href":"https:\/\/shop.xn--altmhl-bogensport-52b.de\/index.php?rest_route=\/wp\/v2\/product\/2086","targetHints":{"allow":["GET"]}}],"collection":[{"href":"https:\/\/shop.xn--altmhl-bogensport-52b.de\/index.php?rest_route=\/wp\/v2\/product"}],"about":[{"href":"https:\/\/shop.xn--altmhl-bogensport-52b.de\/index.php?rest_route=\/wp\/v2\/types\/product"}],"replies":[{"embeddable":true,"href":"https:\/\/shop.xn--altmhl-bogensport-52b.de\/index.php?rest_route=%2Fwp%2Fv2%2Fcomments&post=2086"}],"wp:featuredmedia":[{"embeddable":true,"href":"https:\/\/shop.xn--altmhl-bogensport-52b.de\/index.php?rest_route=\/wp\/v2\/media\/2087"}],"wp:attachment":[{"href":"https:\/\/shop.xn--altmhl-bogensport-52b.de\/index.php?rest_route=%2Fwp%2Fv2%2Fmedia&parent=2086"}],"wp:term":[{"taxonomy":"product_brand","embeddable":true,"href":"https:\/\/shop.xn--altmhl-bogensport-52b.de\/index.php?rest_route=%2Fwp%2Fv2%2Fproduct_brand&post=2086"},{"taxonomy":"product_cat","embeddable":true,"href":"https:\/\/shop.xn--altmhl-bogensport-52b.de\/index.php?rest_route=%2Fwp%2Fv2%2Fproduct_cat&post=2086"},{"taxonomy":"product_tag","embeddable":true,"href":"https:\/\/shop.xn--altmhl-bogensport-52b.de\/index.php?rest_route=%2Fwp%2Fv2%2Fproduct_tag&post=2086"}],"curies":[{"name":"wp","href":"https:\/\/api.w.org\/{rel}","templated":true}]}}