{"id":2075,"date":"2021-12-05T18:57:07","date_gmt":"2021-12-05T18:57:07","guid":{"rendered":"https:\/\/shop.xn--altmhl-bogensport-52b.de\/?post_type=product&#038;p=2075"},"modified":"2025-03-18T07:52:33","modified_gmt":"2025-03-18T07:52:33","slug":"spear-darts-fuer-357-magnum-blasrohr-30-stueck","status":"publish","type":"product","link":"https:\/\/shop.xn--altmhl-bogensport-52b.de\/?product=spear-darts-fuer-357-magnum-blasrohr-30-stueck","title":{"rendered":"Spear Darts f\u00fcr .357 Magnum Blasrohr (30 St\u00fcck)"},"content":{"rendered":"<div class=\"content--title\">Produktinformationen &#8220;Spear Darts f\u00fcr .357 Magnum Blasrohr (30 St\u00fcck)&#8221;<\/div>\n<div class=\"product--description\">\n<p><strong>Spear Darts (30er Packung) f\u00fcr .357 Magnum\u00a0Blasrohr<\/strong><\/p>\n<p>Mit diesem Pfeilsatz kannst Du Deine Munitionssammlung bequem erweitern.<\/p>\n<p>Details:<br \/>\n&#8211; Spear Darts (Pfeile\u00a0mit Speerspitze), 30er Pack<br \/>\n&#8211; Geeignet f\u00fcr Cold Steels .357 Magnum Blasrohr (Artikelnr. B3574Z)<br \/>\n&#8211; Cold Steel Artikelnummer: B357DSP<\/p>\n<\/div>\n<div class=\"content--title\">Weiterf\u00fchrende Links zu &#8220;Spear Darts f\u00fcr .357 Magnum Blasrohr (30 St\u00fcck)&#8221;<\/div>\n<div><\/div>\n<div><b>Bitte beachte:<\/b>\u00a0In Deutschland d\u00fcrfen Blasrohre nicht zur Jagd verwendet werden!<br \/>\n<strong>Hersteller:<\/strong>\u00a0GSM Outdoors, LLC, 5250 Frye Road, USA-75061, Irving, TX, info@gsmorg.com<br \/>\n<strong>Verantwortliche Person: Battle-Merchant Wacken GmbH &amp; Co. KG, Gehrn 4, 25596 Wacken<\/strong><br \/>\n<strong>Kontakt: info@battlemerchant.com<\/strong><\/div>\n","protected":false},"excerpt":{"rendered":"<p>357 Magnum Darts<\/p>\n","protected":false},"featured_media":2076,"comment_status":"open","ping_status":"closed","template":"","meta":[],"product_brand":[],"product_cat":[620],"product_tag":[517,628,630],"class_list":{"0":"post-2075","1":"product","2":"type-product","3":"status-publish","4":"has-post-thumbnail","6":"product_cat-blasrohre-zubehoer","7":"product_tag-blasrohr","8":"product_tag-357-magnum","9":"product_tag-darts","11":"first","12":"instock","13":"taxable","14":"shipping-taxable","15":"purchasable","16":"product-type-simple"},"_links":{"self":[{"href":"https:\/\/shop.xn--altmhl-bogensport-52b.de\/index.php?rest_route=\/wp\/v2\/product\/2075","targetHints":{"allow":["GET"]}}],"collection":[{"href":"https:\/\/shop.xn--altmhl-bogensport-52b.de\/index.php?rest_route=\/wp\/v2\/product"}],"about":[{"href":"https:\/\/shop.xn--altmhl-bogensport-52b.de\/index.php?rest_route=\/wp\/v2\/types\/product"}],"replies":[{"embeddable":true,"href":"https:\/\/shop.xn--altmhl-bogensport-52b.de\/index.php?rest_route=%2Fwp%2Fv2%2Fcomments&post=2075"}],"wp:featuredmedia":[{"embeddable":true,"href":"https:\/\/shop.xn--altmhl-bogensport-52b.de\/index.php?rest_route=\/wp\/v2\/media\/2076"}],"wp:attachment":[{"href":"https:\/\/shop.xn--altmhl-bogensport-52b.de\/index.php?rest_route=%2Fwp%2Fv2%2Fmedia&parent=2075"}],"wp:term":[{"taxonomy":"product_brand","embeddable":true,"href":"https:\/\/shop.xn--altmhl-bogensport-52b.de\/index.php?rest_route=%2Fwp%2Fv2%2Fproduct_brand&post=2075"},{"taxonomy":"product_cat","embeddable":true,"href":"https:\/\/shop.xn--altmhl-bogensport-52b.de\/index.php?rest_route=%2Fwp%2Fv2%2Fproduct_cat&post=2075"},{"taxonomy":"product_tag","embeddable":true,"href":"https:\/\/shop.xn--altmhl-bogensport-52b.de\/index.php?rest_route=%2Fwp%2Fv2%2Fproduct_tag&post=2075"}],"curies":[{"name":"wp","href":"https:\/\/api.w.org\/{rel}","templated":true}]}}