{"id":2071,"date":"2021-12-05T18:46:26","date_gmt":"2021-12-05T18:46:26","guid":{"rendered":"https:\/\/shop.xn--altmhl-bogensport-52b.de\/?post_type=product&#038;p=2071"},"modified":"2025-03-18T07:53:28","modified_gmt":"2025-03-18T07:53:28","slug":"357-magnum-blasrohr-4-fuss","status":"publish","type":"product","link":"https:\/\/shop.xn--altmhl-bogensport-52b.de\/?product=357-magnum-blasrohr-4-fuss","title":{"rendered":".357 Magnum Blasrohr, 4 Fuss"},"content":{"rendered":"<div class=\"content--title\">Produktinformationen &#8220;.357 Magnum Blasrohr, 4 Fuss&#8221;<\/div>\n<div class=\"product--description\">\n<p><strong>.357 Magnum\u00a0Blasrohr, 4 Fu\u00df<\/strong><\/p>\n<p>In der Handhabung ist das .357 Magnum Blasrohr von Cold Steel die reinste Freude. Es ist superleicht, kosteng\u00fcnstig und sorgt f\u00fcrstundenlangen Spa\u00df beim Zielschie\u00dfen mit Familie und Freunden!<\/p>\n<p>Dieses Blasrohr ist aus hochwertigem, strapazierf\u00e4higem Aluminium gefertigt, und Mundst\u00fcck,\u00a0K\u00f6cher und Schutzring bestehen aus TRP (thermoplastischem Gummi). Daher ist es weitaus langlebiger und pr\u00e4ziser als viele der kuriosen\u00a0<i>Spielzeug<\/i>-Blasrohre, dieheutzutage im Handel erh\u00e4ltlich sind, bleibt dennoch f\u00fcr Einsteiger und j\u00fcngere Nutzer kompakt, leicht und preiswert genug.<\/p>\n<p>Jedes Blasrohr wird mit Spear-Point-Pfeilen und Stun Darts (St\u00f6pselpfeilen) geliefert. Au\u00dferdem ist jedes St\u00fcck mit einer Gummit\u00fclle ausgestattet und kann somit auch als Wanderstock verwendet werden!<\/p>\n<p>Details:<br \/>\n&#8211; .357 Magnum Blasrohr, 4 Fu\u00df (ca. 1,2 m)<br \/>\n&#8211; 1,7 mm Wandst\u00e4rke<br \/>\n&#8211; Mundst\u00fcck, Gummit\u00fclle, K\u00f6cher, Schutzring, Haltegriff aus Schaumstoff und 30\u00a0Pfeile\u00a0(20 Spear Darts + 10 St\u00f6pselpfeile &#8211; sog.<i>Super Stun Darts<\/i>) sind im Lieferumfang enthalten.<br \/>\n&#8211; Cold Steel Artikelnummer: B3574Z<\/p>\n<p><b>Bitte beachte:<\/b>\u00a0In Deutschland d\u00fcrfen Blasrohre nicht zur Jagd verwendet werden!<br \/>\n<strong>Hersteller:<\/strong>\u00a0GSM Outdoors, LLC, 5250 Frye Road, USA-75061, Irving, TX, info@gsmorg.com<br \/>\n<strong>Verantwortliche Person: Battle-Merchant Wacken GmbH &amp; Co. KG, Gehrn 4, 25596 Wacken<\/strong><br \/>\n<strong>Kontakt: info@battlemerchant.com<\/strong><\/p>\n<\/div>\n","protected":false},"excerpt":{"rendered":"<p>Blasrohr 357 Magnum<\/p>\n","protected":false},"featured_media":2072,"comment_status":"open","ping_status":"closed","template":"","meta":[],"product_brand":[],"product_cat":[620],"product_tag":[517,628,629],"class_list":{"0":"post-2071","1":"product","2":"type-product","3":"status-publish","4":"has-post-thumbnail","6":"product_cat-blasrohre-zubehoer","7":"product_tag-blasrohr","8":"product_tag-357-magnum","9":"product_tag-9mm","11":"first","12":"onbackorder","13":"taxable","14":"shipping-taxable","15":"purchasable","16":"product-type-simple"},"_links":{"self":[{"href":"https:\/\/shop.xn--altmhl-bogensport-52b.de\/index.php?rest_route=\/wp\/v2\/product\/2071","targetHints":{"allow":["GET"]}}],"collection":[{"href":"https:\/\/shop.xn--altmhl-bogensport-52b.de\/index.php?rest_route=\/wp\/v2\/product"}],"about":[{"href":"https:\/\/shop.xn--altmhl-bogensport-52b.de\/index.php?rest_route=\/wp\/v2\/types\/product"}],"replies":[{"embeddable":true,"href":"https:\/\/shop.xn--altmhl-bogensport-52b.de\/index.php?rest_route=%2Fwp%2Fv2%2Fcomments&post=2071"}],"wp:featuredmedia":[{"embeddable":true,"href":"https:\/\/shop.xn--altmhl-bogensport-52b.de\/index.php?rest_route=\/wp\/v2\/media\/2072"}],"wp:attachment":[{"href":"https:\/\/shop.xn--altmhl-bogensport-52b.de\/index.php?rest_route=%2Fwp%2Fv2%2Fmedia&parent=2071"}],"wp:term":[{"taxonomy":"product_brand","embeddable":true,"href":"https:\/\/shop.xn--altmhl-bogensport-52b.de\/index.php?rest_route=%2Fwp%2Fv2%2Fproduct_brand&post=2071"},{"taxonomy":"product_cat","embeddable":true,"href":"https:\/\/shop.xn--altmhl-bogensport-52b.de\/index.php?rest_route=%2Fwp%2Fv2%2Fproduct_cat&post=2071"},{"taxonomy":"product_tag","embeddable":true,"href":"https:\/\/shop.xn--altmhl-bogensport-52b.de\/index.php?rest_route=%2Fwp%2Fv2%2Fproduct_tag&post=2071"}],"curies":[{"name":"wp","href":"https:\/\/api.w.org\/{rel}","templated":true}]}}