{"id":2065,"date":"2021-12-05T18:25:27","date_gmt":"2021-12-05T18:25:27","guid":{"rendered":"https:\/\/shop.xn--altmhl-bogensport-52b.de\/?post_type=product&#038;p=2065"},"modified":"2022-06-15T16:21:35","modified_gmt":"2022-06-15T16:21:35","slug":"stun-darts-stoepselpfeile-fuer-625-big-bore-blasrohr-50-stueck","status":"publish","type":"product","link":"https:\/\/shop.xn--altmhl-bogensport-52b.de\/?product=stun-darts-stoepselpfeile-fuer-625-big-bore-blasrohr-50-stueck","title":{"rendered":"Stun Darts, St\u00f6pselpfeile f\u00fcr .625 Big Bore Blasrohr (50 St\u00fcck)"},"content":{"rendered":"<div class=\"content--title\">Produktinformationen &#8220;Stun Darts, St\u00f6pselpfeile f\u00fcr .625 Big Bore Blasrohr (50 St\u00fcck)&#8221;<\/div>\n<div class=\"product--description\">\n<p><strong>St\u00f6pselpfeile &#8211; Stun Darts (50er Packung) f\u00fcr .625 Magnum\u00ae Big Bore\u00ae\u00a0Blasrohr<\/strong><\/p>\n<p>Mit diesem Pfeilsatz kannst Du Deine Munitionssammlung bequem erweitern.<\/p>\n<p>Diese Darts sind f\u00fcr die folgenden Cold Steel Blasrohre geeignet:<br \/>\n&#8211; Standard .625 Magnum\u00ae Big Bore\u00ae Blasrohre 4 Fu\u00df (CST-B6254 \/ B6254Z)<br \/>\nund 5 Fu\u00df (CST-B6255 \/ B6255Z)<br \/>\n&#8211; Profi .625 Magnum\u00ae Big Bore\u00ae Blasrohre 4 Fu\u00df (CST-B6254P \/ B6254PZ)<br \/>\nund 5 Fu\u00df (CST-B6255P \/ B6255PZ)<br \/>\n&#8211; Zweiteiliges .625 Magnum\u00ae Big Bore\u00ae Blasrohr (CST-B6255T \/ B6255TZ)<\/p>\n<p>Details:<br \/>\n&#8211; St\u00f6pselpfeile \/ Stun Darts, 50er Pack<br \/>\n&#8211; Cold Steel Artikelnummer: B625SA<\/p>\n<\/div>\n","protected":false},"excerpt":{"rendered":"<p>Stun Darts 625<\/p>\n","protected":false},"featured_media":2066,"comment_status":"open","ping_status":"closed","template":"","meta":[],"product_brand":[],"product_cat":[620],"product_tag":[623,626,621,622],"class_list":{"0":"post-2065","1":"product","2":"type-product","3":"status-publish","4":"has-post-thumbnail","6":"product_cat-blasrohre-zubehoer","7":"product_tag-big-bore","8":"product_tag-stun-darts","9":"product_tag-tim-wells","10":"product_tag-625-kaliber","12":"first","13":"instock","14":"taxable","15":"shipping-taxable","16":"purchasable","17":"product-type-simple"},"_links":{"self":[{"href":"https:\/\/shop.xn--altmhl-bogensport-52b.de\/index.php?rest_route=\/wp\/v2\/product\/2065","targetHints":{"allow":["GET"]}}],"collection":[{"href":"https:\/\/shop.xn--altmhl-bogensport-52b.de\/index.php?rest_route=\/wp\/v2\/product"}],"about":[{"href":"https:\/\/shop.xn--altmhl-bogensport-52b.de\/index.php?rest_route=\/wp\/v2\/types\/product"}],"replies":[{"embeddable":true,"href":"https:\/\/shop.xn--altmhl-bogensport-52b.de\/index.php?rest_route=%2Fwp%2Fv2%2Fcomments&post=2065"}],"wp:featuredmedia":[{"embeddable":true,"href":"https:\/\/shop.xn--altmhl-bogensport-52b.de\/index.php?rest_route=\/wp\/v2\/media\/2066"}],"wp:attachment":[{"href":"https:\/\/shop.xn--altmhl-bogensport-52b.de\/index.php?rest_route=%2Fwp%2Fv2%2Fmedia&parent=2065"}],"wp:term":[{"taxonomy":"product_brand","embeddable":true,"href":"https:\/\/shop.xn--altmhl-bogensport-52b.de\/index.php?rest_route=%2Fwp%2Fv2%2Fproduct_brand&post=2065"},{"taxonomy":"product_cat","embeddable":true,"href":"https:\/\/shop.xn--altmhl-bogensport-52b.de\/index.php?rest_route=%2Fwp%2Fv2%2Fproduct_cat&post=2065"},{"taxonomy":"product_tag","embeddable":true,"href":"https:\/\/shop.xn--altmhl-bogensport-52b.de\/index.php?rest_route=%2Fwp%2Fv2%2Fproduct_tag&post=2065"}],"curies":[{"name":"wp","href":"https:\/\/api.w.org\/{rel}","templated":true}]}}