{"id":2055,"date":"2021-12-05T17:59:31","date_gmt":"2021-12-05T17:59:31","guid":{"rendered":"https:\/\/shop.xn--altmhl-bogensport-52b.de\/?post_type=product&#038;p=2055"},"modified":"2026-02-11T16:04:22","modified_gmt":"2026-02-11T16:04:22","slug":"zweiteiliges-625-big-bore-blasrohr-5-fuss","status":"publish","type":"product","link":"https:\/\/shop.xn--altmhl-bogensport-52b.de\/?product=zweiteiliges-625-big-bore-blasrohr-5-fuss","title":{"rendered":"Zweiteiliges .625 Big Bore Blasrohr, 5 Fuss"},"content":{"rendered":"<div class=\"content--title\">Produktinformationen &#8220;Zweiteiliges .625 Big Bore Blasrohr, 5 Fuss&#8221;<\/div>\n<div class=\"product--description\">\n<p><strong>Zweiteiliges .625 Magnum\u00ae Big Bore\u00ae Blowgun, 5 Fu\u00df<\/strong><\/p>\n<p>Das\u00a0Blasrohr\u00a0hat weltweit eine lange Geschichte. Es wird vermutet, dass es in Malaysia entstand und sich \u00fcber die malaysischenund indonesischen Inselgruppen seinen Weg auf die Philippinen und sogar nach Japan bahnte. Allerdings war das Blasrohr nichtausschlie\u00dflich in S\u00fcdostasien vertreten. Es tauchte auch in der westlichen Hemisph\u00e4re auf &#8211; von den Dschungeln S\u00fcd- undMittelamerikas, bis hin zu den s\u00fcd\u00f6stlichen Gebieten der heutigen USA. Blasrohre wurden mit kleinen Steinen oder geh\u00e4rtetenLehmpellets als Munition best\u00fcckt und zur Jagd auf Kleintiere und V\u00f6gel verwendet.<\/p>\n<p>Cold Steels Big Bore\u00ae Blasrohre verf\u00fcgen \u00fcber gro\u00dfe .625 Kaliber Magnum Gesch\u00fctzrohre und sind in der Lage, schwerere Pfeileschneller zu verschie\u00dfen als manche andere Modelle auf dem Markt! Sie haben eine effektive Reichweite von ca. 18 Metern und mitihnen kann ein erfahrener Sch\u00fctze mit entsprechendem Training einen 5 cm Kreis aus unglaublicher Entfernung treffen und schwerePfeile schie\u00dfen, die eine ca. 1,3 cm dicke Sperrholzplatte durchdringen k\u00f6nnen.<\/p>\n<p>Im Freien lassen sich die Big Bore\u00ae Blasrohre von Cold Steel extrem gut tragen. Sie sind recht leicht und dank der Gummit\u00fclleals Wanderstock hervorragend geeignet. Solltest Du aber auf der Suche nach einem noch praktischeren Modell sein, das in einemRucksack passt, hat Cold Steel eine L\u00f6sung parat! Das in zwei Teile zerlegbare 5-Fuss-Modell besteht aus zwei mit Gewindenausgestatteten Rohren und einem verst\u00e4rkenden Verbindungsst\u00fcck. Es bietet dieselbe Biegesteifheit, Zielgenauigkeit und gro\u00dfeReichweite wie ein 5-Fu\u00df-Standardmodell, hat aber den Vorteil, dass es sich m\u00fchelos auseinanderbauen und verstauen l\u00e4sst.<\/p>\n<p>Details:<br \/>\n&#8211; Zweiteiliges .625 Magnum Big Bore Blasrohr, 5 Fu\u00df (ca. 1,5 m)<br \/>\n&#8211; 1,5 mm Wandst\u00e4rke<br \/>\n&#8211; Mundst\u00fcck, Gummit\u00fclle,\u00a0K\u00f6cher, Schutzring und 36\u00a0Pfeile\u00a0(15 Bambuspfeile, 15 Mini Broadhead-Pfeile und 6 St\u00f6pselpfeile &#8211; sog.<i>Stun Darts<\/i>) sind im Lieferumfang enthalten.<br \/>\n&#8211; Cold Steel Artikelnummer: B6255T \/ B6255TZ<\/p>\n<p><b>Bitte beachte:<\/b>\u00a0In Deutschland d\u00fcrfen Blasrohre nicht zur Jagd verwendet werden!<br \/>\n<strong>Hersteller:<\/strong>\u00a0GSM Outdoors, LLC, 5250 Frye Road, USA-75061, Irving, TX, info@gsmorg.com<br \/>\n<strong>Verantwortliche Person: Battle-Merchant Wacken GmbH &amp; Co. KG, Gehrn 4, 25596 Wacken<\/strong><br \/>\n<strong>Kontakt: info@battlemerchant.com<\/strong><\/p>\n<\/div>\n","protected":false},"excerpt":{"rendered":"<p>zweiteiliges Bigbore Blasrohr<\/p>\n","protected":false},"featured_media":2056,"comment_status":"open","ping_status":"closed","template":"","meta":[],"product_brand":[],"product_cat":[620],"product_tag":[517,622,623,414],"class_list":{"0":"post-2055","1":"product","2":"type-product","3":"status-publish","4":"has-post-thumbnail","6":"product_cat-blasrohre-zubehoer","7":"product_tag-blasrohr","8":"product_tag-625-kaliber","9":"product_tag-big-bore","10":"product_tag-schwarz","12":"first","13":"instock","14":"taxable","15":"shipping-taxable","16":"purchasable","17":"product-type-simple"},"_links":{"self":[{"href":"https:\/\/shop.xn--altmhl-bogensport-52b.de\/index.php?rest_route=\/wp\/v2\/product\/2055","targetHints":{"allow":["GET"]}}],"collection":[{"href":"https:\/\/shop.xn--altmhl-bogensport-52b.de\/index.php?rest_route=\/wp\/v2\/product"}],"about":[{"href":"https:\/\/shop.xn--altmhl-bogensport-52b.de\/index.php?rest_route=\/wp\/v2\/types\/product"}],"replies":[{"embeddable":true,"href":"https:\/\/shop.xn--altmhl-bogensport-52b.de\/index.php?rest_route=%2Fwp%2Fv2%2Fcomments&post=2055"}],"wp:featuredmedia":[{"embeddable":true,"href":"https:\/\/shop.xn--altmhl-bogensport-52b.de\/index.php?rest_route=\/wp\/v2\/media\/2056"}],"wp:attachment":[{"href":"https:\/\/shop.xn--altmhl-bogensport-52b.de\/index.php?rest_route=%2Fwp%2Fv2%2Fmedia&parent=2055"}],"wp:term":[{"taxonomy":"product_brand","embeddable":true,"href":"https:\/\/shop.xn--altmhl-bogensport-52b.de\/index.php?rest_route=%2Fwp%2Fv2%2Fproduct_brand&post=2055"},{"taxonomy":"product_cat","embeddable":true,"href":"https:\/\/shop.xn--altmhl-bogensport-52b.de\/index.php?rest_route=%2Fwp%2Fv2%2Fproduct_cat&post=2055"},{"taxonomy":"product_tag","embeddable":true,"href":"https:\/\/shop.xn--altmhl-bogensport-52b.de\/index.php?rest_route=%2Fwp%2Fv2%2Fproduct_tag&post=2055"}],"curies":[{"name":"wp","href":"https:\/\/api.w.org\/{rel}","templated":true}]}}