{"id":2045,"date":"2021-12-05T16:48:16","date_gmt":"2021-12-05T16:48:16","guid":{"rendered":"https:\/\/shop.xn--altmhl-bogensport-52b.de\/?post_type=product&#038;p=2045"},"modified":"2021-12-05T16:50:16","modified_gmt":"2021-12-05T16:50:16","slug":"original-eckenhaenger-bogenschiesser","status":"publish","type":"product","link":"https:\/\/shop.xn--altmhl-bogensport-52b.de\/?product=original-eckenhaenger-bogenschiesser","title":{"rendered":"Bogy Eckenh\u00e4nger"},"content":{"rendered":"<p>Unsere handgefertigten Eckenh\u00e4nger aus Vollholz versch\u00f6nern jede Ecke in Ihrem Zuhause. Und f\u00fcr jede Jahreszeit gibt es passende Modelle. Seien Sie deshalb auch auf die neuen Eckenh\u00e4nger gespannt, die hier im Shop und bei Ihnen Zuhause nach und nach einziehen werden.<\/p>\n<div class=\"product-details-module__title ec-header-h6\">Produktbeschreibung<\/div>\n<div class=\"product-details-module__content\">\n<div id=\"productDescription\" class=\"product-details__product-description\">\n<div>\n<p><em>Bogy Eckenh\u00e4nger<\/em><\/p>\n<p><strong>Ma\u00dfe:<\/strong>\u00a0ca. 20 cm<\/p>\n<p><strong>Gewicht:<\/strong>\u00a0ca. 50 g<\/p>\n<p><strong>Material:<\/strong>\u00a0Vollholz, Acrylfarbe<\/p>\n<p>Es handelt sich hierbei um einen Dekorationsartikel,\u00a0<strong>kein Spielzeug<\/strong>!\u00a0<strong>Achtung! &#8220;Nicht geeignet f\u00fcr Kinder unter 36 Monaten wegen Erstickungsgefahr durch verschluckbare Kleinteile&#8221;<\/strong><\/p>\n<\/div>\n<\/div>\n<\/div>\n","protected":false},"excerpt":{"rendered":"<p>Original Eckenh\u00e4nger Altm\u00fchl Bogensport<\/p>\n","protected":false},"featured_media":2046,"comment_status":"open","ping_status":"closed","template":"","meta":[],"product_brand":[],"product_cat":[614],"product_tag":[617,618,619,615,616],"class_list":{"0":"post-2045","1":"product","2":"type-product","3":"status-publish","4":"has-post-thumbnail","6":"product_cat-fanartikel","7":"product_tag-eckenhaenger","8":"product_tag-original","9":"product_tag-bogy","10":"product_tag-bogenschuetze","11":"product_tag-bogenschiesser","13":"first","14":"instock","15":"taxable","16":"shipping-taxable","17":"purchasable","18":"product-type-simple"},"_links":{"self":[{"href":"https:\/\/shop.xn--altmhl-bogensport-52b.de\/index.php?rest_route=\/wp\/v2\/product\/2045","targetHints":{"allow":["GET"]}}],"collection":[{"href":"https:\/\/shop.xn--altmhl-bogensport-52b.de\/index.php?rest_route=\/wp\/v2\/product"}],"about":[{"href":"https:\/\/shop.xn--altmhl-bogensport-52b.de\/index.php?rest_route=\/wp\/v2\/types\/product"}],"replies":[{"embeddable":true,"href":"https:\/\/shop.xn--altmhl-bogensport-52b.de\/index.php?rest_route=%2Fwp%2Fv2%2Fcomments&post=2045"}],"wp:featuredmedia":[{"embeddable":true,"href":"https:\/\/shop.xn--altmhl-bogensport-52b.de\/index.php?rest_route=\/wp\/v2\/media\/2046"}],"wp:attachment":[{"href":"https:\/\/shop.xn--altmhl-bogensport-52b.de\/index.php?rest_route=%2Fwp%2Fv2%2Fmedia&parent=2045"}],"wp:term":[{"taxonomy":"product_brand","embeddable":true,"href":"https:\/\/shop.xn--altmhl-bogensport-52b.de\/index.php?rest_route=%2Fwp%2Fv2%2Fproduct_brand&post=2045"},{"taxonomy":"product_cat","embeddable":true,"href":"https:\/\/shop.xn--altmhl-bogensport-52b.de\/index.php?rest_route=%2Fwp%2Fv2%2Fproduct_cat&post=2045"},{"taxonomy":"product_tag","embeddable":true,"href":"https:\/\/shop.xn--altmhl-bogensport-52b.de\/index.php?rest_route=%2Fwp%2Fv2%2Fproduct_tag&post=2045"}],"curies":[{"name":"wp","href":"https:\/\/api.w.org\/{rel}","templated":true}]}}