{"id":2008,"date":"2021-11-22T09:47:10","date_gmt":"2021-11-22T09:47:10","guid":{"rendered":"https:\/\/shop.xn--altmhl-bogensport-52b.de\/?post_type=product&#038;p=2008"},"modified":"2021-12-16T07:09:53","modified_gmt":"2021-12-16T07:09:53","slug":"bushmaster-black-universalmesser","status":"publish","type":"product","link":"https:\/\/shop.xn--altmhl-bogensport-52b.de\/?product=bushmaster-black-universalmesser","title":{"rendered":"Bushmaster Black Universalmesser"},"content":{"rendered":"<p><strong>Bushmaster\u00a0Black Universalmesser<\/strong><\/p>\n<p>Das Bushmaster\u00a0Black Universalmesser ist eine perfekte Erg\u00e4nzung f\u00fcr deine Werkzeug- oder K\u00f6derbox.<\/p>\n<p>Die Klinge aus 1065er Kohlenstoffstahl kann f\u00fcr eine Vielzahl von Schneidearbeiten genutzt werden, sei es beim\u00a0Ausnehmen von Wild, beim Bauen von Unterschl\u00fcpfen, Feuerholz zerkleinern oder allt\u00e4glichen Aufgaben.\u00a0Der Griff, welcher aus schwarz\u00a0geriffeltem\u00a0Gummi besteht, erm\u00f6glicht einen sicheren Halt, auch in nassen Konditionen.<\/p>\n<p>Es ist au\u00dferdem eine praktische Plastikscheide mit G\u00fctelclip im Lieferumfang enthalten.<\/p>\n<p><span class=\"description\"><strong>Details:\u00a0<\/strong><br \/>\n&#8211; Material: Klinge aus 1065er Karbonstahl, Griff aus Gummi<br \/>\n&#8211; Gesamtl\u00e4nge: ca.\u00a021,5 cm<br \/>\n&#8211; Klingenl\u00e4nge: ca.\u00a010 cm<br \/>\n&#8211; Inkl. G\u00fcrtelscheide aus Kunststoff<\/span><\/p>\n<p><span class=\"description\">&#8211; Gewicht (mit Scheide): ca. 100 g<br \/>\n&#8211; Hersteller-Artikelnummer: UC3203<\/span><\/p>\n<p><span class=\"description\">Die obigen Spezifikationen k\u00f6nnen von Exemplar zu Exemplar leicht variieren.<\/span><\/p>\n","protected":false},"excerpt":{"rendered":"<p>bushmaster black<\/p>\n","protected":false},"featured_media":2009,"comment_status":"open","ping_status":"closed","template":"","meta":[],"product_brand":[],"product_cat":[548,600],"product_tag":[263,609,610],"class_list":{"0":"post-2008","1":"product","2":"type-product","3":"status-publish","4":"has-post-thumbnail","6":"product_cat-outdoor-artikel","7":"product_cat-messer","8":"product_tag-black","9":"product_tag-bushmaster","10":"product_tag-universalmesser","12":"first","13":"instock","14":"taxable","15":"shipping-taxable","16":"purchasable","17":"product-type-simple"},"_links":{"self":[{"href":"https:\/\/shop.xn--altmhl-bogensport-52b.de\/index.php?rest_route=\/wp\/v2\/product\/2008","targetHints":{"allow":["GET"]}}],"collection":[{"href":"https:\/\/shop.xn--altmhl-bogensport-52b.de\/index.php?rest_route=\/wp\/v2\/product"}],"about":[{"href":"https:\/\/shop.xn--altmhl-bogensport-52b.de\/index.php?rest_route=\/wp\/v2\/types\/product"}],"replies":[{"embeddable":true,"href":"https:\/\/shop.xn--altmhl-bogensport-52b.de\/index.php?rest_route=%2Fwp%2Fv2%2Fcomments&post=2008"}],"wp:featuredmedia":[{"embeddable":true,"href":"https:\/\/shop.xn--altmhl-bogensport-52b.de\/index.php?rest_route=\/wp\/v2\/media\/2009"}],"wp:attachment":[{"href":"https:\/\/shop.xn--altmhl-bogensport-52b.de\/index.php?rest_route=%2Fwp%2Fv2%2Fmedia&parent=2008"}],"wp:term":[{"taxonomy":"product_brand","embeddable":true,"href":"https:\/\/shop.xn--altmhl-bogensport-52b.de\/index.php?rest_route=%2Fwp%2Fv2%2Fproduct_brand&post=2008"},{"taxonomy":"product_cat","embeddable":true,"href":"https:\/\/shop.xn--altmhl-bogensport-52b.de\/index.php?rest_route=%2Fwp%2Fv2%2Fproduct_cat&post=2008"},{"taxonomy":"product_tag","embeddable":true,"href":"https:\/\/shop.xn--altmhl-bogensport-52b.de\/index.php?rest_route=%2Fwp%2Fv2%2Fproduct_tag&post=2008"}],"curies":[{"name":"wp","href":"https:\/\/api.w.org\/{rel}","templated":true}]}}