{"id":2000,"date":"2021-11-22T09:22:50","date_gmt":"2021-11-22T09:22:50","guid":{"rendered":"https:\/\/shop.xn--altmhl-bogensport-52b.de\/?post_type=product&#038;p=2000"},"modified":"2025-03-18T08:11:43","modified_gmt":"2025-03-18T08:11:43","slug":"jagdmesser-vuolu-8-wood-jewel","status":"publish","type":"product","link":"https:\/\/shop.xn--altmhl-bogensport-52b.de\/?product=jagdmesser-vuolu-8-wood-jewel","title":{"rendered":"Jagdmesser Vuolu 8, Wood-Jewel"},"content":{"rendered":"<div class=\"content--title\"><\/div>\n<div class=\"product--description\">\n<p><strong>Jagdmesser Vuolu 8, Wood-Jewel<\/strong><\/p>\n<p>Wood Jewel ist eine kleine\u00a0Messer-Manufaktur aus dem finnischen Teil Lapplands. S\u00e4mtliche Messer werden handgefertigt und traditionell verarbeitet. Naturprodukte wie Maserbirke und Rentierhorn kommen bei diesen Messern wundersch\u00f6n verarbeitet zum Einsatz. Sie besitzen eine Klingengeometrie, die f\u00fcr den Einsatz in den verschiedensten Gebieten wie Jagd, Outdoor oder Survival wie geschaffen sind. Robust und zuverl\u00e4ssig erf\u00fcllen sie s\u00e4mtliche Arbeiten.<\/p>\n<p>Traditionelles Lappland-Messer mit einer wuchtigen 8,5 cm langen Klinge aus Kohlenstoffstahl. Die Klinge ist rasiermesserscharf und robust und somit ideal f\u00fcr den Jagd- und Outdooreinsatz. Der formsch\u00f6ne Griff aus Maserbirke und Rentierhorn liegt gut in der Hand und erm\u00f6glicht ein problemloses Arbeiten unter verschiedensten Bedingungen. Die Lieferung erfolgt in einer Lederscheide.<\/p>\n<p>Die Abbildung kann nur als beispielhaft angesehen werden, da Leder, Maserbirke und Rentierhorn Naturprodukte sind und somit in Zeichnung und Farbe variieren k\u00f6nnen.<\/p>\n<\/div>\n<div><\/div>\n<div class=\"product--description\">\n<p>Jedes Messer ist somit ein Unikat.<\/p>\n<p>Details:<br \/>\n&#8211; Klingenmaterial: Kohlenstoffstahl<br \/>\n&#8211; Griffmaterial: Maserbirke + Rentierhorn<br \/>\n&#8211; Gesamtl\u00e4nge: ca. 19,0 cm<br \/>\n&#8211; Klingenl\u00e4nge: ca. 8,5 cm<br \/>\n&#8211; Gewicht: ca. 115 g<br \/>\n&#8211; Hersteller-Artikelnummer: 23VP8<\/p>\n<p><strong>Hersteller:<\/strong>\u00a0Wood Jewel Raatiniemi Oy, Jokijalantie 6, FI-95900 Kolari, Finland, info@woodjewel.fi<br \/>\n<strong>Verantwortliche Person: Battle-Merchant Wacken GmbH &amp; Co. KG, Gehrn 4, 25596 Wacken<\/strong><br \/>\n<strong>Kontakt: info@battlemerchant.com<\/strong><\/p>\n<p><strong>Sicherheitshinweis:<\/strong><br \/>\n&#8211; Das Produkt kann scharfe Schnittkanten aufweisen. Unsachgem\u00e4\u00dfer oder unvorsichtiger Gebrauch kann zu Verletzungen f\u00fchren.<\/p>\n<\/div>\n","protected":false},"excerpt":{"rendered":"<p>Jagdmesser Wood Jewel Vuolo 8<\/p>\n","protected":false},"featured_media":2001,"comment_status":"open","ping_status":"closed","template":"","meta":[],"product_brand":[],"product_cat":[558,600],"product_tag":[604,605,606,607],"class_list":{"0":"post-2000","1":"product","2":"type-product","3":"status-publish","4":"has-post-thumbnail","6":"product_cat-kuechen-kochen","7":"product_cat-messer","8":"product_tag-wood-jewel","9":"product_tag-vuolu","10":"product_tag-jagdmesser","11":"product_tag-lappland","13":"first","14":"outofstock","15":"taxable","16":"shipping-taxable","17":"purchasable","18":"product-type-simple"},"_links":{"self":[{"href":"https:\/\/shop.xn--altmhl-bogensport-52b.de\/index.php?rest_route=\/wp\/v2\/product\/2000","targetHints":{"allow":["GET"]}}],"collection":[{"href":"https:\/\/shop.xn--altmhl-bogensport-52b.de\/index.php?rest_route=\/wp\/v2\/product"}],"about":[{"href":"https:\/\/shop.xn--altmhl-bogensport-52b.de\/index.php?rest_route=\/wp\/v2\/types\/product"}],"replies":[{"embeddable":true,"href":"https:\/\/shop.xn--altmhl-bogensport-52b.de\/index.php?rest_route=%2Fwp%2Fv2%2Fcomments&post=2000"}],"wp:featuredmedia":[{"embeddable":true,"href":"https:\/\/shop.xn--altmhl-bogensport-52b.de\/index.php?rest_route=\/wp\/v2\/media\/2001"}],"wp:attachment":[{"href":"https:\/\/shop.xn--altmhl-bogensport-52b.de\/index.php?rest_route=%2Fwp%2Fv2%2Fmedia&parent=2000"}],"wp:term":[{"taxonomy":"product_brand","embeddable":true,"href":"https:\/\/shop.xn--altmhl-bogensport-52b.de\/index.php?rest_route=%2Fwp%2Fv2%2Fproduct_brand&post=2000"},{"taxonomy":"product_cat","embeddable":true,"href":"https:\/\/shop.xn--altmhl-bogensport-52b.de\/index.php?rest_route=%2Fwp%2Fv2%2Fproduct_cat&post=2000"},{"taxonomy":"product_tag","embeddable":true,"href":"https:\/\/shop.xn--altmhl-bogensport-52b.de\/index.php?rest_route=%2Fwp%2Fv2%2Fproduct_tag&post=2000"}],"curies":[{"name":"wp","href":"https:\/\/api.w.org\/{rel}","templated":true}]}}