{"id":1982,"date":"2021-11-10T17:29:18","date_gmt":"2021-11-10T17:29:18","guid":{"rendered":"https:\/\/shop.xn--altmhl-bogensport-52b.de\/?post_type=product&#038;p=1982"},"modified":"2021-11-10T17:32:35","modified_gmt":"2021-11-10T17:32:35","slug":"longlife-liegender-luchs","status":"publish","type":"product","link":"https:\/\/shop.xn--altmhl-bogensport-52b.de\/?product=longlife-liegender-luchs","title":{"rendered":"Longlife Liegender Luchs"},"content":{"rendered":"<p>Der Luchs ist ein Raubtier aus der Familie der Katzen. Er ist in weiten Bereichen Europas und Asiens ans\u00e4ssig. Er kann eine K\u00f6rperl\u00e4nge von 120 cm und in Ausnahmef\u00e4llen ein Gewicht von 37 kg erreichen.<\/p>\n<p>&nbsp;<\/p>\n<p>3 D Tiere von Longlife machen ihrem Namen alle Ehre und sind auf vielen Parcours in der ganzen Welt zuhause. Unser Spezialschaum, der Standard bei allen 3 D Tieren von Longlife ist, erh\u00f6ht die Lebensdauer wesentlich. Alle 3 D Tiere von Longlife werden in Deutschland hergestellt.<\/p>\n<p>&nbsp;<\/p>\n<p>Der &#8220;Longlife Liegender Luchs&#8221; l\u00e4sst \u00a0sich hervorragend mit dem &#8220;Longlife Luchs&#8221; (Artikelnummer 60160) zu einer Gruppe kombinieren.<\/p>\n<ul>\n<li>L\u00e4nge: 95 cm<\/li>\n<li>H\u00f6he: 40 cm<\/li>\n<li>Gewicht: 9 kg<\/li>\n<li>Qualit\u00e4t:\u00a0<b>Made in Germany<\/b><b>Eigenschaften:<\/b><\/li>\n<li>stoppt jeden Pfeil<\/li>\n<li>leichtes Ziehen der Pfeile<\/li>\n<li>Material UV-resistent<\/li>\n<li>Material witterungsbest\u00e4ndig<\/li>\n<li>Schaum selbstschlie\u00dfend \u201eLonglife self healing effect\u201c<\/li>\n<li>besonders naturgetreue Optik<\/li>\n<\/ul>\n","protected":false},"excerpt":{"rendered":"<p>3D Ziel Longlife liegender Luchs<\/p>\n","protected":false},"featured_media":1983,"comment_status":"open","ping_status":"closed","template":"","meta":[],"product_brand":[],"product_cat":[172],"product_tag":[175,177,237,599],"class_list":{"0":"post-1982","1":"product","2":"type-product","3":"status-publish","4":"has-post-thumbnail","6":"product_cat-longlife","7":"product_tag-longlife","8":"product_tag-3d-ziel","9":"product_tag-3d-target","10":"product_tag-luchs","12":"first","13":"onbackorder","14":"taxable","15":"shipping-taxable","16":"purchasable","17":"product-type-simple"},"_links":{"self":[{"href":"https:\/\/shop.xn--altmhl-bogensport-52b.de\/index.php?rest_route=\/wp\/v2\/product\/1982","targetHints":{"allow":["GET"]}}],"collection":[{"href":"https:\/\/shop.xn--altmhl-bogensport-52b.de\/index.php?rest_route=\/wp\/v2\/product"}],"about":[{"href":"https:\/\/shop.xn--altmhl-bogensport-52b.de\/index.php?rest_route=\/wp\/v2\/types\/product"}],"replies":[{"embeddable":true,"href":"https:\/\/shop.xn--altmhl-bogensport-52b.de\/index.php?rest_route=%2Fwp%2Fv2%2Fcomments&post=1982"}],"wp:featuredmedia":[{"embeddable":true,"href":"https:\/\/shop.xn--altmhl-bogensport-52b.de\/index.php?rest_route=\/wp\/v2\/media\/1983"}],"wp:attachment":[{"href":"https:\/\/shop.xn--altmhl-bogensport-52b.de\/index.php?rest_route=%2Fwp%2Fv2%2Fmedia&parent=1982"}],"wp:term":[{"taxonomy":"product_brand","embeddable":true,"href":"https:\/\/shop.xn--altmhl-bogensport-52b.de\/index.php?rest_route=%2Fwp%2Fv2%2Fproduct_brand&post=1982"},{"taxonomy":"product_cat","embeddable":true,"href":"https:\/\/shop.xn--altmhl-bogensport-52b.de\/index.php?rest_route=%2Fwp%2Fv2%2Fproduct_cat&post=1982"},{"taxonomy":"product_tag","embeddable":true,"href":"https:\/\/shop.xn--altmhl-bogensport-52b.de\/index.php?rest_route=%2Fwp%2Fv2%2Fproduct_tag&post=1982"}],"curies":[{"name":"wp","href":"https:\/\/api.w.org\/{rel}","templated":true}]}}