{"id":1977,"date":"2021-10-10T17:58:43","date_gmt":"2021-10-10T17:58:43","guid":{"rendered":"https:\/\/shop.xn--altmhl-bogensport-52b.de\/?post_type=product&#038;p=1977"},"modified":"2025-01-05T09:31:34","modified_gmt":"2025-01-05T09:31:34","slug":"ibb-3d-tier-feldhase-sitzend","status":"publish","type":"product","link":"https:\/\/shop.xn--altmhl-bogensport-52b.de\/?product=ibb-3d-tier-feldhase-sitzend","title":{"rendered":"IBB 3D Tier Feldhase sitzend"},"content":{"rendered":"<div class=\"content--title\">Produktinformationen &#8220;IBB 3D Tier Feldhase sitzend&#8221;<\/div>\n<div class=\"product--description\">\n<h2>IBB 3D Tier Feldhase gro\u00df sitzend<\/h2>\n<p>Unser\u00a0<strong>IBB\u00a0<\/strong>BY BEIER<strong>\u00a03D Feldhase<\/strong>\u00a0besitzt eine ausgew\u00e4hlte lebensechte K\u00f6rperhaltung mit gro\u00dfartigen Details. Dieser\u00a0<strong>3D Tier Feldhase<\/strong>\u00a0ist entspricht der realen\u00a0Dimensionen eines Feldhasen, um die Lebensdauer und Belastbarkeit zu erhalten. Seine Form und die vielen Details lassen das\u00a0<strong>3D<\/strong>\u00a0<strong>Tier<\/strong>\u00a0sehr lebensecht wirken.<\/p>\n<p>Dank der Herstellung unseres hervorragenden und einzigartigen\u00a0<strong>3D Tier<\/strong>\u00a0Schaums in Premiumqualit\u00e4t, lassen sich die Pfeile leicht aus dem\u00a0<strong>3D<\/strong>\u00a0<strong>Tier<\/strong>\u00a0herausziehen, die L\u00f6cher schlie\u00dfen sich sehr schnell und sind kaum sichtbar. Zudem ist es uns gelungen den\u00a0<strong>3D Tier<\/strong>\u00a0Schaum extrem leicht zu machen, was das Handling der\u00a0<strong>3D Tiere<\/strong>\u00a0beim Stellen auf den\u00a0<strong>3D<\/strong>\u00a0Parcours extrem erleichtert.<\/p>\n<p><em>Gruppe IFAA 4<\/em><\/p>\n<p><em>310x 460 x 240 mm<\/em><\/p>\n<p><em>Made in Germany<\/em><\/p>\n<\/div>\n<p>&nbsp;<\/p>\n<p><strong>Herstellername:<\/strong><br \/>\nBeier Distribution GmbH<br \/>\n<strong>Anschrift:<\/strong><br \/>\nPyramidenweg 20, 96253 Untersiemau<br \/>\n<strong>Herkunftsland:<\/strong><br \/>\nDeutschland<br \/>\n<strong>Webseite:<\/strong><br \/>\nhttps:\/\/www.bogensport-beier.de\/<br \/>\n<strong>Kontakt:<\/strong><br \/>\ncontact@bogensport-beier.de<br \/>\n<strong>Marke:<\/strong><br \/>\nBeier<\/p>\n","protected":false},"excerpt":{"rendered":"<p>IBB Feldhase sitzend<\/p>\n","protected":false},"featured_media":1978,"comment_status":"open","ping_status":"closed","template":"","meta":[],"product_brand":[],"product_cat":[506],"product_tag":[237,507,596,177],"class_list":{"0":"post-1977","1":"product","2":"type-product","3":"status-publish","4":"has-post-thumbnail","6":"product_cat-ibb-by-beier-3d-ziele","7":"product_tag-3d-target","8":"product_tag-ibb","9":"product_tag-feldhase","10":"product_tag-3d-ziel","12":"first","13":"onbackorder","14":"taxable","15":"shipping-taxable","16":"purchasable","17":"product-type-simple"},"_links":{"self":[{"href":"https:\/\/shop.xn--altmhl-bogensport-52b.de\/index.php?rest_route=\/wp\/v2\/product\/1977","targetHints":{"allow":["GET"]}}],"collection":[{"href":"https:\/\/shop.xn--altmhl-bogensport-52b.de\/index.php?rest_route=\/wp\/v2\/product"}],"about":[{"href":"https:\/\/shop.xn--altmhl-bogensport-52b.de\/index.php?rest_route=\/wp\/v2\/types\/product"}],"replies":[{"embeddable":true,"href":"https:\/\/shop.xn--altmhl-bogensport-52b.de\/index.php?rest_route=%2Fwp%2Fv2%2Fcomments&post=1977"}],"wp:featuredmedia":[{"embeddable":true,"href":"https:\/\/shop.xn--altmhl-bogensport-52b.de\/index.php?rest_route=\/wp\/v2\/media\/1978"}],"wp:attachment":[{"href":"https:\/\/shop.xn--altmhl-bogensport-52b.de\/index.php?rest_route=%2Fwp%2Fv2%2Fmedia&parent=1977"}],"wp:term":[{"taxonomy":"product_brand","embeddable":true,"href":"https:\/\/shop.xn--altmhl-bogensport-52b.de\/index.php?rest_route=%2Fwp%2Fv2%2Fproduct_brand&post=1977"},{"taxonomy":"product_cat","embeddable":true,"href":"https:\/\/shop.xn--altmhl-bogensport-52b.de\/index.php?rest_route=%2Fwp%2Fv2%2Fproduct_cat&post=1977"},{"taxonomy":"product_tag","embeddable":true,"href":"https:\/\/shop.xn--altmhl-bogensport-52b.de\/index.php?rest_route=%2Fwp%2Fv2%2Fproduct_tag&post=1977"}],"curies":[{"name":"wp","href":"https:\/\/api.w.org\/{rel}","templated":true}]}}