{"id":1972,"date":"2021-10-10T17:53:37","date_gmt":"2021-10-10T17:53:37","guid":{"rendered":"https:\/\/shop.xn--altmhl-bogensport-52b.de\/?post_type=product&#038;p=1972"},"modified":"2025-01-05T09:33:50","modified_gmt":"2025-01-05T09:33:50","slug":"ibb-3d-tier-pfeilgift-frosch","status":"publish","type":"product","link":"https:\/\/shop.xn--altmhl-bogensport-52b.de\/?product=ibb-3d-tier-pfeilgift-frosch","title":{"rendered":"IBB 3D Tier Pfeilgift &#8211; Frosch"},"content":{"rendered":"<div class=\"content--title\">Produktinformationen &#8220;IBB 3D Tier Pfeilgift &#8211; Frosch&#8221;<\/div>\n<div class=\"product--description\">\n<h2>IBB 3D Tier\u00a0Pfeilgift &#8211; Frosch<\/h2>\n<p>Der\u00a0<em><strong>Pfeilgiftfrosch<\/strong><\/em>, auch als schrecklicher Giftfrosch bezeichnet, gilt als eines der giftigsten Tiere und als die giftigste Froschart. Sie wurden von den Choc\u00f2 Indianern Kolumbiens als Pfeilgiftfr\u00f6sche benutzt, um ihre Blasrohrpfeile mit dem Hautgift zu bestreichen.<\/p>\n<p>Wir haben einen\u00a0<em><strong>IBB 3D Tier Pfeilgift &#8211; Frosch<\/strong><\/em>\u00a0gemacht, der auch sehr gro\u00df ist. Aber keine Angst, das Hautgift haben wir weggelassen \ud83d\ude42<\/p>\n<p>Dieser\u00a0<em>IBB 3D Tier Pfeilgift &#8211; Frosch<\/em>\u00a0\u00fcberzeugt durch seine Gr\u00f6\u00dfe aus unserem speziellen\u00a0<em>3D Tier<\/em>\u00a0Schaum. Leichtes Pfeilziehen, hohe UV-Licht Best\u00e4ndigkeit, extrem lange Haltbarkeit. Das sind die sehr gute Attribute f\u00fcr einen guten\u00a0<em>3D Tier Schaum<\/em>.<\/p>\n<h3>Hier die Daten des<em>\u00a0IBB 3D Tier Pfeilgift &#8211; Frosches<\/em>:<\/h3>\n<ul>\n<li>Gruppe: IFAA 4<\/li>\n<li>4 Kills<\/li>\n<li>Ma\u00dfe: 56 x 44 x 30 cm<\/li>\n<li>Made in Germany<\/li>\n<\/ul>\n<\/div>\n<p>&nbsp;<\/p>\n<p><strong>Herstellername:<\/strong><br \/>\nBeier Distribution GmbH<br \/>\n<strong>Anschrift:<\/strong><br \/>\nPyramidenweg 20, 96253 Untersiemau<br \/>\n<strong>Herkunftsland:<\/strong><br \/>\nDeutschland<br \/>\n<strong>Webseite:<\/strong><br \/>\nhttps:\/\/www.bogensport-beier.de\/<br \/>\n<strong>Kontakt:<\/strong><br \/>\ncontact@bogensport-beier.de<br \/>\n<strong>Marke:<\/strong><br \/>\nBeier<\/p>\n<div class=\"product--properties panel has--border\"><\/div>\n","protected":false},"excerpt":{"rendered":"<p>IBB Frosch<\/p>\n","protected":false},"featured_media":1973,"comment_status":"open","ping_status":"closed","template":"","meta":[],"product_brand":[],"product_cat":[506],"product_tag":[177,507,597,598],"class_list":{"0":"post-1972","1":"product","2":"type-product","3":"status-publish","4":"has-post-thumbnail","6":"product_cat-ibb-by-beier-3d-ziele","7":"product_tag-3d-ziel","8":"product_tag-ibb","9":"product_tag-frosch","10":"product_tag-pfeilgiftfrosch","12":"first","13":"onbackorder","14":"taxable","15":"shipping-taxable","16":"purchasable","17":"product-type-simple"},"_links":{"self":[{"href":"https:\/\/shop.xn--altmhl-bogensport-52b.de\/index.php?rest_route=\/wp\/v2\/product\/1972","targetHints":{"allow":["GET"]}}],"collection":[{"href":"https:\/\/shop.xn--altmhl-bogensport-52b.de\/index.php?rest_route=\/wp\/v2\/product"}],"about":[{"href":"https:\/\/shop.xn--altmhl-bogensport-52b.de\/index.php?rest_route=\/wp\/v2\/types\/product"}],"replies":[{"embeddable":true,"href":"https:\/\/shop.xn--altmhl-bogensport-52b.de\/index.php?rest_route=%2Fwp%2Fv2%2Fcomments&post=1972"}],"wp:featuredmedia":[{"embeddable":true,"href":"https:\/\/shop.xn--altmhl-bogensport-52b.de\/index.php?rest_route=\/wp\/v2\/media\/1973"}],"wp:attachment":[{"href":"https:\/\/shop.xn--altmhl-bogensport-52b.de\/index.php?rest_route=%2Fwp%2Fv2%2Fmedia&parent=1972"}],"wp:term":[{"taxonomy":"product_brand","embeddable":true,"href":"https:\/\/shop.xn--altmhl-bogensport-52b.de\/index.php?rest_route=%2Fwp%2Fv2%2Fproduct_brand&post=1972"},{"taxonomy":"product_cat","embeddable":true,"href":"https:\/\/shop.xn--altmhl-bogensport-52b.de\/index.php?rest_route=%2Fwp%2Fv2%2Fproduct_cat&post=1972"},{"taxonomy":"product_tag","embeddable":true,"href":"https:\/\/shop.xn--altmhl-bogensport-52b.de\/index.php?rest_route=%2Fwp%2Fv2%2Fproduct_tag&post=1972"}],"curies":[{"name":"wp","href":"https:\/\/api.w.org\/{rel}","templated":true}]}}