{"id":1958,"date":"2021-10-10T07:49:40","date_gmt":"2021-10-10T07:49:40","guid":{"rendered":"https:\/\/shop.xn--altmhl-bogensport-52b.de\/?post_type=product&#038;p=1958"},"modified":"2025-07-30T16:58:21","modified_gmt":"2025-07-30T16:58:21","slug":"seitenkoecher-burgund-baumwolle-leder-bybeier","status":"publish","type":"product","link":"https:\/\/shop.xn--altmhl-bogensport-52b.de\/?product=seitenkoecher-burgund-baumwolle-leder-bybeier","title":{"rendered":"Seitenk\u00f6cher Burgund Baumwolle &#038; Leder ByBeier"},"content":{"rendered":"<div class=\"content--title\">Produktinformationen &#8220;Seitenk\u00f6cher Burgund Baumwolle &amp; Leder&#8221;<\/div>\n<div class=\"product--description\">\n<h2>Seitenk\u00f6cher Burgund<\/h2>\n<p>Burgund ist nicht nur eine Farbe, sondern ein Landstrich in Zentralfrankreich und einst ein Herzugtum. Der\u00a0<strong>Seitenk\u00f6cher<\/strong>\u00a0<strong>Burgund<\/strong> ist wundersch\u00f6n, wirklich au\u00dfergew\u00f6hnlich.<\/p>\n<p>Ein <strong>Seitenk\u00f6cher<\/strong>\u00a0der Extraklasse. Er ist sehr gut kombinierbar mit dem burgunderfarbenen Armsch\u00fctzer und Schie\u00dfhandschuhen, die auch aus roter Baumwolle und Leder gefertigt sind. Hier kannst du dir ein sch\u00f6nes passendes Set mit dem\u00a0<strong>Seitenk\u00f6cher Burgund\u00a0<\/strong>zusammenstellen.<\/p>\n<p>Ein Marken Produkt der By Beier Germany<\/p>\n<table class=\"table table-sm\">\n<tbody>\n<tr class=\"attr-custom\">\n<td class=\"attr-value\"><strong>Herstellername:<\/strong><br \/>\nBeier Distribution GmbH<br \/>\n<strong>Anschrift:<\/strong><br \/>\nPyramidenweg 20, 96253 Untersiemau<br \/>\n<strong>Herkunftsland:<\/strong><br \/>\nDeutschland<br \/>\n<strong>Webseite:<\/strong><br \/>\nhttps:\/\/www.bogensport-beier.de\/<br \/>\n<strong>Kontakt:<\/strong><br \/>\ncontact@bogensport-beier.de<br \/>\n<strong>Marke:<\/strong><br \/>\nBeier<\/td>\n<\/tr>\n<\/tbody>\n<\/table>\n<\/div>\n","protected":false},"excerpt":{"rendered":"<p>Seitenk\u00f6cher burgund<\/p>\n","protected":false},"featured_media":1959,"comment_status":"open","ping_status":"closed","template":"","meta":[],"product_brand":[],"product_cat":[163,454],"product_tag":[216,594,595,932,59],"class_list":{"0":"post-1958","1":"product","2":"type-product","3":"status-publish","4":"has-post-thumbnail","6":"product_cat-sale","7":"product_cat-seitenkoecher","8":"product_tag-seitenkoecher","9":"product_tag-bybeier","10":"product_tag-burgung","11":"product_tag-burgund","12":"product_tag-leder","14":"first","15":"instock","16":"taxable","17":"shipping-taxable","18":"purchasable","19":"product-type-variable"},"_links":{"self":[{"href":"https:\/\/shop.xn--altmhl-bogensport-52b.de\/index.php?rest_route=\/wp\/v2\/product\/1958","targetHints":{"allow":["GET"]}}],"collection":[{"href":"https:\/\/shop.xn--altmhl-bogensport-52b.de\/index.php?rest_route=\/wp\/v2\/product"}],"about":[{"href":"https:\/\/shop.xn--altmhl-bogensport-52b.de\/index.php?rest_route=\/wp\/v2\/types\/product"}],"replies":[{"embeddable":true,"href":"https:\/\/shop.xn--altmhl-bogensport-52b.de\/index.php?rest_route=%2Fwp%2Fv2%2Fcomments&post=1958"}],"wp:featuredmedia":[{"embeddable":true,"href":"https:\/\/shop.xn--altmhl-bogensport-52b.de\/index.php?rest_route=\/wp\/v2\/media\/1959"}],"wp:attachment":[{"href":"https:\/\/shop.xn--altmhl-bogensport-52b.de\/index.php?rest_route=%2Fwp%2Fv2%2Fmedia&parent=1958"}],"wp:term":[{"taxonomy":"product_brand","embeddable":true,"href":"https:\/\/shop.xn--altmhl-bogensport-52b.de\/index.php?rest_route=%2Fwp%2Fv2%2Fproduct_brand&post=1958"},{"taxonomy":"product_cat","embeddable":true,"href":"https:\/\/shop.xn--altmhl-bogensport-52b.de\/index.php?rest_route=%2Fwp%2Fv2%2Fproduct_cat&post=1958"},{"taxonomy":"product_tag","embeddable":true,"href":"https:\/\/shop.xn--altmhl-bogensport-52b.de\/index.php?rest_route=%2Fwp%2Fv2%2Fproduct_tag&post=1958"}],"curies":[{"name":"wp","href":"https:\/\/api.w.org\/{rel}","templated":true}]}}