{"id":1932,"date":"2021-09-18T15:06:07","date_gmt":"2021-09-18T15:06:07","guid":{"rendered":"https:\/\/shop.xn--altmhl-bogensport-52b.de\/?post_type=product&#038;p=1932"},"modified":"2025-01-08T18:37:04","modified_gmt":"2025-01-08T18:37:04","slug":"mohawk-mittelteil-bubinga-19-zoll","status":"publish","type":"product","link":"https:\/\/shop.xn--altmhl-bogensport-52b.de\/?product=mohawk-mittelteil-bubinga-19-zoll","title":{"rendered":"Mohawk Mittelteil Bubinga 19 Zoll"},"content":{"rendered":"<p>Die Geschichte des Bearpaw Limb System<\/p>\n<p>Alles begann im Jahre 2014 als Bearpaw Products mit dem legend\u00e4ren 17 Zoll Griffst\u00fccks des Mohawk auf dem weltweiten Bogensportmarkt erste Erfolge einholte.<br \/>\nMit steigenden Erfolgen und einer gro\u00dfen Fan Community im R\u00fccken, wurde das 13 Zoll Griffst\u00fcck des k\u00fcnftigen Mohawk Hunters entwickelt.<br \/>\nSchon mit Mohawk Hunter wurde die Herausforderung gemeistert, dass die vorhandenen Wurfarme auf das neue Mohawk Hunter Griffst\u00fcck verwendet werden konnte.<br \/>\nMit dem neuen 13 Zoll Mohawk Hunter Mittelteil wurde ein kurzer und somit aggressiver Take Down Bogen entwickelt mit der AMO Bogenl\u00e4nge von 56 | 58 Zoll.<br \/>\nUm nun ein System zu erschaffen, was den Bogensch\u00fctzen erlauben wird, die besten Bearpaw Mittelteile mit den verschiedensten Bearpaw Wurfarmen nutzen zu k\u00f6nnen, musste die Herausforderungen gemeistert werden, die Auflagefl\u00e4chen der Wurfarme auf dem Mittelteil so zu konstruieren, dass der Anstellwinkel eine einheitliche Nutzung garantiert.<br \/>\nEin gro\u00dfes Ziel bestand ebenfalls darin, dass das Zuggewicht der Wurfarme immer wieder gleichbleibt, selbst wenn man die Mittelteile immer wieder wechselt. Die L\u00e4nge des BLS Mittelteil sollte daher keinen Einfluss auf das Zuggewicht haben.<br \/>\nDies war einer der wichtigsten Schritte zum BEARPAW LIMBS SYSTEM:<br \/>\nAlles muss perfekt kombinierbar sein.<br \/>\nWir bieten jetzt mehr als 54 Griffe innerhalb des BLS an, einschlie\u00dflich des lang erwarteten BIG BEAR Mittelteils.<br \/>\nF\u00fcr uns gibt es nicht DEN Bogensport.<br \/>\nBogensport hei\u00dft f\u00fcr BEARPAW PRODUCTS Vielfalt und verschiedene Anspr\u00fcche.<br \/>\nDie Vielfalt zu honorieren und verschiedene Anspr\u00fcche zu vereinen sind Zweck des BLS.<br \/>\nWerde nun Teil eines neuartigen und revolution\u00e4ren Systems und finde deinen pers\u00f6nlichen BLS Bogen:<\/p>\n<p>Technische Details:<\/p>\n<ul>\n<li>L\u00e4nge Mittelteil: 19 Zoll<\/li>\n<li>H\u00f6lzer Mittelteil: Bubinga mit Ahorn und Mycarta Akzentstreifen<\/li>\n<li>Qualit\u00e4t: German Quality<\/li>\n<li>Garantie: 30 Jahre BEARPAW PRODUCTS\u00a0Garantie*<\/li>\n<\/ul>\n<p><strong>*Die Mohawk Mittelteile des BEARPAW LIMB SYSTEM entstammen dem Hause BEARPAW PRODUCTS. Dank der Expertise und des Know-Hows von unserem Partner Bodnik Bows, entsprechen sie den herk\u00f6mmlichen, h\u00f6chsten Qualit\u00e4tsstandards. Wir von BEARPAW sind uns dieser Qualit\u00e4t bewusst und zu 100% davon \u00fcberzeugt. Aus diesem Grund gew\u00e4hrt BEARPAW PRODUCTS 30 Jahre Garantie auf all unsere Mohawk Mittelteile des BLS.<\/strong><\/p>\n<p><strong>Garantieinhalt:<\/strong><\/p>\n<ul>\n<li><strong>Von der Garantie ausgeschlossen sind Verschlei\u00dfspuren, Sch\u00e4den durch grob fahrl\u00e4ssiges oder vors\u00e4tzliches Verhalten.<\/strong><\/li>\n<li><strong>Die Garantieleistung erfolgt durch Austausch oder Reparatur des Mittelteils. Die gesetzlichen Gew\u00e4hrleistungsrechte bleiben von dieser Garantie unber\u00fchrt und gelten unabh\u00e4ngig von dieser.<\/strong><\/li>\n<\/ul>\n<p><strong>Details zur Garantie des BLS findest Du\u00a0<a href=\"https:\/\/www.bearpaw-shop.com\/garantie\" target=\"_blank\" rel=\"noreferrer noopener\">hier<\/a>.<\/strong><\/p>\n<p>Abbildung kann vom Original abweichen.<\/p>\n<p>&nbsp;<\/p>\n<table class=\"table table-sm\">\n<tbody>\n<tr class=\"attr-custom\">\n<td class=\"attr-value\"><strong>Herstellername:<\/strong><br \/>\nBEARPAW GmbH<br \/>\n<strong>Anschrift:<\/strong><br \/>\nHannebach 30, 96269 Rossach<br \/>\n<strong>Herkunftsland:<\/strong><br \/>\nDeutschland<br \/>\n<strong>Webseite:<\/strong><br \/>\nhttps:\/\/www.bearpaw-products.de\/<br \/>\n<strong>Kontakt:<\/strong><br \/>\ninfo@bearpaw-products.com<br \/>\n<strong>Marke:<\/strong><br \/>\nBearpaw Products<\/td>\n<\/tr>\n<\/tbody>\n<\/table>\n","protected":false},"excerpt":{"rendered":"<p>Mohawk Mittelteil 19 Zoll<\/p>\n","protected":false},"featured_media":1933,"comment_status":"open","ping_status":"closed","template":"","meta":[],"product_brand":[],"product_cat":[183],"product_tag":[589,591,30,52,184],"class_list":{"0":"post-1932","1":"product","2":"type-product","3":"status-publish","4":"has-post-thumbnail","6":"product_cat-mittelteil","7":"product_tag-mohawk","8":"product_tag-bubinga","9":"product_tag-bearpaw","10":"product_tag-takedown","11":"product_tag-mittelteil","13":"first","14":"onbackorder","15":"taxable","16":"shipping-taxable","17":"purchasable","18":"product-type-variable"},"_links":{"self":[{"href":"https:\/\/shop.xn--altmhl-bogensport-52b.de\/index.php?rest_route=\/wp\/v2\/product\/1932","targetHints":{"allow":["GET"]}}],"collection":[{"href":"https:\/\/shop.xn--altmhl-bogensport-52b.de\/index.php?rest_route=\/wp\/v2\/product"}],"about":[{"href":"https:\/\/shop.xn--altmhl-bogensport-52b.de\/index.php?rest_route=\/wp\/v2\/types\/product"}],"replies":[{"embeddable":true,"href":"https:\/\/shop.xn--altmhl-bogensport-52b.de\/index.php?rest_route=%2Fwp%2Fv2%2Fcomments&post=1932"}],"wp:featuredmedia":[{"embeddable":true,"href":"https:\/\/shop.xn--altmhl-bogensport-52b.de\/index.php?rest_route=\/wp\/v2\/media\/1933"}],"wp:attachment":[{"href":"https:\/\/shop.xn--altmhl-bogensport-52b.de\/index.php?rest_route=%2Fwp%2Fv2%2Fmedia&parent=1932"}],"wp:term":[{"taxonomy":"product_brand","embeddable":true,"href":"https:\/\/shop.xn--altmhl-bogensport-52b.de\/index.php?rest_route=%2Fwp%2Fv2%2Fproduct_brand&post=1932"},{"taxonomy":"product_cat","embeddable":true,"href":"https:\/\/shop.xn--altmhl-bogensport-52b.de\/index.php?rest_route=%2Fwp%2Fv2%2Fproduct_cat&post=1932"},{"taxonomy":"product_tag","embeddable":true,"href":"https:\/\/shop.xn--altmhl-bogensport-52b.de\/index.php?rest_route=%2Fwp%2Fv2%2Fproduct_tag&post=1932"}],"curies":[{"name":"wp","href":"https:\/\/api.w.org\/{rel}","templated":true}]}}