{"id":193,"date":"2019-10-01T09:17:47","date_gmt":"2019-10-01T09:17:47","guid":{"rendered":"http:\/\/shop.xn--altmhl-bogensport-52b.de\/?post_type=product&#038;p=193"},"modified":"2025-01-05T15:07:54","modified_gmt":"2025-01-05T15:07:54","slug":"goldtip-traditional-carbonpfeil-std","status":"publish","type":"product","link":"https:\/\/shop.xn--altmhl-bogensport-52b.de\/?product=goldtip-traditional-carbonpfeil-std","title":{"rendered":"Goldtip Traditional Carbonpfeil Std."},"content":{"rendered":"<h2>Gold Tip Pfeil Traditional Hunter mit 4 Zoll Natur-Befiederung<\/h2>\n<p>Carbon\u00a0Pfeil mit dem Wood Grain Schaft von Gold Tip und einer 4&#8243; shield Befiederung aus Naturfedern.<\/p>\n<p>Dieser Pfeil ist mit einem Holzdekor \u00fcberzogen, der dem Pfeil\u00a0sein authentisches Aussehen verleiht.<\/p>\n<p>Der Gold Tip Traditional Hunter ist ein sehr robuster Pfeil.<\/p>\n<p>Bei der Standardvariante k\u00f6nnen sie die L\u00e4nge nicht w\u00e4hlen.<\/p>\n<p>Nockfarbe: Wei\u00df<\/p>\n<p>Spitzengewicht: 85gr o. 100gr.<\/p>\n<p>Der Pfeil ist gerade befiedert.<\/p>\n<p>Folgende Farbm\u00f6glichkeiten stehen zur Auswahl:<\/p>\n<p>Leitfeder wei\u00df &#8211; 2+3 Feder Flu gelb<\/p>\n<p>Leitfeder rot &#8211; 2+3 Feder Sonnengelb<\/p>\n<p>Leitfeder rot &#8211; 2+3 Feder wei\u00df<\/p>\n<p>&nbsp;<\/p>\n<p>Wir fertigen den Pfeil f\u00fcr Sie an. Lieferzeit je nach Auftragslage 7-14 Tage.<\/p>\n<p>&nbsp;<\/p>\n<p><strong>Technische Daten:<\/strong><\/p>\n<p>&nbsp;<\/p>\n<table style=\"height: 283px;\" width=\"749\">\n<tbody>\n<tr>\n<td>\n<p align=\"center\">Schaft<\/p>\n<\/td>\n<td>\n<p align=\"center\">GPI<\/p>\n<\/td>\n<td>\n<p align=\"center\">Spine<\/p>\n<\/td>\n<td>\n<p align=\"center\">Geradheit<\/p>\n<\/td>\n<td>\n<p align=\"center\">max. L\u00e4nge<\/p>\n<\/td>\n<td>\n<p align=\"center\">\u00d8 innen<\/p>\n<\/td>\n<td>\n<p align=\"center\">\u00d8 au\u00dfen<\/p>\n<\/td>\n<\/tr>\n<tr>\n<td>\n<p align=\"center\">600\/1535<\/p>\n<\/td>\n<td>\n<p align=\"center\">7.8<\/p>\n<\/td>\n<td>\n<p align=\"center\">.600&#8243;<\/p>\n<\/td>\n<td>\n<p align=\"center\">+\/- .006&#8243;<\/p>\n<\/td>\n<td>\n<p align=\"center\">30 Zoll<\/p>\n<\/td>\n<td>\n<p align=\"center\">.246&#8243;<\/p>\n<\/td>\n<td>\n<p align=\"center\">.295&#8243;<\/p>\n<\/td>\n<\/tr>\n<tr>\n<td>\n<p align=\"center\">500\/3555<\/p>\n<\/td>\n<td>\n<p align=\"center\">8.6<\/p>\n<\/td>\n<td>\n<p align=\"center\">.500&#8243;<\/p>\n<\/td>\n<td>\n<p align=\"center\">+\/- .006&#8243;<\/p>\n<\/td>\n<td>\n<p align=\"center\">32 Zoll<\/p>\n<\/td>\n<td>\n<p align=\"center\">.246&#8243;<\/p>\n<\/td>\n<td>\n<p align=\"center\">.300&#8243;<\/p>\n<\/td>\n<\/tr>\n<tr>\n<td>\n<p align=\"center\">400\/5575<\/p>\n<\/td>\n<td>\n<p align=\"center\">9.3<\/p>\n<\/td>\n<td>\n<p align=\"center\">.400&#8243;<\/p>\n<\/td>\n<td>\n<p align=\"center\">+\/- .006&#8243;<\/p>\n<\/td>\n<td>\n<p align=\"center\">32 Zoll<\/p>\n<\/td>\n<td>\n<p align=\"center\">.246&#8243;<\/p>\n<\/td>\n<td>\n<p align=\"center\">.302&#8243;<\/p>\n<\/td>\n<\/tr>\n<tr>\n<td><\/td>\n<td><\/td>\n<td><\/td>\n<td><\/td>\n<td><\/td>\n<td><\/td>\n<td><\/td>\n<\/tr>\n<\/tbody>\n<\/table>\n<p>&nbsp;<\/p>\n<p>&nbsp;<\/p>\n<table class=\"table table-sm\">\n<tbody>\n<tr class=\"attr-custom\">\n<td><b>Herstellerangaben<\/b>:<\/td>\n<td class=\"attr-value\"><strong>Herstellername:<\/strong><br \/>\nVISTA OUTDOOR LLC<br \/>\n<strong>Anschrift:<\/strong><br \/>\n3985 N 75 W, Hyde Park, UT 84318<br \/>\n<strong>Herkunftsland:<\/strong><br \/>\nUSA<br \/>\n<strong>Webseite:<\/strong><br \/>\nhttps:\/\/www.goldtip.com\/<br \/>\n<strong>Kontakt:<\/strong><br \/>\ncustomerservice@goldtip.com<br \/>\n<strong>Marke:<\/strong><br \/>\nGOLD TIP<\/td>\n<\/tr>\n<tr class=\"attr-custom\">\n<td><b>Verantwortliche Person<\/b>:<\/td>\n<td class=\"attr-value\"><strong>verantwortliche Person:<\/strong><br \/>\nJVD Group B.V.<br \/>\n<strong>Anschrift:<\/strong><br \/>\nLooier 9, 5253 RA Nieuwkuijk<br \/>\n<strong>Herkunftsland:<\/strong><br \/>\nNiederlande<br \/>\n<strong>Kontakt:<\/strong><br \/>\ncontact@jvd-group.com<\/td>\n<\/tr>\n<\/tbody>\n<\/table>\n","protected":false},"excerpt":{"rendered":"<p>Gold Tip Pfeil Traditional Hunter mit 4 Zoll Natur-Befiederung Carbon\u00a0Pfeil mit dem Wood Grain Schaft von Gold Tip und einer 4&#8243; shield Befiederung aus Naturfedern. Dieser Pfeil ist mit einem Holzdekor \u00fcberzogen, der dem Pfeil\u00a0sein authentisches Aussehen verleiht. Der Gold Tip Traditional Hunter ist ein sehr robuster Pfeil. Bei der Standardvariante k\u00f6nnen sie die L\u00e4nge [&hellip;]<\/p>\n","protected":false},"featured_media":200,"comment_status":"open","ping_status":"closed","template":"","meta":[],"product_brand":[],"product_cat":[804],"product_tag":[900,73,74,543],"class_list":{"0":"post-193","1":"product","2":"type-product","3":"status-publish","4":"has-post-thumbnail","6":"product_cat-standard-carbonpfeil","7":"product_tag-carbon","8":"product_tag-traditional","9":"product_tag-goldtip","10":"product_tag-fertigpfeil","12":"first","13":"instock","14":"taxable","15":"shipping-taxable","16":"purchasable","17":"product-type-variable"},"_links":{"self":[{"href":"https:\/\/shop.xn--altmhl-bogensport-52b.de\/index.php?rest_route=\/wp\/v2\/product\/193","targetHints":{"allow":["GET"]}}],"collection":[{"href":"https:\/\/shop.xn--altmhl-bogensport-52b.de\/index.php?rest_route=\/wp\/v2\/product"}],"about":[{"href":"https:\/\/shop.xn--altmhl-bogensport-52b.de\/index.php?rest_route=\/wp\/v2\/types\/product"}],"replies":[{"embeddable":true,"href":"https:\/\/shop.xn--altmhl-bogensport-52b.de\/index.php?rest_route=%2Fwp%2Fv2%2Fcomments&post=193"}],"wp:featuredmedia":[{"embeddable":true,"href":"https:\/\/shop.xn--altmhl-bogensport-52b.de\/index.php?rest_route=\/wp\/v2\/media\/200"}],"wp:attachment":[{"href":"https:\/\/shop.xn--altmhl-bogensport-52b.de\/index.php?rest_route=%2Fwp%2Fv2%2Fmedia&parent=193"}],"wp:term":[{"taxonomy":"product_brand","embeddable":true,"href":"https:\/\/shop.xn--altmhl-bogensport-52b.de\/index.php?rest_route=%2Fwp%2Fv2%2Fproduct_brand&post=193"},{"taxonomy":"product_cat","embeddable":true,"href":"https:\/\/shop.xn--altmhl-bogensport-52b.de\/index.php?rest_route=%2Fwp%2Fv2%2Fproduct_cat&post=193"},{"taxonomy":"product_tag","embeddable":true,"href":"https:\/\/shop.xn--altmhl-bogensport-52b.de\/index.php?rest_route=%2Fwp%2Fv2%2Fproduct_tag&post=193"}],"curies":[{"name":"wp","href":"https:\/\/api.w.org\/{rel}","templated":true}]}}