{"id":1925,"date":"2021-09-18T14:51:36","date_gmt":"2021-09-18T14:51:36","guid":{"rendered":"https:\/\/shop.xn--altmhl-bogensport-52b.de\/?post_type=product&#038;p=1925"},"modified":"2025-01-08T18:39:24","modified_gmt":"2025-01-08T18:39:24","slug":"mohawk-hunter-mittelteil-bubinga-13-zoll","status":"publish","type":"product","link":"https:\/\/shop.xn--altmhl-bogensport-52b.de\/?product=mohawk-hunter-mittelteil-bubinga-13-zoll","title":{"rendered":"Mohawk Hunter Mittelteil Bubinga 13 Zoll"},"content":{"rendered":"<p>Der Mohawk Take Down ist ein legend\u00e4rer Bogen! Rund um den Globus schw\u00f6ren begeisterte Bogensch\u00fctzen und Bogenj\u00e4ger auf unsere Mohawks. Doch was begr\u00fcndet seinen Mythos?<\/p>\n<p>Zum einen, weil es ein Bodnik Bows ist, der mit seiner einzigartigen 30-j\u00e4hrigen Bodnik Bows Garantie die Gemeinschaft der Bogenj\u00e4ger und Bogensch\u00fctzen nachhaltig \u00fcberzeugt hat. Zum anderen, weil er eine einmalige Performance hat, die hohe Leistungsf\u00e4higkeit und ein weiches Auszugsverhalten miteinander kombiniert. Auch auf weitere Entfernungen katapultiert der Mohawk die Pfeile in einer flachen Flugbahn zum Ziel!<\/p>\n<p>Die Mittelteile unserer Mohawks haben wir aus Bubinga gebaut, damit auch gen\u00fcgend Gewicht vorhanden ist, um alle Restenergie aufzunehmen. So k\u00f6nnen wir garantieren, dass der Mohawk ohne sp\u00fcrbaren Handschock zu schie\u00dfen ist. Die Schichtverleimung im Mittelteil der Mohawks punktet sowohl in Bezug auf Optik als auch Design! Zudem versteifen unsere Verleimungen aus Bubinga, Ahorn und Mycarta das gesamte Mittelteil und garantieren so ein Maximum an Stabilit\u00e4t!<\/p>\n<p><strong>\u201eEye Candy\u201c!<\/strong><\/p>\n<p>Damit ist das kurze und handliche Mohawk Hunter Mittelteil treffend bezeichnet. Das gelungene Design besticht durch seine sch\u00f6nen Formen und Kurven. Die ver\u00e4nderte Geometrie dient der Pr\u00e4zision und Fehlerverzeihung.<\/p>\n<p><strong>Bei Auswahl der Mohawk Recurve Wurfarme lang sowie der Hybrid Wurfarme erhalten Sie mit dem 13 Zoll Mittelteil eine Bogenl\u00e4nge von 58 Zoll<\/strong><br \/>\n<strong>Bei Auswahl der Mohawk Recurve Wurfarme kurz erhalten Sie mit dem 13 Zoll Mittelteil eine Bogenl\u00e4nge von 56 Zoll<\/strong><\/p>\n<ul>\n<li>L\u00e4nge Mittelteil: 13 Zoll<\/li>\n<li>H\u00f6lzer Mittelteil: Bubinga mit Ahorn und Mycarta Akzentstreifen<\/li>\n<li>Gewicht Mittelteil: 475g (1,05lbs)<\/li>\n<li>Qualit\u00e4t: German Quality<\/li>\n<li>Garantie: 30 Jahre Bodnik Bows Garantie*<\/li>\n<\/ul>\n<p><strong>*Garantiebedingungen: F\u00fcr alle BODNIK BOWS B\u00f6gen gew\u00e4hrt BEARPAW 30 Jahre Garantie auf Br\u00fcche, Risse und Delaminierungen. Von der Garantie ausgeschlossen sind Verschlei\u00dfspuren, Sch\u00e4den durch grob fahrl\u00e4ssiges oder vors\u00e4tzliches Verhalten und verdrehte Wurfarme nach einer Nutzungsdauer von 6 Monaten. Die Garantieleistung erfolgt durch Austausch oder Reparatur des Bogens. Die gesetzlichen Gew\u00e4hrleistungsrechte bleiben von dieser Garantie unber\u00fchrt und gelten unabh\u00e4ngig von dieser.<\/strong><\/p>\n<p><strong>Abbildung kann vom Original abweichen.<\/strong><\/p>\n<p>&nbsp;<\/p>\n<table class=\"table table-sm\">\n<tbody>\n<tr class=\"attr-custom\">\n<td class=\"attr-value\"><strong>Herstellername:<\/strong><br \/>\nBEARPAW GmbH<br \/>\n<strong>Anschrift:<\/strong><br \/>\nHannebach 30, 96269 Rossach<br \/>\n<strong>Herkunftsland:<\/strong><br \/>\nDeutschland<br \/>\n<strong>Webseite:<\/strong><br \/>\nhttps:\/\/www.bearpaw-products.de\/<br \/>\n<strong>Kontakt:<\/strong><br \/>\ninfo@bearpaw-products.com<br \/>\n<strong>Marke:<\/strong><br \/>\nBearpaw Products<\/td>\n<\/tr>\n<\/tbody>\n<\/table>\n","protected":false},"excerpt":{"rendered":"<p>Mittelteil Mohawk Hunter 13 Zoll<\/p>\n","protected":false},"featured_media":1926,"comment_status":"open","ping_status":"closed","template":"","meta":[],"product_brand":[],"product_cat":[183],"product_tag":[589,591,30,87],"class_list":{"0":"post-1925","1":"product","2":"type-product","3":"status-publish","4":"has-post-thumbnail","6":"product_cat-mittelteil","7":"product_tag-mohawk","8":"product_tag-bubinga","9":"product_tag-bearpaw","10":"product_tag-hunter","12":"first","13":"outofstock","14":"sale","15":"taxable","16":"shipping-taxable","17":"purchasable","18":"product-type-variable"},"_links":{"self":[{"href":"https:\/\/shop.xn--altmhl-bogensport-52b.de\/index.php?rest_route=\/wp\/v2\/product\/1925","targetHints":{"allow":["GET"]}}],"collection":[{"href":"https:\/\/shop.xn--altmhl-bogensport-52b.de\/index.php?rest_route=\/wp\/v2\/product"}],"about":[{"href":"https:\/\/shop.xn--altmhl-bogensport-52b.de\/index.php?rest_route=\/wp\/v2\/types\/product"}],"replies":[{"embeddable":true,"href":"https:\/\/shop.xn--altmhl-bogensport-52b.de\/index.php?rest_route=%2Fwp%2Fv2%2Fcomments&post=1925"}],"wp:featuredmedia":[{"embeddable":true,"href":"https:\/\/shop.xn--altmhl-bogensport-52b.de\/index.php?rest_route=\/wp\/v2\/media\/1926"}],"wp:attachment":[{"href":"https:\/\/shop.xn--altmhl-bogensport-52b.de\/index.php?rest_route=%2Fwp%2Fv2%2Fmedia&parent=1925"}],"wp:term":[{"taxonomy":"product_brand","embeddable":true,"href":"https:\/\/shop.xn--altmhl-bogensport-52b.de\/index.php?rest_route=%2Fwp%2Fv2%2Fproduct_brand&post=1925"},{"taxonomy":"product_cat","embeddable":true,"href":"https:\/\/shop.xn--altmhl-bogensport-52b.de\/index.php?rest_route=%2Fwp%2Fv2%2Fproduct_cat&post=1925"},{"taxonomy":"product_tag","embeddable":true,"href":"https:\/\/shop.xn--altmhl-bogensport-52b.de\/index.php?rest_route=%2Fwp%2Fv2%2Fproduct_tag&post=1925"}],"curies":[{"name":"wp","href":"https:\/\/api.w.org\/{rel}","templated":true}]}}