{"id":1909,"date":"2021-09-18T14:28:48","date_gmt":"2021-09-18T14:28:48","guid":{"rendered":"https:\/\/shop.xn--altmhl-bogensport-52b.de\/?post_type=product&#038;p=1909"},"modified":"2025-01-08T18:44:27","modified_gmt":"2025-01-08T18:44:27","slug":"take-down-mohawk-hybrid-bubinga-62-zoll","status":"publish","type":"product","link":"https:\/\/shop.xn--altmhl-bogensport-52b.de\/?product=take-down-mohawk-hybrid-bubinga-62-zoll","title":{"rendered":"Take Down Mohawk Hybrid Bubinga 62 Zoll"},"content":{"rendered":"<p>Die Mohawk Bogenserie von Bodnik Bows ist in der ganzen Welt des Bogensports und der Bogenjagd ber\u00fchmt und legend\u00e4r! Die Form des Hybrid Bogens ist die perfekte Bogenform. Wurfverhalten, Leistung und Pr\u00e4zision sind in einem optimalen Verh\u00e4ltnis. Die Bogenbauer von BEARPAW PRODUCTS haben diese Wurfarme \u00fcber ein Jahr entwickelt und haben diesen ganz besonderen Bogen entworfen! Der Mohawk Hybrid wird in der Bogenmanufaktur Bodnik Bows hergestellt. Das Mittelteil unseres Mohawks ist eine stilvolle Kombination aus Bubinga mit Ahorn. Die Wurfarme werden aus Bambus gebaut und sind mit dem leistungsstarken BEARPAW Powerglas belegt.<\/p>\n<p>&nbsp;<\/p>\n<p>Der Mohawk Hybrid begeistert Bogensch\u00fctzen und Bogenj\u00e4ger in der ganzen Welt!<\/p>\n<ul>\n<li>Bogenl\u00e4nge: 62 Zoll<\/li>\n<li>Zuggewicht: 20 -55 lbs in 5 lbs Stufen<\/li>\n<li>Mittelteil: Bubinga mit Ahorn und Mycarta Akzentstreifen<\/li>\n<li>Wurfarme: Bambuskern, Stabil Core, mit Olive Furnier oder Schwarzglas und BEARPAW Powerglas<\/li>\n<li>Wurfarmzusatz: eine Lage Stabil Core<\/li>\n<li>Tips: mehrschichtiges Mycarta<\/li>\n<li>Griff: Pistolengriff<\/li>\n<li>Sehne: Whisper String<\/li>\n<li>Standh\u00f6he: 8 Zoll<\/li>\n<li>Qualit\u00e4t: German Quality<\/li>\n<li>Garantie: 30 Jahre Bodnik Bows Garantie*<\/li>\n<li>Lagerung: Der Bogen kann gespannt gelagert werden<\/li>\n<\/ul>\n<p>&nbsp;<\/p>\n<p>&nbsp;<\/p>\n<p><strong>Jeder einzelne Bodnik Bow wird in aufwendiger Handarbeit in unserer eigenen Manufaktur gebaut.<br \/>\n*Garantiebedingungen: F\u00fcr alle BODNIK BOWS gew\u00e4hrt BEARPAW 30 Jahre Garantie auf Br\u00fcche, Risse und Delaminierungen. Von der Garantie ausgeschlossen sind Verschlei\u00dfspuren, Sch\u00e4den durch grob fahrl\u00e4ssiges oder vors\u00e4tzliches Verhalten oder verdrehte Wurfarme nach einer Nutzungsdauer von 6 Monaten. Die Garantieleistung erfolgt durch Austausch oder Reparatur des Bogens. Die gesetzlichen Gew\u00e4hrleistungsrechte bleiben von dieser Garantie unber\u00fchrt und gelten unabh\u00e4ngig von dieser.<\/strong><\/p>\n<p>Abbildung kann vom Original abweichen.<\/p>\n<p>&nbsp;<\/p>\n<table class=\"table table-sm\">\n<tbody>\n<tr class=\"attr-custom\">\n<td class=\"attr-value\"><strong>Herstellername:<\/strong><br \/>\nBEARPAW GmbH<br \/>\n<strong>Anschrift:<\/strong><br \/>\nHannebach 30, 96269 Rossach<br \/>\n<strong>Herkunftsland:<\/strong><br \/>\nDeutschland<br \/>\n<strong>Webseite:<\/strong><br \/>\nhttps:\/\/www.bearpaw-products.de\/<br \/>\n<strong>Kontakt:<\/strong><br \/>\ninfo@bearpaw-products.com<br \/>\n<strong>Marke:<\/strong><br \/>\nBearpaw Products<\/td>\n<\/tr>\n<\/tbody>\n<\/table>\n","protected":false},"excerpt":{"rendered":"<p>Mohawk Hybrid bubinga 62 Zoll<\/p>\n","protected":false},"featured_media":1910,"comment_status":"open","ping_status":"closed","template":"","meta":[],"product_brand":[],"product_cat":[435],"product_tag":[30,589,590,591],"class_list":{"0":"post-1909","1":"product","2":"type-product","3":"status-publish","4":"has-post-thumbnail","6":"product_cat-hybridbogen","7":"product_tag-bearpaw","8":"product_tag-mohawk","9":"product_tag-hybrid","10":"product_tag-bubinga","12":"first","13":"outofstock","14":"taxable","15":"shipping-taxable","16":"purchasable","17":"product-type-variable"},"_links":{"self":[{"href":"https:\/\/shop.xn--altmhl-bogensport-52b.de\/index.php?rest_route=\/wp\/v2\/product\/1909","targetHints":{"allow":["GET"]}}],"collection":[{"href":"https:\/\/shop.xn--altmhl-bogensport-52b.de\/index.php?rest_route=\/wp\/v2\/product"}],"about":[{"href":"https:\/\/shop.xn--altmhl-bogensport-52b.de\/index.php?rest_route=\/wp\/v2\/types\/product"}],"replies":[{"embeddable":true,"href":"https:\/\/shop.xn--altmhl-bogensport-52b.de\/index.php?rest_route=%2Fwp%2Fv2%2Fcomments&post=1909"}],"wp:featuredmedia":[{"embeddable":true,"href":"https:\/\/shop.xn--altmhl-bogensport-52b.de\/index.php?rest_route=\/wp\/v2\/media\/1910"}],"wp:attachment":[{"href":"https:\/\/shop.xn--altmhl-bogensport-52b.de\/index.php?rest_route=%2Fwp%2Fv2%2Fmedia&parent=1909"}],"wp:term":[{"taxonomy":"product_brand","embeddable":true,"href":"https:\/\/shop.xn--altmhl-bogensport-52b.de\/index.php?rest_route=%2Fwp%2Fv2%2Fproduct_brand&post=1909"},{"taxonomy":"product_cat","embeddable":true,"href":"https:\/\/shop.xn--altmhl-bogensport-52b.de\/index.php?rest_route=%2Fwp%2Fv2%2Fproduct_cat&post=1909"},{"taxonomy":"product_tag","embeddable":true,"href":"https:\/\/shop.xn--altmhl-bogensport-52b.de\/index.php?rest_route=%2Fwp%2Fv2%2Fproduct_tag&post=1909"}],"curies":[{"name":"wp","href":"https:\/\/api.w.org\/{rel}","templated":true}]}}