{"id":1906,"date":"2021-09-18T13:51:51","date_gmt":"2021-09-18T13:51:51","guid":{"rendered":"https:\/\/shop.xn--altmhl-bogensport-52b.de\/?post_type=product&#038;p=1906"},"modified":"2022-01-07T11:51:23","modified_gmt":"2022-01-07T11:51:23","slug":"winkellampe-multi-led-klein-oliv-mil-tec","status":"publish","type":"product","link":"https:\/\/shop.xn--altmhl-bogensport-52b.de\/?product=winkellampe-multi-led-klein-oliv-mil-tec","title":{"rendered":"Winkellampe Multi-LED klein oliv Mil-Tec"},"content":{"rendered":"<p>Nachbau der US Winkellampe im Kleinformat mit LED-Licht.<br \/>\n&#8211; 6 leistungsstarke LED\u00b4s<br \/>\n&#8211; 4 Farbwahlm\u00f6glichkeiten: wei\u00df, rot, blau, gr\u00fcn<br \/>\n&#8211; Brenndauer 100-120 Std.<br \/>\n&#8211; Leuchtweite 20-30 m<br \/>\n&#8211; Batterien: 2xAA (nicht im Lieferumfang enthalten)<br \/>\n&#8211; Material: Kunststoff<br \/>\n&#8211; Metallclip<br \/>\n&#8211; L\u00e4nge: 16 cm \u00d8 3cm<\/p>\n","protected":false},"excerpt":{"rendered":"<p>Led Winkeltaschenlampe<\/p>\n","protected":false},"featured_media":1907,"comment_status":"open","ping_status":"closed","template":"","meta":[],"product_brand":[],"product_cat":[583,584],"product_tag":[585,586,587,588],"class_list":{"0":"post-1906","1":"product","2":"type-product","3":"status-publish","4":"has-post-thumbnail","6":"product_cat-licht-feuer","7":"product_cat-lampen","8":"product_tag-led-lampe","9":"product_tag-winkeltaschenlampe","10":"product_tag-taschenlampe","11":"product_tag-leuchte","13":"first","14":"instock","15":"taxable","16":"shipping-taxable","17":"purchasable","18":"product-type-simple"},"_links":{"self":[{"href":"https:\/\/shop.xn--altmhl-bogensport-52b.de\/index.php?rest_route=\/wp\/v2\/product\/1906","targetHints":{"allow":["GET"]}}],"collection":[{"href":"https:\/\/shop.xn--altmhl-bogensport-52b.de\/index.php?rest_route=\/wp\/v2\/product"}],"about":[{"href":"https:\/\/shop.xn--altmhl-bogensport-52b.de\/index.php?rest_route=\/wp\/v2\/types\/product"}],"replies":[{"embeddable":true,"href":"https:\/\/shop.xn--altmhl-bogensport-52b.de\/index.php?rest_route=%2Fwp%2Fv2%2Fcomments&post=1906"}],"wp:featuredmedia":[{"embeddable":true,"href":"https:\/\/shop.xn--altmhl-bogensport-52b.de\/index.php?rest_route=\/wp\/v2\/media\/1907"}],"wp:attachment":[{"href":"https:\/\/shop.xn--altmhl-bogensport-52b.de\/index.php?rest_route=%2Fwp%2Fv2%2Fmedia&parent=1906"}],"wp:term":[{"taxonomy":"product_brand","embeddable":true,"href":"https:\/\/shop.xn--altmhl-bogensport-52b.de\/index.php?rest_route=%2Fwp%2Fv2%2Fproduct_brand&post=1906"},{"taxonomy":"product_cat","embeddable":true,"href":"https:\/\/shop.xn--altmhl-bogensport-52b.de\/index.php?rest_route=%2Fwp%2Fv2%2Fproduct_cat&post=1906"},{"taxonomy":"product_tag","embeddable":true,"href":"https:\/\/shop.xn--altmhl-bogensport-52b.de\/index.php?rest_route=%2Fwp%2Fv2%2Fproduct_tag&post=1906"}],"curies":[{"name":"wp","href":"https:\/\/api.w.org\/{rel}","templated":true}]}}