{"id":1887,"date":"2021-09-15T18:48:52","date_gmt":"2021-09-15T18:48:52","guid":{"rendered":"https:\/\/shop.xn--altmhl-bogensport-52b.de\/?post_type=product&#038;p=1887"},"modified":"2026-01-26T17:25:54","modified_gmt":"2026-01-26T17:25:54","slug":"esbit-trockenbrennstoff-tabletten-20x4g-grillanzuender-kocher-camping-feuer","status":"publish","type":"product","link":"https:\/\/shop.xn--altmhl-bogensport-52b.de\/?product=esbit-trockenbrennstoff-tabletten-20x4g-grillanzuender-kocher-camping-feuer","title":{"rendered":"Esbit Trockenbrennstoff Tabletten 20x4g Grillanz\u00fcnder Kocher Camping Feuer"},"content":{"rendered":"<p>Die Orignal ESBIT Trockenbrennstofftabletten eignen sich hervorragend zum Kochen und Erw\u00e4rmen von Speisen und Getr\u00e4nken beim Camping und Outdoor sowie als Grillanz\u00fcnder und Feueranz\u00fcnder.<\/p>\n<p><strong>Vorteile:<\/strong><br \/>\n&#8211; funktioniert in gro\u00dfen H\u00f6hen wie auch bei Minusgraden<br \/>\n&#8211; keine sichtbare Rauchbildung<br \/>\n&#8211; kaum Verbrennungsr\u00fcckst\u00e4nde<br \/>\n&#8211; vielseitige Nutzungsm\u00f6glichkeiten<\/p>\n<p><strong>Daten<\/strong><br \/>\n&#8211; Brenndauer: ca. 5 Minuten \u00e1 Trockenbrennstofftab<br \/>\n&#8211; Packma\u00df: L 79cm x B 68cm x H 15cm<br \/>\n&#8211; Gewicht: 82g<\/p>\n<p><strong>Lieferumfang:<\/strong><br \/>\n1 Packung &#8211; 20x Trockenbrennstoff \u00e1 ca. 4g<\/p>\n","protected":false},"excerpt":{"rendered":"<p>Esbit W\u00fcrfel<\/p>\n","protected":false},"featured_media":1888,"comment_status":"open","ping_status":"closed","template":"","meta":[],"product_brand":[],"product_cat":[546,558],"product_tag":[550,566,567,568,541],"class_list":{"0":"post-1887","1":"product","2":"type-product","3":"status-publish","4":"has-post-thumbnail","6":"product_cat-survival","7":"product_cat-kuechen-kochen","8":"product_tag-camping","9":"product_tag-esbit","10":"product_tag-trockenbrennstoff","11":"product_tag-notfallkocher","12":"product_tag-survival","14":"first","15":"instock","16":"taxable","17":"shipping-taxable","18":"purchasable","19":"product-type-simple"},"_links":{"self":[{"href":"https:\/\/shop.xn--altmhl-bogensport-52b.de\/index.php?rest_route=\/wp\/v2\/product\/1887","targetHints":{"allow":["GET"]}}],"collection":[{"href":"https:\/\/shop.xn--altmhl-bogensport-52b.de\/index.php?rest_route=\/wp\/v2\/product"}],"about":[{"href":"https:\/\/shop.xn--altmhl-bogensport-52b.de\/index.php?rest_route=\/wp\/v2\/types\/product"}],"replies":[{"embeddable":true,"href":"https:\/\/shop.xn--altmhl-bogensport-52b.de\/index.php?rest_route=%2Fwp%2Fv2%2Fcomments&post=1887"}],"wp:featuredmedia":[{"embeddable":true,"href":"https:\/\/shop.xn--altmhl-bogensport-52b.de\/index.php?rest_route=\/wp\/v2\/media\/1888"}],"wp:attachment":[{"href":"https:\/\/shop.xn--altmhl-bogensport-52b.de\/index.php?rest_route=%2Fwp%2Fv2%2Fmedia&parent=1887"}],"wp:term":[{"taxonomy":"product_brand","embeddable":true,"href":"https:\/\/shop.xn--altmhl-bogensport-52b.de\/index.php?rest_route=%2Fwp%2Fv2%2Fproduct_brand&post=1887"},{"taxonomy":"product_cat","embeddable":true,"href":"https:\/\/shop.xn--altmhl-bogensport-52b.de\/index.php?rest_route=%2Fwp%2Fv2%2Fproduct_cat&post=1887"},{"taxonomy":"product_tag","embeddable":true,"href":"https:\/\/shop.xn--altmhl-bogensport-52b.de\/index.php?rest_route=%2Fwp%2Fv2%2Fproduct_tag&post=1887"}],"curies":[{"name":"wp","href":"https:\/\/api.w.org\/{rel}","templated":true}]}}