{"id":1845,"date":"2021-09-14T12:59:36","date_gmt":"2021-09-14T12:59:36","guid":{"rendered":"https:\/\/shop.xn--altmhl-bogensport-52b.de\/?post_type=product&#038;p=1845"},"modified":"2025-03-12T08:10:07","modified_gmt":"2025-03-12T08:10:07","slug":"feder-rw-shield-4-zoll-barred-gateway","status":"publish","type":"product","link":"https:\/\/shop.xn--altmhl-bogensport-52b.de\/?product=feder-rw-shield-4-zoll-barred-gateway","title":{"rendered":"Feder RW Shield 4 Zoll barred Gateway"},"content":{"rendered":"<p>Gateway Federn werden von Bogensch\u00fctzen auf der ganzen Welt f\u00fcr den Bau ihrer Pfeile benutzt.<\/p>\n<p>Insbesondere im traditionellen Bogensport sind Naturfedern wegen ihrer Sch\u00f6nheit und den tollen Eigenschaften nicht wegzudenken.<\/p>\n<p>Federn in der L\u00e4nge von 4 Zoll werden im Bereich des traditionellen Bogenschie\u00dfens wohl am h\u00e4ufigsten verwendet. Von niedrigen bis hohen Zuggewichten bevorzugen Bogensch\u00fctzen die k\u00fcrzeren Federn um eine h\u00f6here Pfeilgeschwindigkeit zu erreichen.<\/p>\n<p>Federn mit barred Farbmustern verleihen Ihrem Pfeil ein besonderes Aussehen und werden von Bogensch\u00fctzen auf der ganzen Welt zur Darstellung des eigenen Stils benutzt.<\/p>\n<ul>\n<li>Ausf\u00fchrung: Shield Form RW<\/li>\n<li>L\u00e4nge: 4 Zoll<\/li>\n<li>Farbstruktur: Barred<\/li>\n<li>Farben: Verschiedene Farben<\/li>\n<\/ul>\n<p><b>Im Untermen\u00fc k\u00f6nnen sie ihre ganz pers\u00f6nliche Wunschfarbe ausw\u00e4hlen!<\/b><\/p>\n","protected":false},"excerpt":{"rendered":"<p>4 Zoll shield Feder barred Gateway<\/p>\n","protected":false},"featured_media":1854,"comment_status":"open","ping_status":"closed","template":"","meta":[],"product_brand":[],"product_cat":[122,17],"product_tag":[111,113,123,563,564,565],"class_list":{"0":"post-1845","1":"product","2":"type-product","3":"status-publish","4":"has-post-thumbnail","6":"product_cat-naturfedern-4-zoll-rw","7":"product_cat-pfeilbau","8":"product_tag-feder","9":"product_tag-barred","10":"product_tag-4-zoll","11":"product_tag-gateway","12":"product_tag-shield","13":"product_tag-rechtsgewunden","15":"first","16":"instock","17":"taxable","18":"shipping-taxable","19":"purchasable","20":"product-type-variable"},"_links":{"self":[{"href":"https:\/\/shop.xn--altmhl-bogensport-52b.de\/index.php?rest_route=\/wp\/v2\/product\/1845","targetHints":{"allow":["GET"]}}],"collection":[{"href":"https:\/\/shop.xn--altmhl-bogensport-52b.de\/index.php?rest_route=\/wp\/v2\/product"}],"about":[{"href":"https:\/\/shop.xn--altmhl-bogensport-52b.de\/index.php?rest_route=\/wp\/v2\/types\/product"}],"replies":[{"embeddable":true,"href":"https:\/\/shop.xn--altmhl-bogensport-52b.de\/index.php?rest_route=%2Fwp%2Fv2%2Fcomments&post=1845"}],"wp:featuredmedia":[{"embeddable":true,"href":"https:\/\/shop.xn--altmhl-bogensport-52b.de\/index.php?rest_route=\/wp\/v2\/media\/1854"}],"wp:attachment":[{"href":"https:\/\/shop.xn--altmhl-bogensport-52b.de\/index.php?rest_route=%2Fwp%2Fv2%2Fmedia&parent=1845"}],"wp:term":[{"taxonomy":"product_brand","embeddable":true,"href":"https:\/\/shop.xn--altmhl-bogensport-52b.de\/index.php?rest_route=%2Fwp%2Fv2%2Fproduct_brand&post=1845"},{"taxonomy":"product_cat","embeddable":true,"href":"https:\/\/shop.xn--altmhl-bogensport-52b.de\/index.php?rest_route=%2Fwp%2Fv2%2Fproduct_cat&post=1845"},{"taxonomy":"product_tag","embeddable":true,"href":"https:\/\/shop.xn--altmhl-bogensport-52b.de\/index.php?rest_route=%2Fwp%2Fv2%2Fproduct_tag&post=1845"}],"curies":[{"name":"wp","href":"https:\/\/api.w.org\/{rel}","templated":true}]}}