{"id":1819,"date":"2021-09-13T17:32:34","date_gmt":"2021-09-13T17:32:34","guid":{"rendered":"https:\/\/shop.xn--altmhl-bogensport-52b.de\/?post_type=product&#038;p=1819"},"modified":"2025-01-05T14:45:48","modified_gmt":"2025-01-05T14:45:48","slug":"combat-ueberlebensset-mfh-36-teilig-oliv","status":"publish","type":"product","link":"https:\/\/shop.xn--altmhl-bogensport-52b.de\/?product=combat-ueberlebensset-mfh-36-teilig-oliv","title":{"rendered":"Combat \u00dcberlebensset MFH , 36-teilig, oliv"},"content":{"rendered":"<div class=\"content--title\">Produktinformationen &#8220;Combat \u00dcberlebensset, 36-teilig, oliv&#8221;<\/div>\n<div class=\"product--description\">\n<p>Dieses \u00dcberlebens-Set aus dem Hause MFH beinhaltet 36 unverzichtbare \u00dcberlebenshelfer ist ein &#8220;MUSS&#8221; f\u00fcr jeden Outdoor-Liebhaber.<\/p>\n<p>In einer kompakten und wasserdichten Box sind alle notwendigen Utensilien und eine \u00dcberlebensanleitung mit vielen n\u00fctzlichen Tipps und Tricks, die man ben\u00f6tigt, wenn man in der Wildnis auf sich alleine gestellt ist und in freier Natur \u00fcberleben will.<\/p>\n<p><strong>Dazu geh\u00f6ren:<\/strong><\/p>\n<ul>\n<li><span data-mce-mark=\"1\">Survivalanleitung und Unfallberichtsbogen<\/span><\/li>\n<li><span data-mce-mark=\"1\">Signalpfeife<\/span><\/li>\n<li><span data-mce-mark=\"1\">Bleistift<\/span><\/li>\n<li><span data-mce-mark=\"1\">10-teiliges N\u00e4hset und 4 Sicherheitsnadeln<\/span><\/li>\n<li><span data-mce-mark=\"1\">Angelset mit Schnur, 4 Haken und 2 St\u00fcck Blei<\/span><\/li>\n<li><span data-mce-mark=\"1\">Feuerstarter und 2 Wattezunder<\/span><\/li>\n<li><span data-mce-mark=\"1\">Universaldraht und Drahts\u00e4ge mit 2 Ringen<\/span><\/li>\n<li><span data-mce-mark=\"1\">Messer mit partiellem Wellenschliff<\/span><\/li>\n<li><span data-mce-mark=\"1\">(Klinge ca. 3,5 cm) mit \u00d6se und Kette<\/span><\/li>\n<li><span data-mce-mark=\"1\">Streichh\u00f6lzer und Kerze<\/span><\/li>\n<li><span data-mce-mark=\"1\">Minikompass<\/span><\/li>\n<\/ul>\n<p>&nbsp;<\/p>\n<p>Die\u00a0<strong>12 cm lange<\/strong>\u00a0und\u00a0<strong>10 cm breite oliv-farbene<\/strong>\u00a0Box l\u00e4sst sich ohne Probleme fast \u00fcberall verstauen, ohne viel Platz in Anspruch zu nehmen.<\/p>\n<p><strong>Im Lieferumfang enthalten:<\/strong><\/p>\n<ul>\n<li>1 \u00dcberlebensset &#8220;Combat&#8221; (36 tlg.)<\/li>\n<\/ul>\n<\/div>\n<p>&nbsp;<\/p>\n<p><strong>Herstellername:<\/strong><br \/>\nMax Fuchs AG<br \/>\n<strong>Anschrift:<\/strong><br \/>\nIndustriestrasse 1, 94078 Freyung<br \/>\n<strong>Herkunftsland:<\/strong><br \/>\nDeutschland<br \/>\n<strong>Webseite:<\/strong><br \/>\nhttps:\/\/max-fuchs.de\/<br \/>\n<strong>Kontakt:<\/strong><br \/>\ninfo@max-fuchs.de<br \/>\n<strong>Marke:<\/strong><br \/>\nMFH<\/p>\n","protected":false},"excerpt":{"rendered":"<p>MFH \u00dcberlebensset<\/p>\n","protected":false},"featured_media":1820,"comment_status":"open","ping_status":"closed","template":"","meta":[],"product_brand":[],"product_cat":[546,548],"product_tag":[541,549,550,551,552],"class_list":{"0":"post-1819","1":"product","2":"type-product","3":"status-publish","4":"has-post-thumbnail","6":"product_cat-survival","7":"product_cat-outdoor-artikel","8":"product_tag-survival","9":"product_tag-ueberlebensset","10":"product_tag-camping","11":"product_tag-outdoor","12":"product_tag-escape","14":"first","15":"instock","16":"taxable","17":"shipping-taxable","18":"purchasable","19":"product-type-simple"},"_links":{"self":[{"href":"https:\/\/shop.xn--altmhl-bogensport-52b.de\/index.php?rest_route=\/wp\/v2\/product\/1819","targetHints":{"allow":["GET"]}}],"collection":[{"href":"https:\/\/shop.xn--altmhl-bogensport-52b.de\/index.php?rest_route=\/wp\/v2\/product"}],"about":[{"href":"https:\/\/shop.xn--altmhl-bogensport-52b.de\/index.php?rest_route=\/wp\/v2\/types\/product"}],"replies":[{"embeddable":true,"href":"https:\/\/shop.xn--altmhl-bogensport-52b.de\/index.php?rest_route=%2Fwp%2Fv2%2Fcomments&post=1819"}],"wp:featuredmedia":[{"embeddable":true,"href":"https:\/\/shop.xn--altmhl-bogensport-52b.de\/index.php?rest_route=\/wp\/v2\/media\/1820"}],"wp:attachment":[{"href":"https:\/\/shop.xn--altmhl-bogensport-52b.de\/index.php?rest_route=%2Fwp%2Fv2%2Fmedia&parent=1819"}],"wp:term":[{"taxonomy":"product_brand","embeddable":true,"href":"https:\/\/shop.xn--altmhl-bogensport-52b.de\/index.php?rest_route=%2Fwp%2Fv2%2Fproduct_brand&post=1819"},{"taxonomy":"product_cat","embeddable":true,"href":"https:\/\/shop.xn--altmhl-bogensport-52b.de\/index.php?rest_route=%2Fwp%2Fv2%2Fproduct_cat&post=1819"},{"taxonomy":"product_tag","embeddable":true,"href":"https:\/\/shop.xn--altmhl-bogensport-52b.de\/index.php?rest_route=%2Fwp%2Fv2%2Fproduct_tag&post=1819"}],"curies":[{"name":"wp","href":"https:\/\/api.w.org\/{rel}","templated":true}]}}