{"id":179,"date":"2019-09-29T17:35:10","date_gmt":"2019-09-29T17:35:10","guid":{"rendered":"http:\/\/shop.xn--altmhl-bogensport-52b.de\/?post_type=product&#038;p=179"},"modified":"2025-10-26T15:40:49","modified_gmt":"2025-10-26T15:40:49","slug":"legend-archery-xt-520-release-pouch-guerteltasche","status":"publish","type":"product","link":"https:\/\/shop.xn--altmhl-bogensport-52b.de\/?product=legend-archery-xt-520-release-pouch-guerteltasche","title":{"rendered":"LEGEND ARCHERY XT-520 &#8211; Release Pouch &#8211; G\u00fcrteltasche"},"content":{"rendered":"<p>Die XT520 G\u00fcrteltasche von LEGEND ARCHERY ist optisch gelungen, ihr auff\u00e4lliges Design steht dem praktischen Nutzen in nichts nach. Hergestellt aus robustem Nylongewebe mit auff\u00e4lliger Wabenoptik eignet sie sich hervorragend zur Unterbringung des Fingertabs oder Release. Nat\u00fcrlich kann aber auch anderes Zubeh\u00f6r im gepolsterten Innenraum sicher und stets griffbereit verstaut werden.Der Innenraum ist daf\u00fcr \u00fcbrigens durch einen Trennsteg in zwei Bereiche unterteilt. Die Tasche nimmt auch super eine Trinkflasche auf<\/p>\n<p>Der Verschluss der Tasche erfolgt \u00fcber ein Zugband. Eine weiteres Fach befindet sich auf der R\u00fcckseite der Tasche und wird mit einem Rei\u00dfverschluss verschlossen.<\/p>\n<p><strong>Eigenschaften:<\/strong><\/p>\n<ul>\n<li>Perfekt zur Unterbringung des Fingertabs oder Releases<\/li>\n<li>Haupttasche mit Kordelverschluss<\/li>\n<li>Tasche auf der R\u00fcckseite mit Rei\u00dfverschluss<\/li>\n<li>Interner Teiler zur\u00a0besseren Organisation des Hauptfachs<\/li>\n<li>Stabile G\u00fcrtellasche<\/li>\n<li>Acht auff\u00e4llige Farboptionen verf\u00fcgbar<\/li>\n<\/ul>\n<p><strong>Lieferumfang:<\/strong><br \/>\n1 St\u00fcck<\/p>\n<p>&nbsp;<\/p>\n<table class=\"table table-sm\">\n<tbody>\n<tr class=\"attr-custom\">\n<td><b>Herstellerangaben<\/b>:<\/td>\n<td class=\"attr-value\"><strong>Herstellername:<\/strong><br \/>\nLEGEND OUTDOOR INDUSTRIES LLC<br \/>\n<strong>Anschrift:<\/strong><br \/>\n16192 Coastal Highway, Lewes &#8211; 19958 Delaware<br \/>\n<strong>Herkunftsland:<\/strong><br \/>\nUSA<br \/>\n<strong>Webseite:<\/strong><br \/>\nhttps:\/\/legendarchery.com\/<br \/>\n<strong>Kontakt:<\/strong><br \/>\ncust@legendarchery.com<br \/>\n<strong>Marke:<\/strong><br \/>\nLegend<\/td>\n<\/tr>\n<tr class=\"attr-custom\">\n<td><b>Verantwortliche Person<\/b>:<\/td>\n<td class=\"attr-value\"><strong>verantwortliche Person:<\/strong><br \/>\nJVD Group B.V.<br \/>\n<strong>Anschrift:<\/strong><br \/>\nLooier 9, 5253 RA Nieuwkuijk<br \/>\n<strong>Herkunftsland:<\/strong><br \/>\nNiederlande<br \/>\n<strong>Kontakt:<\/strong><br \/>\ncontact@jvd-group.com<\/td>\n<\/tr>\n<\/tbody>\n<\/table>\n","protected":false},"excerpt":{"rendered":"<p>Release Pouch Legend Archery<\/p>\n","protected":false},"featured_media":180,"comment_status":"open","ping_status":"closed","template":"","meta":[],"product_brand":[],"product_cat":[75,454],"product_tag":[76,79,80,848],"class_list":{"0":"post-179","1":"product","2":"type-product","3":"status-publish","4":"has-post-thumbnail","6":"product_cat-guerteltaschen","7":"product_cat-seitenkoecher","8":"product_tag-guerteltasche","9":"product_tag-releasepouch","10":"product_tag-legend-archery","11":"product_tag-flaschentasche","13":"first","14":"onbackorder","15":"sale","16":"taxable","17":"shipping-taxable","18":"purchasable","19":"product-type-variable"},"_links":{"self":[{"href":"https:\/\/shop.xn--altmhl-bogensport-52b.de\/index.php?rest_route=\/wp\/v2\/product\/179","targetHints":{"allow":["GET"]}}],"collection":[{"href":"https:\/\/shop.xn--altmhl-bogensport-52b.de\/index.php?rest_route=\/wp\/v2\/product"}],"about":[{"href":"https:\/\/shop.xn--altmhl-bogensport-52b.de\/index.php?rest_route=\/wp\/v2\/types\/product"}],"replies":[{"embeddable":true,"href":"https:\/\/shop.xn--altmhl-bogensport-52b.de\/index.php?rest_route=%2Fwp%2Fv2%2Fcomments&post=179"}],"wp:featuredmedia":[{"embeddable":true,"href":"https:\/\/shop.xn--altmhl-bogensport-52b.de\/index.php?rest_route=\/wp\/v2\/media\/180"}],"wp:attachment":[{"href":"https:\/\/shop.xn--altmhl-bogensport-52b.de\/index.php?rest_route=%2Fwp%2Fv2%2Fmedia&parent=179"}],"wp:term":[{"taxonomy":"product_brand","embeddable":true,"href":"https:\/\/shop.xn--altmhl-bogensport-52b.de\/index.php?rest_route=%2Fwp%2Fv2%2Fproduct_brand&post=179"},{"taxonomy":"product_cat","embeddable":true,"href":"https:\/\/shop.xn--altmhl-bogensport-52b.de\/index.php?rest_route=%2Fwp%2Fv2%2Fproduct_cat&post=179"},{"taxonomy":"product_tag","embeddable":true,"href":"https:\/\/shop.xn--altmhl-bogensport-52b.de\/index.php?rest_route=%2Fwp%2Fv2%2Fproduct_tag&post=179"}],"curies":[{"name":"wp","href":"https:\/\/api.w.org\/{rel}","templated":true}]}}