{"id":1752,"date":"2021-09-08T11:34:04","date_gmt":"2021-09-08T11:34:04","guid":{"rendered":"https:\/\/shop.xn--altmhl-bogensport-52b.de\/?post_type=product&#038;p=1752"},"modified":"2025-01-05T09:43:15","modified_gmt":"2025-01-05T09:43:15","slug":"ibb-grosser-keiler-15kg","status":"publish","type":"product","link":"https:\/\/shop.xn--altmhl-bogensport-52b.de\/?product=ibb-grosser-keiler-15kg","title":{"rendered":"IBB gro\u00dfer Keiler 15kg"},"content":{"rendered":"<div class=\"content--title\">Produktinformationen &#8220;IBB 3D Tier gro\u00dfer &amp; m\u00e4chtiger Keiler&#8221;<\/div>\n<div class=\"product--description\">\n<h2>IBB 3D Tier Gro\u00dfer &amp; m\u00e4chtiger Keiler<\/h2>\n<p>Unser<strong>\u00a0IBB 3D Tier<\/strong>\u00a0<strong>Keiler<\/strong>\u00a0geh\u00f6rt zu den gr\u00f6\u00dften\u00a0<strong>3D Tieren<\/strong>\u00a0unter den\u00a0<strong>Wildschweinen<\/strong>, auch im Vergleich mit anderen Herstellern, er ist gigantisch.<\/p>\n<p>Dieser sehr\u00a0<strong>gro\u00dfe 3D Tier<\/strong>\u00a0<strong>Keiler<\/strong>\u00a0besitzt eine lebensechte Haltung mit gro\u00dfartigen Merkmalen. Er wirkt sehr lebendig, dass man ihn mit einem realen\u00a0<strong>Keiler<\/strong>\u00a0verwechseln k\u00f6nnte. Wir haben diesen\u00a0<strong>IBB 3D Tier Keiler<\/strong>\u00a01-teilig gemacht. Der\u00a0<strong>IBB 3D Tier Keiler<\/strong> macht richtig was her, er entspricht in etwa einem\u00a0<strong>Keiler<\/strong> der ca. 130 kg Lebendgewicht haben d\u00fcrfte.<\/p>\n<p>Dank der Herstellung unseres hervorragenden und einzigartigen\u00a0<strong>3D Tier<\/strong>\u00a0<strong>Schaums\u00a0<\/strong>in Premiumqualit\u00e4t, lassen sich die\u00a0<strong>Pfeile<\/strong>\u00a0leicht aus dem\u00a0<strong>3D<\/strong>\u00a0<strong>Tier<\/strong>\u00a0herausziehen, die L\u00f6cher schlie\u00dfen sich sehr schnell und sind kaum sichtbar. Zudem ist es uns gelungen den\u00a0<strong>3D Tier<\/strong>\u00a0Schaum extrem leicht zu machen, was das Handling der\u00a0<strong>3D Tiere<\/strong>\u00a0beim Stellen auf den\u00a0<strong>3D<\/strong>\u00a0Parcours extrem erleichtert.<\/p>\n<h3>Hier noch ein paar technische Daten:<\/h3>\n<ul>\n<li>Gruppe IFAA 1<\/li>\n<li>Gewicht ca. 15,5 kg<\/li>\n<li>114 x 74 x 35 cm<\/li>\n<li>Made in Germany &#8211; im Hause Beier<\/li>\n<li>Versand kann per DHL gemacht werden, keine Spedition<\/li>\n<li>Abholung vor Ort bevorzugt!<\/li>\n<\/ul>\n<\/div>\n<div class=\"product--properties panel has--border\">\n<table class=\"product--properties-table\">\n<tbody>\n<tr class=\"product--properties-row\">\n<td class=\"product--properties-label is--bold\">IFAA Kategorie:<\/td>\n<td class=\"product--properties-value\">Gruppe 1<\/td>\n<\/tr>\n<\/tbody>\n<\/table>\n<\/div>\n<p>&nbsp;<\/p>\n<p><strong>Herstellername:<\/strong><br \/>\nBeier Distribution GmbH<br \/>\n<strong>Anschrift:<\/strong><br \/>\nPyramidenweg 20, 96253 Untersiemau<br \/>\n<strong>Herkunftsland:<\/strong><br \/>\nDeutschland<br \/>\n<strong>Webseite:<\/strong><br \/>\nhttps:\/\/www.bogensport-beier.de\/<br \/>\n<strong>Kontakt:<\/strong><br \/>\ncontact@bogensport-beier.de<br \/>\n<strong>Marke:<\/strong><br \/>\nBeier<\/p>\n","protected":false},"excerpt":{"rendered":"<p>IBB gro\u00dfer Keiler<\/p>\n","protected":false},"featured_media":1753,"comment_status":"open","ping_status":"closed","template":"","meta":[],"product_brand":[],"product_cat":[506],"product_tag":[507,524,528,177],"class_list":{"0":"post-1752","1":"product","2":"type-product","3":"status-publish","4":"has-post-thumbnail","6":"product_cat-ibb-by-beier-3d-ziele","7":"product_tag-ibb","8":"product_tag-wildschwein","9":"product_tag-keiler","10":"product_tag-3d-ziel","12":"first","13":"outofstock","14":"taxable","15":"shipping-taxable","16":"purchasable","17":"product-type-simple"},"_links":{"self":[{"href":"https:\/\/shop.xn--altmhl-bogensport-52b.de\/index.php?rest_route=\/wp\/v2\/product\/1752","targetHints":{"allow":["GET"]}}],"collection":[{"href":"https:\/\/shop.xn--altmhl-bogensport-52b.de\/index.php?rest_route=\/wp\/v2\/product"}],"about":[{"href":"https:\/\/shop.xn--altmhl-bogensport-52b.de\/index.php?rest_route=\/wp\/v2\/types\/product"}],"replies":[{"embeddable":true,"href":"https:\/\/shop.xn--altmhl-bogensport-52b.de\/index.php?rest_route=%2Fwp%2Fv2%2Fcomments&post=1752"}],"wp:featuredmedia":[{"embeddable":true,"href":"https:\/\/shop.xn--altmhl-bogensport-52b.de\/index.php?rest_route=\/wp\/v2\/media\/1753"}],"wp:attachment":[{"href":"https:\/\/shop.xn--altmhl-bogensport-52b.de\/index.php?rest_route=%2Fwp%2Fv2%2Fmedia&parent=1752"}],"wp:term":[{"taxonomy":"product_brand","embeddable":true,"href":"https:\/\/shop.xn--altmhl-bogensport-52b.de\/index.php?rest_route=%2Fwp%2Fv2%2Fproduct_brand&post=1752"},{"taxonomy":"product_cat","embeddable":true,"href":"https:\/\/shop.xn--altmhl-bogensport-52b.de\/index.php?rest_route=%2Fwp%2Fv2%2Fproduct_cat&post=1752"},{"taxonomy":"product_tag","embeddable":true,"href":"https:\/\/shop.xn--altmhl-bogensport-52b.de\/index.php?rest_route=%2Fwp%2Fv2%2Fproduct_tag&post=1752"}],"curies":[{"name":"wp","href":"https:\/\/api.w.org\/{rel}","templated":true}]}}