{"id":1748,"date":"2021-09-08T11:23:56","date_gmt":"2021-09-08T11:23:56","guid":{"rendered":"https:\/\/shop.xn--altmhl-bogensport-52b.de\/?post_type=product&#038;p=1748"},"modified":"2025-01-05T09:45:14","modified_gmt":"2025-01-05T09:45:14","slug":"ibb-3d-tier-kauz","status":"publish","type":"product","link":"https:\/\/shop.xn--altmhl-bogensport-52b.de\/?product=ibb-3d-tier-kauz","title":{"rendered":"IBB 3D Tier Kauz"},"content":{"rendered":"<div class=\"content--title\">Produktinformationen &#8220;IBB 3D Tier Kauz&#8221;<\/div>\n<div class=\"product--description\">\n<h2>IBB 3D Tier Kauz<\/h2>\n<h3>Der IBB 3D Tier Kauz ist der konsteng\u00fcnstige Kauz unter den K\u00e4uzen<\/h3>\n<p>Das\u00a0<strong>IBB 3D Tier Kauz<\/strong>\u00a0von by Beier Germany ist f\u00fcr Bogensch\u00fctzen eine echte Herausforderung. Das\u00a0<strong>3D Tier Kauz IBB<\/strong>\u00a0ist auf vielen\u00a0<strong>3D<\/strong>\u00a0Parcours zum Bogenschie\u00dfen zu Hause.<\/p>\n<p>Auch dieses<strong>\u00a03D Tier von IBB<\/strong>\u00a0wird mit einem speziellen PU &#8211; Schaum hergestellt, der sich durch hervorragende Eigenschaften auszeichnet:<\/p>\n<ul type=\"disc\">\n<li>Authentische Optik, mit viel Liebe zum Detail<\/li>\n<li>Kinderleichtes Ziehen der Pfeile<\/li>\n<li>Unser PU Schaum ist UV-resistent<\/li>\n<li>PU Schaum ist witterungsbest\u00e4ndig<\/li>\n<li>Stoppt jeden Pfeil<\/li>\n<li>Schaum selbstschlie\u00dfend, die L\u00f6cher schlie\u00dfen sich wieder \u201eself healing effect\u201c<\/li>\n<li>Made in Germany<\/li>\n<\/ul>\n<h4>Technische Details:<\/h4>\n<ul>\n<li>IFAA Kategorie 4<\/li>\n<li>28 x 18 x 12 cm<\/li>\n<\/ul>\n<\/div>\n<div class=\"product--properties panel has--border\">\n<table class=\"product--properties-table\">\n<tbody>\n<tr class=\"product--properties-row\">\n<td class=\"product--properties-label is--bold\">IFAA Kategorie:<\/td>\n<td class=\"product--properties-value\">Gruppe 4<\/td>\n<\/tr>\n<\/tbody>\n<\/table>\n<\/div>\n<p>&nbsp;<\/p>\n<p><strong>Herstellername:<\/strong><br \/>\nBeier Distribution GmbH<br \/>\n<strong>Anschrift:<\/strong><br \/>\nPyramidenweg 20, 96253 Untersiemau<br \/>\n<strong>Herkunftsland:<\/strong><br \/>\nDeutschland<br \/>\n<strong>Webseite:<\/strong><br \/>\nhttps:\/\/www.bogensport-beier.de\/<br \/>\n<strong>Kontakt:<\/strong><br \/>\ncontact@bogensport-beier.de<br \/>\n<strong>Marke:<\/strong><br \/>\nBeier<\/p>\n","protected":false},"excerpt":{"rendered":"<p>3D Tier Kauz<\/p>\n","protected":false},"featured_media":1749,"comment_status":"open","ping_status":"closed","template":"","meta":[],"product_brand":[],"product_cat":[506],"product_tag":[177,221,507,517,713],"class_list":{"0":"post-1748","1":"product","2":"type-product","3":"status-publish","4":"has-post-thumbnail","6":"product_cat-ibb-by-beier-3d-ziele","7":"product_tag-3d-ziel","8":"product_tag-kauz","9":"product_tag-ibb","10":"product_tag-blasrohr","11":"product_tag-spassziel","13":"first","14":"instock","15":"taxable","16":"shipping-taxable","17":"purchasable","18":"product-type-simple"},"_links":{"self":[{"href":"https:\/\/shop.xn--altmhl-bogensport-52b.de\/index.php?rest_route=\/wp\/v2\/product\/1748","targetHints":{"allow":["GET"]}}],"collection":[{"href":"https:\/\/shop.xn--altmhl-bogensport-52b.de\/index.php?rest_route=\/wp\/v2\/product"}],"about":[{"href":"https:\/\/shop.xn--altmhl-bogensport-52b.de\/index.php?rest_route=\/wp\/v2\/types\/product"}],"replies":[{"embeddable":true,"href":"https:\/\/shop.xn--altmhl-bogensport-52b.de\/index.php?rest_route=%2Fwp%2Fv2%2Fcomments&post=1748"}],"wp:featuredmedia":[{"embeddable":true,"href":"https:\/\/shop.xn--altmhl-bogensport-52b.de\/index.php?rest_route=\/wp\/v2\/media\/1749"}],"wp:attachment":[{"href":"https:\/\/shop.xn--altmhl-bogensport-52b.de\/index.php?rest_route=%2Fwp%2Fv2%2Fmedia&parent=1748"}],"wp:term":[{"taxonomy":"product_brand","embeddable":true,"href":"https:\/\/shop.xn--altmhl-bogensport-52b.de\/index.php?rest_route=%2Fwp%2Fv2%2Fproduct_brand&post=1748"},{"taxonomy":"product_cat","embeddable":true,"href":"https:\/\/shop.xn--altmhl-bogensport-52b.de\/index.php?rest_route=%2Fwp%2Fv2%2Fproduct_cat&post=1748"},{"taxonomy":"product_tag","embeddable":true,"href":"https:\/\/shop.xn--altmhl-bogensport-52b.de\/index.php?rest_route=%2Fwp%2Fv2%2Fproduct_tag&post=1748"}],"curies":[{"name":"wp","href":"https:\/\/api.w.org\/{rel}","templated":true}]}}