{"id":1701,"date":"2021-09-06T09:36:55","date_gmt":"2021-09-06T09:36:55","guid":{"rendered":"https:\/\/shop.xn--altmhl-bogensport-52b.de\/?post_type=product&#038;p=1701"},"modified":"2022-04-09T13:25:48","modified_gmt":"2022-04-09T13:25:48","slug":"eleven-target-3d-marder-stehend-3d-target","status":"publish","type":"product","link":"https:\/\/shop.xn--altmhl-bogensport-52b.de\/?product=eleven-target-3d-marder-stehend-3d-target","title":{"rendered":"Eleven Target 3D Marder stehend 3D Target"},"content":{"rendered":"<h4>Ein kleines aber anspruchsvolles Ziel auch f\u00fcr Zuhause, z.B. f\u00fcr das Training im Garten<\/h4>\n<h4><\/h4>\n<h4>Beschreibung<\/h4>\n<div>ELEVEN Target 3D &#8211; Marder<\/div>\n<div><strong>\u00a0<\/strong><\/div>\n<div>ELEVEN 3D Ziele bieten mehr f\u00fcr Ihr Geld. Denn ELEVEN verwendet f\u00fcr seine 3D Ziele mehr Material als andere Hersteller. Dadurch sind sie deutlich langlebiger und robuster als andere. Das dabei verwendete Easy-Pull-Material (EP) stoppt die Pfeile effektiv und schonend und erm\u00f6glicht ein\u00a0extrem leichtes Herausziehen. Die entstandenen Einschussl\u00f6cher verschlie\u00dfen sich anschlie\u00dfend von selbst.<\/div>\n<div>Alle 3D Ziele sind zudem nicht einfach nur lackiert, sondern durchgef\u00e4rbt. Dadurch verblassen die Farben nicht oder platzen beim Herausziehen der Pfeile\u00a0ab. (Nur einzelne, kleine Bereiche k\u00f6nnen\u00a0aufgemalt sein.)<\/div>\n<div><\/div>\n<div>Ma\u00dfe:<\/div>\n<div>Breite: 17cm<\/div>\n<div>H\u00f6he: 39cm<\/div>\n<div>Tiefe: 18cm<\/div>\n<div>Gewicht:\u00a01,9 kg<\/div>\n<div><\/div>\n<div>Material:\u00a0Easy-Pull<\/div>\n<div><\/div>\n<div>IFAA-Gruppe:\u00a04<\/div>\n","protected":false},"excerpt":{"rendered":"<p>Eleven Marder<\/p>\n","protected":false},"featured_media":1702,"comment_status":"open","ping_status":"closed","template":"","meta":[],"product_brand":[],"product_cat":[519],"product_tag":[177,387,520],"class_list":{"0":"post-1701","1":"product","2":"type-product","3":"status-publish","4":"has-post-thumbnail","6":"product_cat-eleven","7":"product_tag-3d-ziel","8":"product_tag-marder","9":"product_tag-eleven","11":"first","12":"outofstock","13":"taxable","14":"shipping-taxable","15":"purchasable","16":"product-type-simple"},"_links":{"self":[{"href":"https:\/\/shop.xn--altmhl-bogensport-52b.de\/index.php?rest_route=\/wp\/v2\/product\/1701","targetHints":{"allow":["GET"]}}],"collection":[{"href":"https:\/\/shop.xn--altmhl-bogensport-52b.de\/index.php?rest_route=\/wp\/v2\/product"}],"about":[{"href":"https:\/\/shop.xn--altmhl-bogensport-52b.de\/index.php?rest_route=\/wp\/v2\/types\/product"}],"replies":[{"embeddable":true,"href":"https:\/\/shop.xn--altmhl-bogensport-52b.de\/index.php?rest_route=%2Fwp%2Fv2%2Fcomments&post=1701"}],"wp:featuredmedia":[{"embeddable":true,"href":"https:\/\/shop.xn--altmhl-bogensport-52b.de\/index.php?rest_route=\/wp\/v2\/media\/1702"}],"wp:attachment":[{"href":"https:\/\/shop.xn--altmhl-bogensport-52b.de\/index.php?rest_route=%2Fwp%2Fv2%2Fmedia&parent=1701"}],"wp:term":[{"taxonomy":"product_brand","embeddable":true,"href":"https:\/\/shop.xn--altmhl-bogensport-52b.de\/index.php?rest_route=%2Fwp%2Fv2%2Fproduct_brand&post=1701"},{"taxonomy":"product_cat","embeddable":true,"href":"https:\/\/shop.xn--altmhl-bogensport-52b.de\/index.php?rest_route=%2Fwp%2Fv2%2Fproduct_cat&post=1701"},{"taxonomy":"product_tag","embeddable":true,"href":"https:\/\/shop.xn--altmhl-bogensport-52b.de\/index.php?rest_route=%2Fwp%2Fv2%2Fproduct_tag&post=1701"}],"curies":[{"name":"wp","href":"https:\/\/api.w.org\/{rel}","templated":true}]}}